{"id":93,"date":"2018-01-11T20:01:35","date_gmt":"2018-01-11T19:01:35","guid":{"rendered":"http:\/\/michelcremerfoundation.eu\/?page_id=93"},"modified":"2018-04-23T10:10:05","modified_gmt":"2018-04-23T08:10:05","slug":"nos-activites","status":"publish","type":"page","link":"https:\/\/michelcremerfoundation.eu\/index.php\/nos-activites\/","title":{"rendered":"Nos activit\u00e9s"},"content":{"rendered":"<div class=\"fusion-fullwidth fullwidth-box fusion-builder-row-1 nonhundred-percent-fullwidth non-hundred-percent-height-scrolling\" style=\"background-color: rgba(255,255,255,0);background-position: center center;background-repeat: no-repeat;padding-top:0px;padding-right:0px;padding-bottom:0px;padding-left:0px;margin-bottom: 0px;margin-top: 0px;border-width: 0px 0px 0px 0px;border-color:#eae9e9;border-style:solid;\" ><div class=\"fusion-builder-row fusion-row\"><div class=\"fusion-layout-column fusion_builder_column fusion-builder-column-0 fusion_builder_column_1_1 1_1 fusion-one-full fusion-column-first fusion-column-last\" style=\"margin-top:0px;margin-bottom:0px;\"><div class=\"fusion-column-wrapper fusion-flex-column-wrapper-legacy\" style=\"background-position:left top;background-repeat:no-repeat;-webkit-background-size:cover;-moz-background-size:cover;-o-background-size:cover;background-size:cover;padding: 0px 0px 0px 0px;\"><div class=\"fusion-text fusion-text-1\"><ul>\n<li>\u00e0<strong> financer des bourses de recherche<\/strong> destin\u00e9es\u00a0aux m\u00e9decins et\u00a0\u00a0aux ing\u00e9nieurs ; ces bourses sont attrtibu\u00e9es par un comit\u00e9 scientifique,<\/li>\n<li>\u00e0<strong> transmettre les r\u00e9sultats<\/strong> de recherche via des formations et s\u00e9minaires pointus organis\u00e9s \u00e0 l\u2019\u00e9chelle internationale afin d\u2019\u00e9valuer les progr\u00e8s des m\u00e9decins et du personnel soignant dans le cadre de la mise en \u0153uvre de nouvelles techniques<\/li>\n<li>\u00e0<strong> mettre \u00e0 disposition des infrastructures adapt\u00e9es<\/strong> qui h\u00e9bergeront les activit\u00e9s de recherche conjointe ainsi que les \u00e9valuations pratiques en situation r\u00e9ell<\/li>\n<li>\u00e0<strong> rendre<\/strong> <strong>ces technologies accessibles au plus grand nombre.<\/strong><\/li>\n<\/ul>\n<\/div><div class=\"fusion-clearfix\"><\/div><\/div><\/div><\/div><\/div>\n","protected":false},"excerpt":{"rendered":"","protected":false},"author":1,"featured_media":0,"parent":0,"menu_order":0,"comment_status":"closed","ping_status":"closed","template":"","meta":{"give_campaign_id":0,"footnotes":""},"class_list":["post-93","page","type-page","status-publish","hentry"],"yoast_head":"<!-- This site is optimized with the Yoast SEO plugin v27.3 - https:\/\/yoast.com\/product\/yoast-seo-wordpress\/ -->\n<title>Nos activit\u00e9s - Fondation Michel Cremer<\/title>\n<meta name=\"robots\" content=\"index, follow, max-snippet:-1, max-image-preview:large, max-video-preview:-1\" \/>\n<link rel=\"canonical\" href=\"https:\/\/michelcremerfoundation.eu\/index.php\/nos-activites\/\" \/>\n<meta property=\"og:locale\" content=\"fr_FR\" \/>\n<meta property=\"og:type\" content=\"article\" \/>\n<meta property=\"og:title\" content=\"Nos activit\u00e9s - Fondation Michel Cremer\" \/>\n<meta property=\"og:url\" content=\"https:\/\/michelcremerfoundation.eu\/index.php\/nos-activites\/\" \/>\n<meta property=\"og:site_name\" content=\"Fondation Michel Cremer\" \/>\n<meta property=\"article:publisher\" content=\"https:\/\/www.facebook.com\/fondationmichelcremer\" \/>\n<meta property=\"article:modified_time\" content=\"2018-04-23T08:10:05+00:00\" \/>\n<meta property=\"og:image\" content=\"https:\/\/michelcremerfoundation.eu\/wp-content\/uploads\/2018\/06\/FMC-LOGO-NEW-TXT-NOIR.png\" \/>\n\t<meta property=\"og:image:width\" content=\"1662\" \/>\n\t<meta property=\"og:image:height\" content=\"1598\" \/>\n\t<meta property=\"og:image:type\" content=\"image\/png\" \/>\n<meta name=\"twitter:card\" content=\"summary_large_image\" \/>\n<meta name=\"twitter:label1\" content=\"Dur\u00e9e de lecture estim\u00e9e\" \/>\n\t<meta name=\"twitter:data1\" content=\"1 minute\" \/>\n<script type=\"application\/ld+json\" class=\"yoast-schema-graph\">{\"@context\":\"https:\\\/\\\/schema.org\",\"@graph\":[{\"@type\":\"WebPage\",\"@id\":\"https:\\\/\\\/michelcremerfoundation.eu\\\/index.php\\\/nos-activites\\\/\",\"url\":\"https:\\\/\\\/michelcremerfoundation.eu\\\/index.php\\\/nos-activites\\\/\",\"name\":\"Nos activit\u00e9s - Fondation Michel Cremer\",\"isPartOf\":{\"@id\":\"https:\\\/\\\/michelcremerfoundation.eu\\\/#website\"},\"datePublished\":\"2018-01-11T19:01:35+00:00\",\"dateModified\":\"2018-04-23T08:10:05+00:00\",\"breadcrumb\":{\"@id\":\"https:\\\/\\\/michelcremerfoundation.eu\\\/index.php\\\/nos-activites\\\/#breadcrumb\"},\"inLanguage\":\"fr-FR\",\"potentialAction\":[{\"@type\":\"ReadAction\",\"target\":[\"https:\\\/\\\/michelcremerfoundation.eu\\\/index.php\\\/nos-activites\\\/\"]}]},{\"@type\":\"BreadcrumbList\",\"@id\":\"https:\\\/\\\/michelcremerfoundation.eu\\\/index.php\\\/nos-activites\\\/#breadcrumb\",\"itemListElement\":[{\"@type\":\"ListItem\",\"position\":1,\"name\":\"Accueil\",\"item\":\"https:\\\/\\\/michelcremerfoundation.eu\\\/\"},{\"@type\":\"ListItem\",\"position\":2,\"name\":\"Nos activit\u00e9s\"}]},{\"@type\":\"WebSite\",\"@id\":\"https:\\\/\\\/michelcremerfoundation.eu\\\/#website\",\"url\":\"https:\\\/\\\/michelcremerfoundation.eu\\\/\",\"name\":\"Fondation Michel Cremer\",\"description\":\"Ensemble, vers la m\u00e9decine du futur\",\"publisher\":{\"@id\":\"https:\\\/\\\/michelcremerfoundation.eu\\\/#organization\"},\"potentialAction\":[{\"@type\":\"SearchAction\",\"target\":{\"@type\":\"EntryPoint\",\"urlTemplate\":\"https:\\\/\\\/michelcremerfoundation.eu\\\/?s={search_term_string}\"},\"query-input\":{\"@type\":\"PropertyValueSpecification\",\"valueRequired\":true,\"valueName\":\"search_term_string\"}}],\"inLanguage\":\"fr-FR\"},{\"@type\":\"Organization\",\"@id\":\"https:\\\/\\\/michelcremerfoundation.eu\\\/#organization\",\"name\":\"Fondation Michel Cremer\",\"url\":\"https:\\\/\\\/michelcremerfoundation.eu\\\/\",\"logo\":{\"@type\":\"ImageObject\",\"inLanguage\":\"fr-FR\",\"@id\":\"https:\\\/\\\/michelcremerfoundation.eu\\\/#\\\/schema\\\/logo\\\/image\\\/\",\"url\":\"https:\\\/\\\/michelcremerfoundation.eu\\\/wp-content\\\/uploads\\\/2018\\\/03\\\/Logo-FMC-e1520765525490.jpg\",\"contentUrl\":\"https:\\\/\\\/michelcremerfoundation.eu\\\/wp-content\\\/uploads\\\/2018\\\/03\\\/Logo-FMC-e1520765525490.jpg\",\"width\":100,\"height\":66,\"caption\":\"Fondation Michel Cremer\"},\"image\":{\"@id\":\"https:\\\/\\\/michelcremerfoundation.eu\\\/#\\\/schema\\\/logo\\\/image\\\/\"},\"sameAs\":[\"https:\\\/\\\/www.facebook.com\\\/fondationmichelcremer\",\"https:\\\/\\\/www.linkedin.com\\\/company\\\/18897844\"]}]}<\/script>\n<!-- \/ Yoast SEO plugin. -->","yoast_head_json":{"title":"Nos activit\u00e9s - Fondation Michel Cremer","robots":{"index":"index","follow":"follow","max-snippet":"max-snippet:-1","max-image-preview":"max-image-preview:large","max-video-preview":"max-video-preview:-1"},"canonical":"https:\/\/michelcremerfoundation.eu\/index.php\/nos-activites\/","og_locale":"fr_FR","og_type":"article","og_title":"Nos activit\u00e9s - Fondation Michel Cremer","og_url":"https:\/\/michelcremerfoundation.eu\/index.php\/nos-activites\/","og_site_name":"Fondation Michel Cremer","article_publisher":"https:\/\/www.facebook.com\/fondationmichelcremer","article_modified_time":"2018-04-23T08:10:05+00:00","og_image":[{"width":1662,"height":1598,"url":"https:\/\/michelcremerfoundation.eu\/wp-content\/uploads\/2018\/06\/FMC-LOGO-NEW-TXT-NOIR.png","type":"image\/png"}],"twitter_card":"summary_large_image","twitter_misc":{"Dur\u00e9e de lecture estim\u00e9e":"1 minute"},"schema":{"@context":"https:\/\/schema.org","@graph":[{"@type":"WebPage","@id":"https:\/\/michelcremerfoundation.eu\/index.php\/nos-activites\/","url":"https:\/\/michelcremerfoundation.eu\/index.php\/nos-activites\/","name":"Nos activit\u00e9s - Fondation Michel Cremer","isPartOf":{"@id":"https:\/\/michelcremerfoundation.eu\/#website"},"datePublished":"2018-01-11T19:01:35+00:00","dateModified":"2018-04-23T08:10:05+00:00","breadcrumb":{"@id":"https:\/\/michelcremerfoundation.eu\/index.php\/nos-activites\/#breadcrumb"},"inLanguage":"fr-FR","potentialAction":[{"@type":"ReadAction","target":["https:\/\/michelcremerfoundation.eu\/index.php\/nos-activites\/"]}]},{"@type":"BreadcrumbList","@id":"https:\/\/michelcremerfoundation.eu\/index.php\/nos-activites\/#breadcrumb","itemListElement":[{"@type":"ListItem","position":1,"name":"Accueil","item":"https:\/\/michelcremerfoundation.eu\/"},{"@type":"ListItem","position":2,"name":"Nos activit\u00e9s"}]},{"@type":"WebSite","@id":"https:\/\/michelcremerfoundation.eu\/#website","url":"https:\/\/michelcremerfoundation.eu\/","name":"Fondation Michel Cremer","description":"Ensemble, vers la m\u00e9decine du futur","publisher":{"@id":"https:\/\/michelcremerfoundation.eu\/#organization"},"potentialAction":[{"@type":"SearchAction","target":{"@type":"EntryPoint","urlTemplate":"https:\/\/michelcremerfoundation.eu\/?s={search_term_string}"},"query-input":{"@type":"PropertyValueSpecification","valueRequired":true,"valueName":"search_term_string"}}],"inLanguage":"fr-FR"},{"@type":"Organization","@id":"https:\/\/michelcremerfoundation.eu\/#organization","name":"Fondation Michel Cremer","url":"https:\/\/michelcremerfoundation.eu\/","logo":{"@type":"ImageObject","inLanguage":"fr-FR","@id":"https:\/\/michelcremerfoundation.eu\/#\/schema\/logo\/image\/","url":"https:\/\/michelcremerfoundation.eu\/wp-content\/uploads\/2018\/03\/Logo-FMC-e1520765525490.jpg","contentUrl":"https:\/\/michelcremerfoundation.eu\/wp-content\/uploads\/2018\/03\/Logo-FMC-e1520765525490.jpg","width":100,"height":66,"caption":"Fondation Michel Cremer"},"image":{"@id":"https:\/\/michelcremerfoundation.eu\/#\/schema\/logo\/image\/"},"sameAs":["https:\/\/www.facebook.com\/fondationmichelcremer","https:\/\/www.linkedin.com\/company\/18897844"]}]}},"campaignId":"","jetpack_shortlink":"https:\/\/wp.me\/PapkNB-1v","jetpack_sharing_enabled":true,"_links":{"self":[{"href":"https:\/\/michelcremerfoundation.eu\/index.php\/wp-json\/wp\/v2\/pages\/93","targetHints":{"allow":["GET"]}}],"collection":[{"href":"https:\/\/michelcremerfoundation.eu\/index.php\/wp-json\/wp\/v2\/pages"}],"about":[{"href":"https:\/\/michelcremerfoundation.eu\/index.php\/wp-json\/wp\/v2\/types\/page"}],"author":[{"embeddable":true,"href":"https:\/\/michelcremerfoundation.eu\/index.php\/wp-json\/wp\/v2\/users\/1"}],"replies":[{"embeddable":true,"href":"https:\/\/michelcremerfoundation.eu\/index.php\/wp-json\/wp\/v2\/comments?post=93"}],"version-history":[{"count":5,"href":"https:\/\/michelcremerfoundation.eu\/index.php\/wp-json\/wp\/v2\/pages\/93\/revisions"}],"predecessor-version":[{"id":276,"href":"https:\/\/michelcremerfoundation.eu\/index.php\/wp-json\/wp\/v2\/pages\/93\/revisions\/276"}],"wp:attachment":[{"href":"https:\/\/michelcremerfoundation.eu\/index.php\/wp-json\/wp\/v2\/media?parent=93"}],"curies":[{"name":"wp","href":"https:\/\/api.w.org\/{rel}","templated":true}]}}