{"id":879,"date":"2018-09-20T12:48:41","date_gmt":"2018-09-20T10:48:41","guid":{"rendered":"https:\/\/michelcremerfoundation.eu\/?page_id=879"},"modified":"2021-04-24T21:09:53","modified_gmt":"2021-04-24T19:09:53","slug":"politique-de-confidentialite","status":"publish","type":"page","link":"https:\/\/michelcremerfoundation.eu\/index.php\/politique-de-confidentialite\/","title":{"rendered":"Politique de confidentialit\u00e9"},"content":{"rendered":"\t\t<div data-elementor-type=\"wp-page\" data-elementor-id=\"879\" class=\"elementor elementor-879\">\n\t\t\t\t\t\t<section class=\"elementor-section elementor-top-section elementor-element elementor-element-3482ce4 elementor-section-boxed elementor-section-height-default elementor-section-height-default\" data-id=\"3482ce4\" data-element_type=\"section\" data-e-type=\"section\">\n\t\t\t\t\t\t<div class=\"elementor-container elementor-column-gap-default\">\n\t\t\t\t\t<div class=\"elementor-column elementor-col-100 elementor-top-column elementor-element elementor-element-014afac\" data-id=\"014afac\" data-element_type=\"column\" data-e-type=\"column\">\n\t\t\t<div class=\"elementor-widget-wrap elementor-element-populated\">\n\t\t\t\t\t\t<div class=\"elementor-element elementor-element-7135608 elementor-widget elementor-widget-text-editor\" data-id=\"7135608\" data-element_type=\"widget\" data-e-type=\"widget\" data-widget_type=\"text-editor.default\">\n\t\t\t\t<div class=\"elementor-widget-container\">\n\t\t\t\t\t\t\t\t\t<h3>PR\u00c9AMBULE<\/h3><div class=\"fusion-text fusion-text-1\"><p>Le pr\u00e9sent site est accessible par le biais du nom de domaine michelcremerfoundation.eu et est exploit\u00e9 dans le respect de la l\u00e9gislation belge. L\u2019utilisation de ce site est r\u00e9gie par les pr\u00e9sentes conditions g\u00e9n\u00e9rales. En utilisant le site, vous reconnaissez avoir pris connaissance de ces conditions et les avoir accept\u00e9es sans r\u00e9serve. Nous ne pourrions \u00eatre tenu responsable en aucune mani\u00e8re d\u2019une mauvaise utilisation de notre site.<\/p><\/div><div class=\"fusion-text fusion-text-2\"><h3 class=\"fusion-responsive-typography-calculated\" style=\"--fontsize: 16; --minfontsize: 16;\" data-fontsize=\"16\" data-lineheight=\"24px\">INFORMATION SUR LE SITE INTERNET<\/h3><p>Le Site est fourni par la Fondation Michel Cremer (BCE\u00a0 n\u00b0BE 0829 236 766) qui est reconnu comme Fondation d\u2019utilit\u00e9 publique \u2013 AR du 25\/8\/2010 (ci-apr\u00e8s \u00ab la Fondation Michel Cremer \u00bb) et dont le si\u00e8ge social est \u00e9tabli \u00e0 l\u2019adresse suivante :<\/p><p><span style=\"font-weight: bold;\">Fondation Michel Cremer<\/span><br \/>Clos Joseph Hanse, 6<br \/>1170 Bruxelles<br \/>BELGIQUE<\/p><\/div><div class=\"fusion-text fusion-text-3\"><h3 class=\"fusion-responsive-typography-calculated\" style=\"--fontsize: 32;\" data-fontsize=\"32\" data-lineheight=\"24px\">MISE \u00c0 JOUR LE 20\/09\/2018<\/h3><p><span style=\"font-weight: bold;\">Responsable de traitement<\/span>\u00a0: Fondation Michel Cremer Fondation d\u2019utilit\u00e9\u00a0publique dont les coordonn\u00e9es sont indiqu\u00e9es dans la rubrique contact du site\u00a0internet (ci-apr\u00e8s le Site), ci-apr\u00e8s appel\u00e9 \u00ab Nous \u00bb\u00a0Nous nous engageons \u00e0 respecter la vie priv\u00e9e des personnes rencontr\u00e9es dans\u00a0le cadre de nos activit\u00e9s.<\/p><p>Cette Politique de respect des Donn\u00e9es \u00e0 caract\u00e8re personnel (ci-apr\u00e8s la\u00a0Politique) d\u00e9crit la mani\u00e8re dont nous g\u00e9rons les Donn\u00e9es \u00e0 caract\u00e8re personnel\u00a0que nous collectons \u00e0 la fois \u00e0 partir de formulaires, d\u2019inscription sur le site\u00a0internet, d\u2019appels t\u00e9l\u00e9phoniques, e-mails et autres communications avec vous.\u00a0Nous traitons vos donn\u00e9es \u00e0 caract\u00e8re personnel en conformit\u00e9 avec toutes les\u00a0r\u00e8glementations applicables concernant la protection des donn\u00e9es personnelles.\u00a0En acceptant la pr\u00e9sente Politique, en utilisant nos services, en vous enregistrant\u00a0\u00e0 un de nos \u00e9v\u00e9nement ou en nous fournissant d\u2019une quelconque autre mani\u00e8re\u00a0vos donn\u00e9es \u00e0 caract\u00e8re personnel, vous reconnaissez et acceptez les termes de\u00a0la Politique ainsi que les traitements et les transferts de Donn\u00e9es \u00e0\u00a0 caract\u00e8re\u00a0personnel qui seront r\u00e9alis\u00e9s conform\u00e9ment \u00e0 la Politique.<\/p><p>Les Donn\u00e9es \u00e0 caract\u00e8re personnel que nous collectons dans le cadre de nos\u00a0relations, sont<\/p><ul><li>Informations personnelles : nom, adresse, e-mail, num\u00e9ros de t\u00e9l\u00e9phone,\u00a0num\u00e9ro de gsm, sexe, date et lieu de naissance,<\/li><li>Informations sur vos souhaits en mati\u00e8re de marketing : inscription \u00e0 une\u00a0newsletter, un concours, acceptation de recevoir du marketing direct,<\/li><\/ul><p>Les donn\u00e9es que nous recueillons proviennent :<\/p><ul><li>de votre inscription aupr\u00e8s de nous<\/li><li>des donn\u00e9es que vous nous avez communiqu\u00e9es en connaissance de\u00a0cause<\/li><\/ul><p>Nous utilisons ces Donn\u00e9es \u00e0 caract\u00e8re personnel pour:<\/p><ul><li>R\u00e9pondre \u00e0 vos demandes et communiquer avec vous et d\u2019autres dans le\u00a0cadre de nos activit\u00e9s.<\/li><li>Interagir avec vous via notre site.<\/li><li>Vous envoyer une newsletter si vous vous inscrivez \u00e0 celle-ci.<\/li><li>am\u00e9liorer la qualit\u00e9 de nos services<\/li><li>Vous envoyer des informations importantes en ce qui concerne la\u00a0d\u00e9ductibilit\u00e9 fiscale en cas de don sup\u00e9rieur \u00e0 40 \u20ac \/an<\/li><li>Vous fournir des informations relatives \u00e0 nos recherche et \u00e9v\u00e9nements<\/li><li>Vous permettre de participer activement \u00e0 nos activit\u00e9s en ligne et hors\u00a0ligne, en ce compris les forums, discussions, s\u00e9minaires, rendez-vous et\u00a0autres \u00e9v\u00e9nements et g\u00e9rer l\u2019organisation de ces activit\u00e9s.<\/li><li>R\u00e9soudre les r\u00e9clamations<\/li><li>G\u00e9rer les droits d\u2019acc\u00e8s, de rectification, d\u2019effacement,\u2026 pr\u00e9vus par la\u00a0l\u00e9gislation<\/li><li>Se conformer aux lois et obligations r\u00e9glementaires applicables<\/li><\/ul><p>Les bases l\u00e9gales de traitement sont les suivantes :<\/p><ul><li>votre consentement (nous vous rappelons qu\u2019\u00e0 tout moment vous avez le\u00a0droit de retirer votre consentement) ;<\/li><li>le traitement est n\u00e9cessaire au respect d\u2019une obligation l\u00e9gale en mati\u00e8re\u00a0de d\u00e9ductibilit\u00e9 fiscale \u00e0 laquelle la Fondation est soumise;<\/li><li>Si nous \u00e9tions amen\u00e9s \u00e0 traiter les Donn\u00e9es \u00e0 caract\u00e8re personnel pour\u00a0d\u2019autres finalit\u00e9s que celles propos\u00e9es ci-dessus nous ne le ferions que\u00a0dans le cadre des bases l\u00e9gales pr\u00e9cis\u00e9es ci-dessus.<\/li><\/ul><h3 class=\"fusion-responsive-typography-calculated\" style=\"--fontsize: 16; --minfontsize: 16;\" data-fontsize=\"16\" data-lineheight=\"24px\">EFFECTUEZ UN CHOIX<\/h3><p>Nous n\u2019utilisons pas de techniques de prise de d\u00e9cision fond\u00e9e sur un traitement\u00a0automatis\u00e9 produisant des effets juridiques concernant la personne concern\u00e9e\u00a0ou l\u2019affectant de mani\u00e8re significative.<\/p><p>Vos Donn\u00e9es \u00e0 caract\u00e8re personnel pourront \u00eatre accessibles aux organisations\u00a0suivantes :<\/p><ul><li>les autorit\u00e9s gouvernementales ou publiques en fonction des lois\u00a0applicables<\/li><li>nos sous-traitants, notamment nos fournisseurs informatiques, dans le\u00a0cadre contractuel pr\u00e9vu par la r\u00e8glementation sur la protection des\u00a0donn\u00e9es personnelles<\/li><\/ul><p>Nous ne transf\u00e9rons pas de donn\u00e9es en dehors de l\u2019Union Europ\u00e9enne<\/p><p>Nous prenons les mesures techniques et organisationnelles appropri\u00e9es qui sont\u00a0en conformit\u00e9 avec la r\u00e8glementation en mati\u00e8re de vie priv\u00e9e et de protection\u00a0des donn\u00e9es applicables.<\/p><p>Nous avons sign\u00e9 avec nos sous-traitants des contrats par lesquels ils nous\u00a0garantissent d\u2019avoir pris les mesures de s\u00e9curit\u00e9 techniques et organisationnelles\u00a0 appropri\u00e9es.<\/p><p>En vous connectant sur le Site, celui-ci collecte automatiquement les informations suivantes :<\/p><ul><li>votre navigateur internet<\/li><li>les informations collect\u00e9es par les cookies du site (nous vous proposerons d\u2019accepter sur le Site ces cookies en vous expliquant leur usage et les\u00a0donn\u00e9es collect\u00e9es)<\/li><\/ul><p>Vos donn\u00e9es sont effac\u00e9es apr\u00e8s les dur\u00e9es suivantes :<\/p><ul><li>Pour les donateurs, 10 ans apr\u00e8s le dernier don en vertu de la\u00a0r\u00e8glementation comptable<\/li><li>Pour les personnes inscrites \u00e0 notre newsletter, 6 mois apr\u00e8s leur demande\u00a0de d\u00e9sinscription, la d\u00e9sinscription \u00e9tant imm\u00e9diate<\/li><\/ul><p>Si vous nous fournissez des donn\u00e9es \u00e0 caract\u00e8re personnel en ce qui concerne\u00a0d\u2019autres personnes, vous vous engagez: (a) \u00e0 l\u2019informer du contenu de cette\u00a0Politique de respect des Donn\u00e9es \u00e0 caract\u00e8re personnel, et (b) \u00e0 obtenir son\u00a0consentement conform\u00e9ment aux termes de la pr\u00e9sente Politique.<\/p><p>Vous avez le droit d\u2019acc\u00e9der \u00e0 vos donn\u00e9es, de les rectifier en cas de besoin, de\u00a0vous opposer \u00e0 leur utilisation, de demander leur effacement, leur limitation ou<br \/>leur portabilit\u00e9. Si vous souhaitez utiliser un de ces droits, veuillez nous contacter\u00a0\u00e0 notre adresse de contact en prouvant votre identit\u00e9 au moyen d\u2019une copie de\u00a0votre carte d\u2019identit\u00e9.<\/p><p>Vous avez \u00e9galement le droit de porter plainte aupr\u00e8s de l\u2019autorit\u00e9 de protection\u00a0des donn\u00e9es.<\/p><p>Nous revoyons les r\u00e8gles contenues dans la pr\u00e9sente Politique r\u00e9guli\u00e8rement et\u00a0nous nous r\u00e9servons le droit d\u2019apporter des changements \u00e0 tout moment afin de\u00a0prendre en compte des changements dans nos activit\u00e9s et exigences l\u00e9gales.\u00a0Nous vous invitons \u00e0 consulter r\u00e9guli\u00e8rement notre site internet, la date de mise\u00a0\u00e0 jour sera En cas de changement important nous nous permettrons de reprendre\u00a0contact avec vous pour vous signaler ces changements.<\/p><h3 class=\"fusion-responsive-typography-calculated\" style=\"--fontsize: 16; --minfontsize: 16;\" data-fontsize=\"16\" data-lineheight=\"24px\">CONDITIONS D\u2019ANNULATION D\u2019UNE Donation r\u00e9currente<\/h3><p>Afin d\u2019introduire une demande d\u2019annulation, veuillez suivez la proc\u00e9dure suivante.<\/p><p>Introduisez votre demande par mail \u00e0 l&rsquo;adresse <a href=\"mailto:info@fondationmichelcremer.be\">info@fondationmichelcremer.be<\/a> ainsi que par courrier, de pr\u00e9f\u00e9rence recommand\u00e9, \u00e0 l&rsquo;adresse de la Fondation\u00a0 en y reprenant les informations de votre donation qui vous sont confirm\u00e9es par mail lors de votre souscription.\u00a0 Votre demande sera trait\u00e9e dans un d\u00e9lai maximum d&rsquo;un mois calendrier, le cachet\u00a0 de la poste faisant foi.<\/p><\/div>\t\t\t\t\t\t\t\t<\/div>\n\t\t\t\t<\/div>\n\t\t\t\t\t<\/div>\n\t\t<\/div>\n\t\t\t\t\t<\/div>\n\t\t<\/section>\n\t\t\t\t<\/div>\n\t\t","protected":false},"excerpt":{"rendered":"<p>PR\u00c9AMBULE Le pr\u00e9sent site est accessible par le biais du nom de domaine michelcremerfoundation.eu et est exploit\u00e9 dans le respect de la l\u00e9gislation belge. L\u2019utilisation de ce site est r\u00e9gie par les pr\u00e9sentes conditions g\u00e9n\u00e9rales. En utilisant le site, vous reconnaissez avoir pris connaissance de ces conditions et les avoir accept\u00e9es sans r\u00e9serve. Nous ne pourrions \u00eatre tenu responsable en aucune mani\u00e8re d\u2019une mauvaise utilisation de notre site. INFORMATION SUR LE SITE INTERNET Le Site est fourni par la Fondation Michel Cremer (BCE\u00a0 n\u00b0BE 0829 236 766) qui est reconnu comme Fondation d\u2019utilit\u00e9 publique \u2013 AR du 25\/8\/2010 (ci-apr\u00e8s \u00ab la Fondation Michel Cremer \u00bb) et dont le si\u00e8ge social est \u00e9tabli \u00e0 l\u2019adresse suivante : Fondation Michel CremerClos Joseph Hanse, 61170 BruxellesBELGIQUE MISE \u00c0 JOUR LE 20\/09\/2018 Responsable de traitement\u00a0: Fondation Michel Cremer Fondation d\u2019utilit\u00e9\u00a0publique dont les coordonn\u00e9es sont indiqu\u00e9es dans la rubrique contact du site\u00a0internet (ci-apr\u00e8s le Site), ci-apr\u00e8s appel\u00e9 \u00ab Nous \u00bb\u00a0Nous nous engageons \u00e0 respecter la vie priv\u00e9e des personnes rencontr\u00e9es dans\u00a0le cadre de nos activit\u00e9s. Cette Politique de respect des Donn\u00e9es \u00e0 caract\u00e8re personnel (ci-apr\u00e8s la\u00a0Politique) d\u00e9crit la mani\u00e8re dont nous g\u00e9rons les Donn\u00e9es \u00e0 caract\u00e8re personnel\u00a0que nous collectons \u00e0 la fois \u00e0 partir de formulaires, d\u2019inscription sur le site\u00a0internet, d\u2019appels t\u00e9l\u00e9phoniques, e-mails et autres communications avec vous.\u00a0Nous traitons vos donn\u00e9es \u00e0 caract\u00e8re personnel en [&hellip;]<\/p>\n","protected":false},"author":5,"featured_media":0,"parent":0,"menu_order":0,"comment_status":"closed","ping_status":"closed","template":"","meta":{"give_campaign_id":0,"footnotes":""},"class_list":["post-879","page","type-page","status-publish","hentry"],"yoast_head":"<!-- This site is optimized with the Yoast SEO plugin v27.4 - https:\/\/yoast.com\/product\/yoast-seo-wordpress\/ -->\n<title>Politique de confidentialit\u00e9 - Fondation Michel Cremer<\/title>\n<meta name=\"robots\" content=\"index, follow, max-snippet:-1, max-image-preview:large, max-video-preview:-1\" \/>\n<link rel=\"canonical\" href=\"https:\/\/michelcremerfoundation.eu\/index.php\/politique-de-confidentialite\/\" \/>\n<meta property=\"og:locale\" content=\"fr_FR\" \/>\n<meta property=\"og:type\" content=\"article\" \/>\n<meta property=\"og:title\" content=\"Politique de confidentialit\u00e9 - Fondation Michel Cremer\" \/>\n<meta property=\"og:description\" content=\"PR\u00c9AMBULE Le pr\u00e9sent site est accessible par le biais du nom de domaine michelcremerfoundation.eu et est exploit\u00e9 dans le respect de la l\u00e9gislation belge. L\u2019utilisation de ce site est r\u00e9gie par les pr\u00e9sentes conditions g\u00e9n\u00e9rales. En utilisant le site, vous reconnaissez avoir pris connaissance de ces conditions et les avoir accept\u00e9es sans r\u00e9serve. Nous ne pourrions \u00eatre tenu responsable en aucune mani\u00e8re d\u2019une mauvaise utilisation de notre site. INFORMATION SUR LE SITE INTERNET Le Site est fourni par la Fondation Michel Cremer (BCE\u00a0 n\u00b0BE 0829 236 766) qui est reconnu comme Fondation d\u2019utilit\u00e9 publique \u2013 AR du 25\/8\/2010 (ci-apr\u00e8s \u00ab la Fondation Michel Cremer \u00bb) et dont le si\u00e8ge social est \u00e9tabli \u00e0 l\u2019adresse suivante : Fondation Michel CremerClos Joseph Hanse, 61170 BruxellesBELGIQUE MISE \u00c0 JOUR LE 20\/09\/2018 Responsable de traitement\u00a0: Fondation Michel Cremer Fondation d\u2019utilit\u00e9\u00a0publique dont les coordonn\u00e9es sont indiqu\u00e9es dans la rubrique contact du site\u00a0internet (ci-apr\u00e8s le Site), ci-apr\u00e8s appel\u00e9 \u00ab Nous \u00bb\u00a0Nous nous engageons \u00e0 respecter la vie priv\u00e9e des personnes rencontr\u00e9es dans\u00a0le cadre de nos activit\u00e9s. Cette Politique de respect des Donn\u00e9es \u00e0 caract\u00e8re personnel (ci-apr\u00e8s la\u00a0Politique) d\u00e9crit la mani\u00e8re dont nous g\u00e9rons les Donn\u00e9es \u00e0 caract\u00e8re personnel\u00a0que nous collectons \u00e0 la fois \u00e0 partir de formulaires, d\u2019inscription sur le site\u00a0internet, d\u2019appels t\u00e9l\u00e9phoniques, e-mails et autres communications avec vous.\u00a0Nous traitons vos donn\u00e9es \u00e0 caract\u00e8re personnel en [&hellip;]\" \/>\n<meta property=\"og:url\" content=\"https:\/\/michelcremerfoundation.eu\/index.php\/politique-de-confidentialite\/\" \/>\n<meta property=\"og:site_name\" content=\"Fondation Michel Cremer\" \/>\n<meta property=\"article:publisher\" content=\"https:\/\/www.facebook.com\/fondationmichelcremer\" \/>\n<meta property=\"article:modified_time\" content=\"2021-04-24T19:09:53+00:00\" \/>\n<meta property=\"og:image\" content=\"https:\/\/michelcremerfoundation.eu\/wp-content\/uploads\/2018\/06\/FMC-LOGO-NEW-TXT-NOIR.png\" \/>\n\t<meta property=\"og:image:width\" content=\"1662\" \/>\n\t<meta property=\"og:image:height\" content=\"1598\" \/>\n\t<meta property=\"og:image:type\" content=\"image\/png\" \/>\n<meta name=\"twitter:card\" content=\"summary_large_image\" \/>\n<meta name=\"twitter:label1\" content=\"Dur\u00e9e de lecture estim\u00e9e\" \/>\n\t<meta name=\"twitter:data1\" content=\"5 minutes\" \/>\n<script type=\"application\/ld+json\" class=\"yoast-schema-graph\">{\"@context\":\"https:\\\/\\\/schema.org\",\"@graph\":[{\"@type\":\"WebPage\",\"@id\":\"https:\\\/\\\/michelcremerfoundation.eu\\\/index.php\\\/politique-de-confidentialite\\\/\",\"url\":\"https:\\\/\\\/michelcremerfoundation.eu\\\/index.php\\\/politique-de-confidentialite\\\/\",\"name\":\"Politique de confidentialit\u00e9 - Fondation Michel Cremer\",\"isPartOf\":{\"@id\":\"https:\\\/\\\/michelcremerfoundation.eu\\\/#website\"},\"datePublished\":\"2018-09-20T10:48:41+00:00\",\"dateModified\":\"2021-04-24T19:09:53+00:00\",\"breadcrumb\":{\"@id\":\"https:\\\/\\\/michelcremerfoundation.eu\\\/index.php\\\/politique-de-confidentialite\\\/#breadcrumb\"},\"inLanguage\":\"fr-FR\",\"potentialAction\":[{\"@type\":\"ReadAction\",\"target\":[\"https:\\\/\\\/michelcremerfoundation.eu\\\/index.php\\\/politique-de-confidentialite\\\/\"]}]},{\"@type\":\"BreadcrumbList\",\"@id\":\"https:\\\/\\\/michelcremerfoundation.eu\\\/index.php\\\/politique-de-confidentialite\\\/#breadcrumb\",\"itemListElement\":[{\"@type\":\"ListItem\",\"position\":1,\"name\":\"Accueil\",\"item\":\"https:\\\/\\\/michelcremerfoundation.eu\\\/\"},{\"@type\":\"ListItem\",\"position\":2,\"name\":\"Politique de confidentialit\u00e9\"}]},{\"@type\":\"WebSite\",\"@id\":\"https:\\\/\\\/michelcremerfoundation.eu\\\/#website\",\"url\":\"https:\\\/\\\/michelcremerfoundation.eu\\\/\",\"name\":\"Fondation Michel Cremer\",\"description\":\"Ensemble, vers la m\u00e9decine du futur\",\"publisher\":{\"@id\":\"https:\\\/\\\/michelcremerfoundation.eu\\\/#organization\"},\"potentialAction\":[{\"@type\":\"SearchAction\",\"target\":{\"@type\":\"EntryPoint\",\"urlTemplate\":\"https:\\\/\\\/michelcremerfoundation.eu\\\/?s={search_term_string}\"},\"query-input\":{\"@type\":\"PropertyValueSpecification\",\"valueRequired\":true,\"valueName\":\"search_term_string\"}}],\"inLanguage\":\"fr-FR\"},{\"@type\":\"Organization\",\"@id\":\"https:\\\/\\\/michelcremerfoundation.eu\\\/#organization\",\"name\":\"Fondation Michel Cremer\",\"url\":\"https:\\\/\\\/michelcremerfoundation.eu\\\/\",\"logo\":{\"@type\":\"ImageObject\",\"inLanguage\":\"fr-FR\",\"@id\":\"https:\\\/\\\/michelcremerfoundation.eu\\\/#\\\/schema\\\/logo\\\/image\\\/\",\"url\":\"https:\\\/\\\/michelcremerfoundation.eu\\\/wp-content\\\/uploads\\\/2018\\\/03\\\/Logo-FMC-e1520765525490.jpg\",\"contentUrl\":\"https:\\\/\\\/michelcremerfoundation.eu\\\/wp-content\\\/uploads\\\/2018\\\/03\\\/Logo-FMC-e1520765525490.jpg\",\"width\":100,\"height\":66,\"caption\":\"Fondation Michel Cremer\"},\"image\":{\"@id\":\"https:\\\/\\\/michelcremerfoundation.eu\\\/#\\\/schema\\\/logo\\\/image\\\/\"},\"sameAs\":[\"https:\\\/\\\/www.facebook.com\\\/fondationmichelcremer\",\"https:\\\/\\\/www.linkedin.com\\\/company\\\/18897844\"]}]}<\/script>\n<!-- \/ Yoast SEO plugin. -->","yoast_head_json":{"title":"Politique de confidentialit\u00e9 - Fondation Michel Cremer","robots":{"index":"index","follow":"follow","max-snippet":"max-snippet:-1","max-image-preview":"max-image-preview:large","max-video-preview":"max-video-preview:-1"},"canonical":"https:\/\/michelcremerfoundation.eu\/index.php\/politique-de-confidentialite\/","og_locale":"fr_FR","og_type":"article","og_title":"Politique de confidentialit\u00e9 - Fondation Michel Cremer","og_description":"PR\u00c9AMBULE Le pr\u00e9sent site est accessible par le biais du nom de domaine michelcremerfoundation.eu et est exploit\u00e9 dans le respect de la l\u00e9gislation belge. L\u2019utilisation de ce site est r\u00e9gie par les pr\u00e9sentes conditions g\u00e9n\u00e9rales. En utilisant le site, vous reconnaissez avoir pris connaissance de ces conditions et les avoir accept\u00e9es sans r\u00e9serve. Nous ne pourrions \u00eatre tenu responsable en aucune mani\u00e8re d\u2019une mauvaise utilisation de notre site. INFORMATION SUR LE SITE INTERNET Le Site est fourni par la Fondation Michel Cremer (BCE\u00a0 n\u00b0BE 0829 236 766) qui est reconnu comme Fondation d\u2019utilit\u00e9 publique \u2013 AR du 25\/8\/2010 (ci-apr\u00e8s \u00ab la Fondation Michel Cremer \u00bb) et dont le si\u00e8ge social est \u00e9tabli \u00e0 l\u2019adresse suivante : Fondation Michel CremerClos Joseph Hanse, 61170 BruxellesBELGIQUE MISE \u00c0 JOUR LE 20\/09\/2018 Responsable de traitement\u00a0: Fondation Michel Cremer Fondation d\u2019utilit\u00e9\u00a0publique dont les coordonn\u00e9es sont indiqu\u00e9es dans la rubrique contact du site\u00a0internet (ci-apr\u00e8s le Site), ci-apr\u00e8s appel\u00e9 \u00ab Nous \u00bb\u00a0Nous nous engageons \u00e0 respecter la vie priv\u00e9e des personnes rencontr\u00e9es dans\u00a0le cadre de nos activit\u00e9s. Cette Politique de respect des Donn\u00e9es \u00e0 caract\u00e8re personnel (ci-apr\u00e8s la\u00a0Politique) d\u00e9crit la mani\u00e8re dont nous g\u00e9rons les Donn\u00e9es \u00e0 caract\u00e8re personnel\u00a0que nous collectons \u00e0 la fois \u00e0 partir de formulaires, d\u2019inscription sur le site\u00a0internet, d\u2019appels t\u00e9l\u00e9phoniques, e-mails et autres communications avec vous.\u00a0Nous traitons vos donn\u00e9es \u00e0 caract\u00e8re personnel en [&hellip;]","og_url":"https:\/\/michelcremerfoundation.eu\/index.php\/politique-de-confidentialite\/","og_site_name":"Fondation Michel Cremer","article_publisher":"https:\/\/www.facebook.com\/fondationmichelcremer","article_modified_time":"2021-04-24T19:09:53+00:00","og_image":[{"width":1662,"height":1598,"url":"https:\/\/michelcremerfoundation.eu\/wp-content\/uploads\/2018\/06\/FMC-LOGO-NEW-TXT-NOIR.png","type":"image\/png"}],"twitter_card":"summary_large_image","twitter_misc":{"Dur\u00e9e de lecture estim\u00e9e":"5 minutes"},"schema":{"@context":"https:\/\/schema.org","@graph":[{"@type":"WebPage","@id":"https:\/\/michelcremerfoundation.eu\/index.php\/politique-de-confidentialite\/","url":"https:\/\/michelcremerfoundation.eu\/index.php\/politique-de-confidentialite\/","name":"Politique de confidentialit\u00e9 - Fondation Michel Cremer","isPartOf":{"@id":"https:\/\/michelcremerfoundation.eu\/#website"},"datePublished":"2018-09-20T10:48:41+00:00","dateModified":"2021-04-24T19:09:53+00:00","breadcrumb":{"@id":"https:\/\/michelcremerfoundation.eu\/index.php\/politique-de-confidentialite\/#breadcrumb"},"inLanguage":"fr-FR","potentialAction":[{"@type":"ReadAction","target":["https:\/\/michelcremerfoundation.eu\/index.php\/politique-de-confidentialite\/"]}]},{"@type":"BreadcrumbList","@id":"https:\/\/michelcremerfoundation.eu\/index.php\/politique-de-confidentialite\/#breadcrumb","itemListElement":[{"@type":"ListItem","position":1,"name":"Accueil","item":"https:\/\/michelcremerfoundation.eu\/"},{"@type":"ListItem","position":2,"name":"Politique de confidentialit\u00e9"}]},{"@type":"WebSite","@id":"https:\/\/michelcremerfoundation.eu\/#website","url":"https:\/\/michelcremerfoundation.eu\/","name":"Fondation Michel Cremer","description":"Ensemble, vers la m\u00e9decine du futur","publisher":{"@id":"https:\/\/michelcremerfoundation.eu\/#organization"},"potentialAction":[{"@type":"SearchAction","target":{"@type":"EntryPoint","urlTemplate":"https:\/\/michelcremerfoundation.eu\/?s={search_term_string}"},"query-input":{"@type":"PropertyValueSpecification","valueRequired":true,"valueName":"search_term_string"}}],"inLanguage":"fr-FR"},{"@type":"Organization","@id":"https:\/\/michelcremerfoundation.eu\/#organization","name":"Fondation Michel Cremer","url":"https:\/\/michelcremerfoundation.eu\/","logo":{"@type":"ImageObject","inLanguage":"fr-FR","@id":"https:\/\/michelcremerfoundation.eu\/#\/schema\/logo\/image\/","url":"https:\/\/michelcremerfoundation.eu\/wp-content\/uploads\/2018\/03\/Logo-FMC-e1520765525490.jpg","contentUrl":"https:\/\/michelcremerfoundation.eu\/wp-content\/uploads\/2018\/03\/Logo-FMC-e1520765525490.jpg","width":100,"height":66,"caption":"Fondation Michel Cremer"},"image":{"@id":"https:\/\/michelcremerfoundation.eu\/#\/schema\/logo\/image\/"},"sameAs":["https:\/\/www.facebook.com\/fondationmichelcremer","https:\/\/www.linkedin.com\/company\/18897844"]}]}},"campaignId":"","jetpack_shortlink":"https:\/\/wp.me\/PapkNB-eb","jetpack_sharing_enabled":true,"_links":{"self":[{"href":"https:\/\/michelcremerfoundation.eu\/index.php\/wp-json\/wp\/v2\/pages\/879","targetHints":{"allow":["GET"]}}],"collection":[{"href":"https:\/\/michelcremerfoundation.eu\/index.php\/wp-json\/wp\/v2\/pages"}],"about":[{"href":"https:\/\/michelcremerfoundation.eu\/index.php\/wp-json\/wp\/v2\/types\/page"}],"author":[{"embeddable":true,"href":"https:\/\/michelcremerfoundation.eu\/index.php\/wp-json\/wp\/v2\/users\/5"}],"replies":[{"embeddable":true,"href":"https:\/\/michelcremerfoundation.eu\/index.php\/wp-json\/wp\/v2\/comments?post=879"}],"version-history":[{"count":13,"href":"https:\/\/michelcremerfoundation.eu\/index.php\/wp-json\/wp\/v2\/pages\/879\/revisions"}],"predecessor-version":[{"id":5077,"href":"https:\/\/michelcremerfoundation.eu\/index.php\/wp-json\/wp\/v2\/pages\/879\/revisions\/5077"}],"wp:attachment":[{"href":"https:\/\/michelcremerfoundation.eu\/index.php\/wp-json\/wp\/v2\/media?parent=879"}],"curies":[{"name":"wp","href":"https:\/\/api.w.org\/{rel}","templated":true}]}}