{"id":2982,"date":"2020-04-02T11:44:18","date_gmt":"2020-04-02T09:44:18","guid":{"rendered":"https:\/\/michelcremerfoundation.eu\/?p=2982"},"modified":"2020-05-01T07:44:46","modified_gmt":"2020-05-01T05:44:46","slug":"la-fondation-michel-cremer","status":"publish","type":"page","link":"https:\/\/michelcremerfoundation.eu\/index.php\/la-fondation-michel-cremer\/","title":{"rendered":"La Fondation Michel Cremer en bref"},"content":{"rendered":"\t\t<div data-elementor-type=\"wp-post\" data-elementor-id=\"2982\" class=\"elementor elementor-2982\">\n\t\t\t\t\t\t<section class=\"elementor-section elementor-top-section elementor-element elementor-element-85eea43 elementor-section-boxed elementor-section-height-default elementor-section-height-default\" data-id=\"85eea43\" data-element_type=\"section\" data-e-type=\"section\">\n\t\t\t\t\t\t<div class=\"elementor-container elementor-column-gap-default\">\n\t\t\t\t\t<div class=\"elementor-column elementor-col-100 elementor-top-column elementor-element elementor-element-7df9610\" data-id=\"7df9610\" data-element_type=\"column\" data-e-type=\"column\">\n\t\t\t<div class=\"elementor-widget-wrap elementor-element-populated\">\n\t\t\t\t\t\t<div class=\"elementor-element elementor-element-cc8bce6 elementor-widget elementor-widget-text-editor\" data-id=\"cc8bce6\" data-element_type=\"widget\" data-e-type=\"widget\" data-widget_type=\"text-editor.default\">\n\t\t\t\t<div class=\"elementor-widget-container\">\n\t\t\t\t\t\t\t\t\t<div><span style=\"color: #0e76bc;\"><b>\u00a0<\/b><\/span><\/div><p><span style=\"color: #0e76bc;\">Parce que le respect du patient et de la vie qu\u2019il souhaite reprendre ou simplement continuer \u00e0 mener est essentielle, \u00e0 ses yeux, <strong>la fondation Michel Cremer soutient activement la recherche en endoscopie<\/strong> <strong>th\u00e9rapeutique<\/strong> via la collaboration entre ing\u00e9nieurs et m\u00e9decins et la mise en place d\u2019un environnement favorable au d\u00e9veloppement de solutions innovantes pour le mieux-\u00eatre des patients.<\/span><\/p><p><span style=\"color: #0e76bc;\">L\u2019endoscopie th\u00e9rapeutique est une technique d\u2019intervention chirurgicale beaucoup moins invasive que la plupart des autres techniques g\u00e9n\u00e9ralement utilis\u00e9es : elle permet au m\u00e9decin d\u2019acc\u00e9der aux organes via les voies naturelles sans devoir \u00ab\u00a0d\u00e9couper\u00a0\u00bb le patient.<\/span><\/p><p><span style=\"color: #0e76bc;\">Nos objectifs<\/span><\/p><ul><li><span style=\"color: #0e76bc;\">mieux traiter, pr\u00e9venir et sauver des patients souffrant de pathologies digestives comme par ex. les polypes via la colonoscopie, l\u2019ob\u00e9sit\u00e9 morbide, le diab\u00e8te de type 2, le foie gras (NASH), des cancers digestifs<\/span><\/li><li><span style=\"color: #0e76bc;\">soigner des maladies rares pour lesquelles il n\u2019y a pas de solution disponible comme par ex. des diverticules ou des pathologies concernant des b\u00e9b\u00e9s (15 cas\/an en Belgique) et des maladies pr\u00e9sentes dans les pays en d\u00e9veloppement comme par ex. les h\u00e9morragies digestives<\/span><\/li><li><span style=\"color: #0e76bc;\">partager les r\u00e9sultats de ces recherches au b\u00e9n\u00e9fice du plus grand nombre.<\/span><\/li><\/ul><div><p><span style=\"color: #0e76bc;\">Le d\u00e9veloppement de ces outils pr\u00e9sente de <strong>nombreux avantages\u00a0 p<span style=\"letter-spacing: 0px;\">our le patient<\/span><\/strong><\/span><\/p><ul><li><span style=\"color: #0e76bc;\">Un mieux-\u00eatre parce que les interventions sont tout simplement moins invasives<\/span><\/li><li><span style=\"color: #0e76bc;\">Moins de probl\u00e8mes post op\u00e9ratoires<\/span><\/li><li><span style=\"color: #0e76bc;\">Une diminution drastique de la douleur postop\u00e9ratoire et des dur\u00e9es d\u2019hospitalisation<\/span><\/li><li><span style=\"color: #0e76bc;\">Une revalidation plus courte et donc une r\u00e9insertion sociale et professionnelle plus rapide.<\/span><\/li><\/ul><\/div><p><span style=\"letter-spacing: 0px; color: #0e76bc;\">La<span style=\"font-weight: bold;\">\u00a0Fondation Michel Cremer<\/span>\u00a0est une fondation d\u2019utilit\u00e9 publique<span style=\"font-weight: bold;\">.\u00a0\u00a0<\/span><\/span><span style=\"letter-spacing: 0px; color: #0e76bc;\">Son\u00a0<\/span><span style=\"letter-spacing: 0px; font-weight: bold; color: #0e76bc;\">pr\u00e9sident<\/span><span style=\"letter-spacing: 0px; color: #0e76bc;\">\u00a0est le\u00a0<\/span><span style=\"letter-spacing: 0px; font-weight: bold; color: #0e76bc;\">Prof. Jacques Devi\u00e8re<\/span><span style=\"letter-spacing: 0px; color: #0e76bc;\">,\u00a0chef du Service de Gastroent\u00e9rologie de l\u2019h\u00f4pital Erasme.\u00a0<\/span><\/p><p><span style=\"letter-spacing: 0px; color: #0e76bc;\">La\u00a0<span style=\"font-weight: bold;\">collaboration<\/span>\u00a0entre les m\u00e9decins du\u00a0<span style=\"font-weight: bold;\">service de gastroent\u00e9rologie\u00a0<\/span>de l\u2019h\u00f4pital\u00a0<span style=\"font-weight: bold;\">Erasme<\/span>\u00a0et les\u00a0<span style=\"font-weight: bold;\">ing\u00e9nieurs de l\u2019Ecole polytechnique de Bruxelles<\/span>\u00a0date d\u2019une 20\u00a0<sup>aine<\/sup>\u00a0d\u2019ann\u00e9es\u00a0: elle\u00a0<span style=\"font-weight: bold;\">a contribu\u00e9 \u00e0 la cr\u00e9ation de soci\u00e9t\u00e9s spin-off<\/span>\u00a0(<span style=\"font-weight: bold;\">Endotools Therapeutics\u00a0<\/span>en collaboration avec le service de\u00a0<\/span><span style=\"letter-spacing: 0px; color: #0e76bc;\">Gastroent\u00e9rologie\u00a0<\/span><span style=\"letter-spacing: 0px; color: #0e76bc;\">d\u2019Erasme et plus r\u00e9cemment\u00a0<span style=\"font-weight: bold;\">Lys Medical,<\/span>\u00a0notamment en collaboration avec le Prof. De Sutter de l\u2019h\u00f4pital St-Luc), qui toutes deux con\u00e7oivent, d\u00e9veloppent et fabriquent des\u00a0<span style=\"font-weight: bold;\">dispositifs m\u00e9dicaux issus de la recherche<\/span>.<\/span><\/p><div><p><span style=\"color: #0e76bc;\">Cette collaboration\u00a0<span style=\"font-weight: bold;\">a \u00e9galement d\u00e9bouch\u00e9<\/span>\u00a0il y a 10 ans\u00a0<span style=\"font-weight: bold;\">sur<\/span>\u00a0la cr\u00e9ation d\u2019<span style=\"font-weight: bold;\">une nouvelle fili\u00e8re de formation en ing\u00e9nierie m\u00e9dicale<\/span>, qui forme les ing\u00e9nieurs \u00e0 comprendre les besoins des m\u00e9decins et du personnel soignant, et \u00e0 proposer des dispositifs m\u00e9dicaux adapt\u00e9s : aujourd\u2019hui, toutes les Ecoles polytechniques belges disposent de cette fili\u00e8re.<\/span><\/p><\/div><p><span style=\"color: #0e76bc;\">Vous souhaitez <b>mieux nous connaitre<\/b>, cliquez <b><span style=\"text-decoration: underline;\"><a href=\"http:\/\/michelcremerfoundation.eu\/\">ici<\/a><\/span>.<\/b><\/span><\/p>\t\t\t\t\t\t\t\t<\/div>\n\t\t\t\t<\/div>\n\t\t\t\t\t<\/div>\n\t\t<\/div>\n\t\t\t\t\t<\/div>\n\t\t<\/section>\n\t\t\t\t<\/div>\n\t\t","protected":false},"excerpt":{"rendered":"<p>\u00a0 Parce que le respect du patient et de la vie qu\u2019il souhaite reprendre ou simplement continuer \u00e0 mener est essentielle, \u00e0 ses yeux, la fondation Michel Cremer soutient activement la recherche en endoscopie th\u00e9rapeutique via la collaboration entre ing\u00e9nieurs et m\u00e9decins et la mise en place d\u2019un environnement favorable au d\u00e9veloppement de solutions innovantes pour le mieux-\u00eatre des patients. L\u2019endoscopie th\u00e9rapeutique est une technique d\u2019intervention chirurgicale beaucoup moins invasive que la plupart des autres techniques g\u00e9n\u00e9ralement utilis\u00e9es : elle permet au m\u00e9decin d\u2019acc\u00e9der aux organes via les voies naturelles sans devoir \u00ab\u00a0d\u00e9couper\u00a0\u00bb le patient. Nos objectifs mieux traiter, pr\u00e9venir et sauver des patients souffrant de pathologies digestives comme par ex. les polypes via la colonoscopie, l\u2019ob\u00e9sit\u00e9 morbide, le diab\u00e8te de type 2, le foie gras (NASH), des cancers digestifs soigner des maladies rares pour lesquelles il n\u2019y a pas de solution disponible comme par ex. des diverticules ou des pathologies concernant des b\u00e9b\u00e9s (15 cas\/an en Belgique) et des maladies pr\u00e9sentes dans les pays en d\u00e9veloppement comme par ex. les h\u00e9morragies digestives partager les r\u00e9sultats de ces recherches au b\u00e9n\u00e9fice du plus grand nombre. Le d\u00e9veloppement de ces outils pr\u00e9sente de nombreux avantages\u00a0 pour le patient Un mieux-\u00eatre parce que les interventions sont tout simplement moins invasives Moins de probl\u00e8mes post op\u00e9ratoires Une diminution drastique de la douleur postop\u00e9ratoire [&hellip;]<\/p>\n","protected":false},"author":8,"featured_media":0,"parent":0,"menu_order":0,"comment_status":"open","ping_status":"open","template":"","meta":{"give_campaign_id":0,"footnotes":""},"class_list":["post-2982","page","type-page","status-publish","hentry"],"yoast_head":"<!-- This site is optimized with the Yoast SEO plugin v27.4 - https:\/\/yoast.com\/product\/yoast-seo-wordpress\/ -->\n<title>La Fondation Michel Cremer en bref - Fondation Michel Cremer<\/title>\n<meta name=\"robots\" content=\"index, follow, max-snippet:-1, max-image-preview:large, max-video-preview:-1\" \/>\n<link rel=\"canonical\" href=\"https:\/\/michelcremerfoundation.eu\/index.php\/la-fondation-michel-cremer\/\" \/>\n<meta property=\"og:locale\" content=\"fr_FR\" \/>\n<meta property=\"og:type\" content=\"article\" \/>\n<meta property=\"og:title\" content=\"La Fondation Michel Cremer en bref - Fondation Michel Cremer\" \/>\n<meta property=\"og:description\" content=\"\u00a0 Parce que le respect du patient et de la vie qu\u2019il souhaite reprendre ou simplement continuer \u00e0 mener est essentielle, \u00e0 ses yeux, la fondation Michel Cremer soutient activement la recherche en endoscopie th\u00e9rapeutique via la collaboration entre ing\u00e9nieurs et m\u00e9decins et la mise en place d\u2019un environnement favorable au d\u00e9veloppement de solutions innovantes pour le mieux-\u00eatre des patients. L\u2019endoscopie th\u00e9rapeutique est une technique d\u2019intervention chirurgicale beaucoup moins invasive que la plupart des autres techniques g\u00e9n\u00e9ralement utilis\u00e9es : elle permet au m\u00e9decin d\u2019acc\u00e9der aux organes via les voies naturelles sans devoir \u00ab\u00a0d\u00e9couper\u00a0\u00bb le patient. Nos objectifs mieux traiter, pr\u00e9venir et sauver des patients souffrant de pathologies digestives comme par ex. les polypes via la colonoscopie, l\u2019ob\u00e9sit\u00e9 morbide, le diab\u00e8te de type 2, le foie gras (NASH), des cancers digestifs soigner des maladies rares pour lesquelles il n\u2019y a pas de solution disponible comme par ex. des diverticules ou des pathologies concernant des b\u00e9b\u00e9s (15 cas\/an en Belgique) et des maladies pr\u00e9sentes dans les pays en d\u00e9veloppement comme par ex. les h\u00e9morragies digestives partager les r\u00e9sultats de ces recherches au b\u00e9n\u00e9fice du plus grand nombre. Le d\u00e9veloppement de ces outils pr\u00e9sente de nombreux avantages\u00a0 pour le patient Un mieux-\u00eatre parce que les interventions sont tout simplement moins invasives Moins de probl\u00e8mes post op\u00e9ratoires Une diminution drastique de la douleur postop\u00e9ratoire [&hellip;]\" \/>\n<meta property=\"og:url\" content=\"https:\/\/michelcremerfoundation.eu\/index.php\/la-fondation-michel-cremer\/\" \/>\n<meta property=\"og:site_name\" content=\"Fondation Michel Cremer\" \/>\n<meta property=\"article:publisher\" content=\"https:\/\/www.facebook.com\/fondationmichelcremer\" \/>\n<meta property=\"article:modified_time\" content=\"2020-05-01T05:44:46+00:00\" \/>\n<meta property=\"og:image\" content=\"https:\/\/michelcremerfoundation.eu\/wp-content\/uploads\/2018\/06\/FMC-LOGO-NEW-TXT-NOIR.png\" \/>\n\t<meta property=\"og:image:width\" content=\"1662\" \/>\n\t<meta property=\"og:image:height\" content=\"1598\" \/>\n\t<meta property=\"og:image:type\" content=\"image\/png\" \/>\n<meta name=\"twitter:card\" content=\"summary_large_image\" \/>\n<meta name=\"twitter:label1\" content=\"Dur\u00e9e de lecture estim\u00e9e\" \/>\n\t<meta name=\"twitter:data1\" content=\"2 minutes\" \/>\n<script type=\"application\/ld+json\" class=\"yoast-schema-graph\">{\"@context\":\"https:\\\/\\\/schema.org\",\"@graph\":[{\"@type\":\"WebPage\",\"@id\":\"https:\\\/\\\/michelcremerfoundation.eu\\\/index.php\\\/la-fondation-michel-cremer\\\/\",\"url\":\"https:\\\/\\\/michelcremerfoundation.eu\\\/index.php\\\/la-fondation-michel-cremer\\\/\",\"name\":\"La Fondation Michel Cremer en bref - Fondation Michel Cremer\",\"isPartOf\":{\"@id\":\"https:\\\/\\\/michelcremerfoundation.eu\\\/#website\"},\"datePublished\":\"2020-04-02T09:44:18+00:00\",\"dateModified\":\"2020-05-01T05:44:46+00:00\",\"breadcrumb\":{\"@id\":\"https:\\\/\\\/michelcremerfoundation.eu\\\/index.php\\\/la-fondation-michel-cremer\\\/#breadcrumb\"},\"inLanguage\":\"fr-FR\",\"potentialAction\":[{\"@type\":\"ReadAction\",\"target\":[\"https:\\\/\\\/michelcremerfoundation.eu\\\/index.php\\\/la-fondation-michel-cremer\\\/\"]}]},{\"@type\":\"BreadcrumbList\",\"@id\":\"https:\\\/\\\/michelcremerfoundation.eu\\\/index.php\\\/la-fondation-michel-cremer\\\/#breadcrumb\",\"itemListElement\":[{\"@type\":\"ListItem\",\"position\":1,\"name\":\"Accueil\",\"item\":\"https:\\\/\\\/michelcremerfoundation.eu\\\/\"},{\"@type\":\"ListItem\",\"position\":2,\"name\":\"La Fondation Michel Cremer en bref\"}]},{\"@type\":\"WebSite\",\"@id\":\"https:\\\/\\\/michelcremerfoundation.eu\\\/#website\",\"url\":\"https:\\\/\\\/michelcremerfoundation.eu\\\/\",\"name\":\"Fondation Michel Cremer\",\"description\":\"Ensemble, vers la m\u00e9decine du futur\",\"publisher\":{\"@id\":\"https:\\\/\\\/michelcremerfoundation.eu\\\/#organization\"},\"potentialAction\":[{\"@type\":\"SearchAction\",\"target\":{\"@type\":\"EntryPoint\",\"urlTemplate\":\"https:\\\/\\\/michelcremerfoundation.eu\\\/?s={search_term_string}\"},\"query-input\":{\"@type\":\"PropertyValueSpecification\",\"valueRequired\":true,\"valueName\":\"search_term_string\"}}],\"inLanguage\":\"fr-FR\"},{\"@type\":\"Organization\",\"@id\":\"https:\\\/\\\/michelcremerfoundation.eu\\\/#organization\",\"name\":\"Fondation Michel Cremer\",\"url\":\"https:\\\/\\\/michelcremerfoundation.eu\\\/\",\"logo\":{\"@type\":\"ImageObject\",\"inLanguage\":\"fr-FR\",\"@id\":\"https:\\\/\\\/michelcremerfoundation.eu\\\/#\\\/schema\\\/logo\\\/image\\\/\",\"url\":\"https:\\\/\\\/michelcremerfoundation.eu\\\/wp-content\\\/uploads\\\/2018\\\/03\\\/Logo-FMC-e1520765525490.jpg\",\"contentUrl\":\"https:\\\/\\\/michelcremerfoundation.eu\\\/wp-content\\\/uploads\\\/2018\\\/03\\\/Logo-FMC-e1520765525490.jpg\",\"width\":100,\"height\":66,\"caption\":\"Fondation Michel Cremer\"},\"image\":{\"@id\":\"https:\\\/\\\/michelcremerfoundation.eu\\\/#\\\/schema\\\/logo\\\/image\\\/\"},\"sameAs\":[\"https:\\\/\\\/www.facebook.com\\\/fondationmichelcremer\",\"https:\\\/\\\/www.linkedin.com\\\/company\\\/18897844\"]}]}<\/script>\n<!-- \/ Yoast SEO plugin. -->","yoast_head_json":{"title":"La Fondation Michel Cremer en bref - Fondation Michel Cremer","robots":{"index":"index","follow":"follow","max-snippet":"max-snippet:-1","max-image-preview":"max-image-preview:large","max-video-preview":"max-video-preview:-1"},"canonical":"https:\/\/michelcremerfoundation.eu\/index.php\/la-fondation-michel-cremer\/","og_locale":"fr_FR","og_type":"article","og_title":"La Fondation Michel Cremer en bref - Fondation Michel Cremer","og_description":"\u00a0 Parce que le respect du patient et de la vie qu\u2019il souhaite reprendre ou simplement continuer \u00e0 mener est essentielle, \u00e0 ses yeux, la fondation Michel Cremer soutient activement la recherche en endoscopie th\u00e9rapeutique via la collaboration entre ing\u00e9nieurs et m\u00e9decins et la mise en place d\u2019un environnement favorable au d\u00e9veloppement de solutions innovantes pour le mieux-\u00eatre des patients. L\u2019endoscopie th\u00e9rapeutique est une technique d\u2019intervention chirurgicale beaucoup moins invasive que la plupart des autres techniques g\u00e9n\u00e9ralement utilis\u00e9es : elle permet au m\u00e9decin d\u2019acc\u00e9der aux organes via les voies naturelles sans devoir \u00ab\u00a0d\u00e9couper\u00a0\u00bb le patient. Nos objectifs mieux traiter, pr\u00e9venir et sauver des patients souffrant de pathologies digestives comme par ex. les polypes via la colonoscopie, l\u2019ob\u00e9sit\u00e9 morbide, le diab\u00e8te de type 2, le foie gras (NASH), des cancers digestifs soigner des maladies rares pour lesquelles il n\u2019y a pas de solution disponible comme par ex. des diverticules ou des pathologies concernant des b\u00e9b\u00e9s (15 cas\/an en Belgique) et des maladies pr\u00e9sentes dans les pays en d\u00e9veloppement comme par ex. les h\u00e9morragies digestives partager les r\u00e9sultats de ces recherches au b\u00e9n\u00e9fice du plus grand nombre. Le d\u00e9veloppement de ces outils pr\u00e9sente de nombreux avantages\u00a0 pour le patient Un mieux-\u00eatre parce que les interventions sont tout simplement moins invasives Moins de probl\u00e8mes post op\u00e9ratoires Une diminution drastique de la douleur postop\u00e9ratoire [&hellip;]","og_url":"https:\/\/michelcremerfoundation.eu\/index.php\/la-fondation-michel-cremer\/","og_site_name":"Fondation Michel Cremer","article_publisher":"https:\/\/www.facebook.com\/fondationmichelcremer","article_modified_time":"2020-05-01T05:44:46+00:00","og_image":[{"width":1662,"height":1598,"url":"https:\/\/michelcremerfoundation.eu\/wp-content\/uploads\/2018\/06\/FMC-LOGO-NEW-TXT-NOIR.png","type":"image\/png"}],"twitter_card":"summary_large_image","twitter_misc":{"Dur\u00e9e de lecture estim\u00e9e":"2 minutes"},"schema":{"@context":"https:\/\/schema.org","@graph":[{"@type":"WebPage","@id":"https:\/\/michelcremerfoundation.eu\/index.php\/la-fondation-michel-cremer\/","url":"https:\/\/michelcremerfoundation.eu\/index.php\/la-fondation-michel-cremer\/","name":"La Fondation Michel Cremer en bref - Fondation Michel Cremer","isPartOf":{"@id":"https:\/\/michelcremerfoundation.eu\/#website"},"datePublished":"2020-04-02T09:44:18+00:00","dateModified":"2020-05-01T05:44:46+00:00","breadcrumb":{"@id":"https:\/\/michelcremerfoundation.eu\/index.php\/la-fondation-michel-cremer\/#breadcrumb"},"inLanguage":"fr-FR","potentialAction":[{"@type":"ReadAction","target":["https:\/\/michelcremerfoundation.eu\/index.php\/la-fondation-michel-cremer\/"]}]},{"@type":"BreadcrumbList","@id":"https:\/\/michelcremerfoundation.eu\/index.php\/la-fondation-michel-cremer\/#breadcrumb","itemListElement":[{"@type":"ListItem","position":1,"name":"Accueil","item":"https:\/\/michelcremerfoundation.eu\/"},{"@type":"ListItem","position":2,"name":"La Fondation Michel Cremer en bref"}]},{"@type":"WebSite","@id":"https:\/\/michelcremerfoundation.eu\/#website","url":"https:\/\/michelcremerfoundation.eu\/","name":"Fondation Michel Cremer","description":"Ensemble, vers la m\u00e9decine du futur","publisher":{"@id":"https:\/\/michelcremerfoundation.eu\/#organization"},"potentialAction":[{"@type":"SearchAction","target":{"@type":"EntryPoint","urlTemplate":"https:\/\/michelcremerfoundation.eu\/?s={search_term_string}"},"query-input":{"@type":"PropertyValueSpecification","valueRequired":true,"valueName":"search_term_string"}}],"inLanguage":"fr-FR"},{"@type":"Organization","@id":"https:\/\/michelcremerfoundation.eu\/#organization","name":"Fondation Michel Cremer","url":"https:\/\/michelcremerfoundation.eu\/","logo":{"@type":"ImageObject","inLanguage":"fr-FR","@id":"https:\/\/michelcremerfoundation.eu\/#\/schema\/logo\/image\/","url":"https:\/\/michelcremerfoundation.eu\/wp-content\/uploads\/2018\/03\/Logo-FMC-e1520765525490.jpg","contentUrl":"https:\/\/michelcremerfoundation.eu\/wp-content\/uploads\/2018\/03\/Logo-FMC-e1520765525490.jpg","width":100,"height":66,"caption":"Fondation Michel Cremer"},"image":{"@id":"https:\/\/michelcremerfoundation.eu\/#\/schema\/logo\/image\/"},"sameAs":["https:\/\/www.facebook.com\/fondationmichelcremer","https:\/\/www.linkedin.com\/company\/18897844"]}]}},"campaignId":"","jetpack_shortlink":"https:\/\/wp.me\/PapkNB-M6","jetpack_sharing_enabled":true,"_links":{"self":[{"href":"https:\/\/michelcremerfoundation.eu\/index.php\/wp-json\/wp\/v2\/pages\/2982","targetHints":{"allow":["GET"]}}],"collection":[{"href":"https:\/\/michelcremerfoundation.eu\/index.php\/wp-json\/wp\/v2\/pages"}],"about":[{"href":"https:\/\/michelcremerfoundation.eu\/index.php\/wp-json\/wp\/v2\/types\/page"}],"author":[{"embeddable":true,"href":"https:\/\/michelcremerfoundation.eu\/index.php\/wp-json\/wp\/v2\/users\/8"}],"replies":[{"embeddable":true,"href":"https:\/\/michelcremerfoundation.eu\/index.php\/wp-json\/wp\/v2\/comments?post=2982"}],"version-history":[{"count":13,"href":"https:\/\/michelcremerfoundation.eu\/index.php\/wp-json\/wp\/v2\/pages\/2982\/revisions"}],"predecessor-version":[{"id":3402,"href":"https:\/\/michelcremerfoundation.eu\/index.php\/wp-json\/wp\/v2\/pages\/2982\/revisions\/3402"}],"wp:attachment":[{"href":"https:\/\/michelcremerfoundation.eu\/index.php\/wp-json\/wp\/v2\/media?parent=2982"}],"curies":[{"name":"wp","href":"https:\/\/api.w.org\/{rel}","templated":true}]}}