{"id":2582,"date":"2020-01-27T14:01:11","date_gmt":"2020-01-27T13:01:11","guid":{"rendered":"https:\/\/michelcremerfoundation.eu\/?page_id=2582"},"modified":"2020-04-10T22:00:04","modified_gmt":"2020-04-10T20:00:04","slug":"cv-sztalberg","status":"publish","type":"page","link":"https:\/\/michelcremerfoundation.eu\/index.php\/cv-sztalberg\/","title":{"rendered":"Qui sommes-nous ?"},"content":{"rendered":"\t\t<div data-elementor-type=\"wp-page\" data-elementor-id=\"2582\" class=\"elementor elementor-2582\">\n\t\t\t\t\t\t<section class=\"elementor-section elementor-top-section elementor-element elementor-element-ac2ef0c elementor-section-boxed elementor-section-height-default elementor-section-height-default\" data-id=\"ac2ef0c\" data-element_type=\"section\" data-e-type=\"section\">\n\t\t\t\t\t\t<div class=\"elementor-container elementor-column-gap-default\">\n\t\t\t\t\t<div class=\"elementor-column elementor-col-100 elementor-top-column elementor-element elementor-element-39d0637c\" data-id=\"39d0637c\" data-element_type=\"column\" data-e-type=\"column\">\n\t\t\t<div class=\"elementor-widget-wrap elementor-element-populated\">\n\t\t\t\t\t\t<section class=\"elementor-section elementor-inner-section elementor-element elementor-element-293802a0 elementor-section-boxed elementor-section-height-default elementor-section-height-default\" data-id=\"293802a0\" data-element_type=\"section\" data-e-type=\"section\">\n\t\t\t\t\t\t<div class=\"elementor-container elementor-column-gap-default\">\n\t\t\t\t\t<div class=\"elementor-column elementor-col-50 elementor-inner-column elementor-element elementor-element-4b39b328\" data-id=\"4b39b328\" data-element_type=\"column\" data-e-type=\"column\">\n\t\t\t<div class=\"elementor-widget-wrap elementor-element-populated\">\n\t\t\t\t\t\t<div class=\"elementor-element elementor-element-1aea3b01 elementor-widget elementor-widget-heading\" data-id=\"1aea3b01\" data-element_type=\"widget\" data-e-type=\"widget\" data-widget_type=\"heading.default\">\n\t\t\t\t<div class=\"elementor-widget-container\">\n\t\t\t\t\t<h2 class=\"elementor-heading-title elementor-size-default\">C\u00e9cile Sztalberg<\/h2>\t\t\t\t<\/div>\n\t\t\t\t<\/div>\n\t\t\t\t\t<\/div>\n\t\t<\/div>\n\t\t\t\t<div class=\"elementor-column elementor-col-50 elementor-inner-column elementor-element elementor-element-1643091d\" data-id=\"1643091d\" data-element_type=\"column\" data-e-type=\"column\">\n\t\t\t<div class=\"elementor-widget-wrap elementor-element-populated\">\n\t\t\t\t\t\t<div class=\"elementor-element elementor-element-69366aed e-grid-align-right elementor-shape-rounded elementor-grid-0 elementor-widget elementor-widget-social-icons\" data-id=\"69366aed\" data-element_type=\"widget\" data-e-type=\"widget\" data-widget_type=\"social-icons.default\">\n\t\t\t\t<div class=\"elementor-widget-container\">\n\t\t\t\t\t\t\t<div class=\"elementor-social-icons-wrapper elementor-grid\" role=\"list\">\n\t\t\t\t\t\t\t<span class=\"elementor-grid-item\" role=\"listitem\">\n\t\t\t\t\t<a class=\"elementor-icon elementor-social-icon elementor-social-icon-facebook elementor-repeater-item-9b3df1f\" target=\"_blank\">\n\t\t\t\t\t\t<span class=\"elementor-screen-only\">Facebook<\/span>\n\t\t\t\t\t\t<i aria-hidden=\"true\" class=\"fab fa-facebook\"><\/i>\t\t\t\t\t<\/a>\n\t\t\t\t<\/span>\n\t\t\t\t\t\t\t<span class=\"elementor-grid-item\" role=\"listitem\">\n\t\t\t\t\t<a class=\"elementor-icon elementor-social-icon elementor-social-icon-twitter elementor-repeater-item-a215d13\" target=\"_blank\">\n\t\t\t\t\t\t<span class=\"elementor-screen-only\">Twitter<\/span>\n\t\t\t\t\t\t<i aria-hidden=\"true\" class=\"fab fa-twitter\"><\/i>\t\t\t\t\t<\/a>\n\t\t\t\t<\/span>\n\t\t\t\t\t\t\t<span class=\"elementor-grid-item\" role=\"listitem\">\n\t\t\t\t\t<a class=\"elementor-icon elementor-social-icon elementor-social-icon-google-plus elementor-repeater-item-806d257\" target=\"_blank\">\n\t\t\t\t\t\t<span class=\"elementor-screen-only\">Google-plus<\/span>\n\t\t\t\t\t\t<i aria-hidden=\"true\" class=\"fab fa-google-plus\"><\/i>\t\t\t\t\t<\/a>\n\t\t\t\t<\/span>\n\t\t\t\t\t<\/div>\n\t\t\t\t\t\t<\/div>\n\t\t\t\t<\/div>\n\t\t\t\t\t<\/div>\n\t\t<\/div>\n\t\t\t\t\t<\/div>\n\t\t<\/section>\n\t\t\t\t<section class=\"elementor-section elementor-inner-section elementor-element elementor-element-697120fd elementor-section-boxed elementor-section-height-default elementor-section-height-default\" data-id=\"697120fd\" data-element_type=\"section\" data-e-type=\"section\">\n\t\t\t\t\t\t<div class=\"elementor-container elementor-column-gap-default\">\n\t\t\t\t\t<div class=\"elementor-column elementor-col-50 elementor-inner-column elementor-element elementor-element-539eb346\" data-id=\"539eb346\" data-element_type=\"column\" data-e-type=\"column\">\n\t\t\t<div class=\"elementor-widget-wrap elementor-element-populated\">\n\t\t\t\t\t\t<div class=\"elementor-element elementor-element-15ff29ca elementor-widget elementor-widget-heading\" data-id=\"15ff29ca\" data-element_type=\"widget\" data-e-type=\"widget\" data-widget_type=\"heading.default\">\n\t\t\t\t<div class=\"elementor-widget-container\">\n\t\t\t\t\t<h3 class=\"elementor-heading-title elementor-size-default\">Administrateur et d\u00e9l\u00e9gu\u00e9 \u00e0 la gestion journali\u00e8re<\/h3>\t\t\t\t<\/div>\n\t\t\t\t<\/div>\n\t\t\t\t\t<\/div>\n\t\t<\/div>\n\t\t\t\t<div class=\"elementor-column elementor-col-50 elementor-inner-column elementor-element elementor-element-19535914\" data-id=\"19535914\" data-element_type=\"column\" data-e-type=\"column\">\n\t\t\t<div class=\"elementor-widget-wrap\">\n\t\t\t\t\t\t\t<\/div>\n\t\t<\/div>\n\t\t\t\t\t<\/div>\n\t\t<\/section>\n\t\t\t\t\t<\/div>\n\t\t<\/div>\n\t\t\t\t\t<\/div>\n\t\t<\/section>\n\t\t\t\t<section class=\"elementor-section elementor-top-section elementor-element elementor-element-5bed169d elementor-section-boxed elementor-section-height-default elementor-section-height-default\" data-id=\"5bed169d\" data-element_type=\"section\" data-e-type=\"section\">\n\t\t\t\t\t\t<div class=\"elementor-container elementor-column-gap-default\">\n\t\t\t\t\t<div class=\"elementor-column elementor-col-50 elementor-top-column elementor-element elementor-element-17b4d61d\" data-id=\"17b4d61d\" data-element_type=\"column\" data-e-type=\"column\">\n\t\t\t<div class=\"elementor-widget-wrap elementor-element-populated\">\n\t\t\t\t\t\t<div class=\"elementor-element elementor-element-76b2f353 elementor-widget elementor-widget-image\" data-id=\"76b2f353\" data-element_type=\"widget\" data-e-type=\"widget\" data-widget_type=\"image.default\">\n\t\t\t\t<div class=\"elementor-widget-container\">\n\t\t\t\t\t\t\t\t\t\t\t\t\t\t\t<img fetchpriority=\"high\" decoding=\"async\" width=\"481\" height=\"519\" src=\"https:\/\/michelcremerfoundation.eu\/wp-content\/uploads\/2020\/01\/cecile.jpg\" class=\"attachment-medium_large size-medium_large wp-image-2583\" alt=\"C\u00e9cile Sztalberg\" srcset=\"https:\/\/michelcremerfoundation.eu\/wp-content\/uploads\/2020\/01\/cecile-200x216.jpg 200w, https:\/\/michelcremerfoundation.eu\/wp-content\/uploads\/2020\/01\/cecile-278x300.jpg 278w, https:\/\/michelcremerfoundation.eu\/wp-content\/uploads\/2020\/01\/cecile-400x432.jpg 400w, https:\/\/michelcremerfoundation.eu\/wp-content\/uploads\/2020\/01\/cecile.jpg 481w\" sizes=\"(max-width: 481px) 100vw, 481px\" \/>\t\t\t\t\t\t\t\t\t\t\t\t\t\t\t<\/div>\n\t\t\t\t<\/div>\n\t\t\t\t\t<\/div>\n\t\t<\/div>\n\t\t\t\t<div class=\"elementor-column elementor-col-50 elementor-top-column elementor-element elementor-element-77ec3228\" data-id=\"77ec3228\" data-element_type=\"column\" data-e-type=\"column\">\n\t\t\t<div class=\"elementor-widget-wrap elementor-element-populated\">\n\t\t\t\t\t\t<div class=\"elementor-element elementor-element-11077bfd elementor-widget elementor-widget-text-editor\" data-id=\"11077bfd\" data-element_type=\"widget\" data-e-type=\"widget\" data-widget_type=\"text-editor.default\">\n\t\t\t\t<div class=\"elementor-widget-container\">\n\t\t\t\t\t\t\t\t\t<p>Dipl\u00f4m\u00e9e Ing\u00e9nieur civil en chimie (ULB) en 1985, C\u00e9cile Sztalberg obtient ensuite une licence sp\u00e9ciale en\u00a0 gestion (Solvay) en 1987, une licence sp\u00e9ciale en droit fiscal (USL) en 1989 et un dipl\u00f4me d&rsquo;\u00e9tudes sp\u00e9cialis\u00e9es en Gestion int\u00e9gr\u00e9e d&rsquo;entreprises (Solvay \u2013 ULB) en 1999.<\/p><p>Apr\u00e8s une premi\u00e8re exp\u00e9rience comme Ing\u00e9nieur R&amp;D en gestion de la qualit\u00e9 \u00e0 l\u2019UCB, elle devient Contr\u00f4leur de gestion et analyste strat\u00e9gique \u00e0 la SADACEM.\u00a0<\/p><p>Elle entre en 1994 \u00e0 L\u2019ULB comme Conseiller scientifique dans le d\u00e9partement R&amp;D Interface pour la promotion et la valorisation de projets de recherche des \u00e9quipes dans les secteurs des technologies de pr\u00e9cision et des technologies de l\u2019information et l\u2019accompagnement \u00e0 la cr\u00e9ation de start-ups.<\/p><p>De 1999 \u00e0 2003, elle est Conseiller en charge des mati\u00e8res universitaires au Cabinet du Ministre de l\u2019enseignement sup\u00e9rieur en Communaut\u00e9 fran\u00e7aise.<\/p><p>Apr\u00e8s avoir dirig\u00e9, de 2002 \u00e0 2013, le service de formation continue de l\u2019ULB, elle devient en 2013 Secr\u00e9taire g\u00e9n\u00e9ral de la Brussels University Alliance (BEA) entre l\u2019ULB et la VUB en vue de renforcer la collaboration entre les deux universit\u00e9s. Ses activit\u00e9s touchent tant le plan de l\u2019enseignement &#8211; avec des programmes de formation en collaboration &#8211;\u00a0 que celui de la recherche &#8211; cr\u00e9ation par les Vice-Recteurs de Joint Research Groups, de joint PhD\u2019s et de projets de recherche conjoints \u2013 et celui des infrastructures &#8211; projet de Cit\u00e9 internationale universitaire en r\u00e9ponse aux besoins en logement \u00e9tudiants de l\u2019ULB et de la VUB \u00e0 l\u2019emplacement des casernes.<\/p><p>En 2018 C\u00e9cile Sztalberg devient administratrice d\u00e9l\u00e9gu\u00e9e \u00e0 la gestion journali\u00e8re de la Fondation Michel Cremer. Ses missions\u00a0: mener une r\u00e9flexion strat\u00e9gique, proposer, au Conseil d\u2019Administration, un plan strat\u00e9gique et sa mise en \u0153uvre, \u00e9laborer une politique de communication, d\u2019actions et d\u2019\u00e9v\u00e9nements pour collecter des fonds en vue de soutenir la recherche.<\/p>\t\t\t\t\t\t\t\t<\/div>\n\t\t\t\t<\/div>\n\t\t\t\t\t<\/div>\n\t\t<\/div>\n\t\t\t\t\t<\/div>\n\t\t<\/section>\n\t\t\t\t<\/div>\n\t\t","protected":false},"excerpt":{"rendered":"<p>C\u00e9cile Sztalberg Facebook Twitter Google-plus Administrateur et d\u00e9l\u00e9gu\u00e9 \u00e0 la gestion journali\u00e8re Dipl\u00f4m\u00e9e Ing\u00e9nieur civil en chimie (ULB) en 1985, C\u00e9cile Sztalberg obtient ensuite une licence sp\u00e9ciale en\u00a0 gestion (Solvay) en 1987, une licence sp\u00e9ciale en droit fiscal (USL) en 1989 et un dipl\u00f4me d&rsquo;\u00e9tudes sp\u00e9cialis\u00e9es en Gestion int\u00e9gr\u00e9e d&rsquo;entreprises (Solvay \u2013 ULB) en 1999. Apr\u00e8s une premi\u00e8re exp\u00e9rience comme Ing\u00e9nieur R&amp;D en gestion de la qualit\u00e9 \u00e0 l\u2019UCB, elle devient Contr\u00f4leur de gestion et analyste strat\u00e9gique \u00e0 la SADACEM. Elle entre en 1994 \u00e0 L\u2019ULB comme Conseiller scientifique dans le d\u00e9partement R&amp;D Interface pour la promotion et la valorisation de projets de recherche des \u00e9quipes dans les secteurs des technologies de pr\u00e9cision et des technologies de l\u2019information et l\u2019accompagnement \u00e0 la cr\u00e9ation de start-ups. De 1999 \u00e0 2003, elle est Conseiller en charge des mati\u00e8res universitaires au Cabinet du Ministre de l\u2019enseignement sup\u00e9rieur en Communaut\u00e9 fran\u00e7aise. Apr\u00e8s avoir dirig\u00e9, de 2002 \u00e0 2013, le service de formation continue de l\u2019ULB, elle devient en 2013 Secr\u00e9taire g\u00e9n\u00e9ral de la Brussels University Alliance (BEA) entre l\u2019ULB et la VUB en vue de renforcer la collaboration entre les deux universit\u00e9s. Ses activit\u00e9s touchent tant le plan de l\u2019enseignement &#8211; avec des programmes de formation en collaboration &#8211;\u00a0 que celui de la recherche &#8211; cr\u00e9ation par les Vice-Recteurs de Joint Research Groups, de [&hellip;]<\/p>\n","protected":false},"author":8,"featured_media":0,"parent":0,"menu_order":0,"comment_status":"closed","ping_status":"closed","template":"","meta":{"give_campaign_id":0,"footnotes":""},"class_list":["post-2582","page","type-page","status-publish","hentry"],"yoast_head":"<!-- This site is optimized with the Yoast SEO plugin v27.3 - https:\/\/yoast.com\/product\/yoast-seo-wordpress\/ -->\n<title>Qui sommes-nous ? - Fondation Michel Cremer<\/title>\n<meta name=\"robots\" content=\"index, follow, max-snippet:-1, max-image-preview:large, max-video-preview:-1\" \/>\n<link rel=\"canonical\" href=\"https:\/\/michelcremerfoundation.eu\/index.php\/cv-sztalberg\/\" \/>\n<meta property=\"og:locale\" content=\"fr_FR\" \/>\n<meta property=\"og:type\" content=\"article\" \/>\n<meta property=\"og:title\" content=\"Qui sommes-nous ? - Fondation Michel Cremer\" \/>\n<meta property=\"og:description\" content=\"C\u00e9cile Sztalberg Facebook Twitter Google-plus Administrateur et d\u00e9l\u00e9gu\u00e9 \u00e0 la gestion journali\u00e8re Dipl\u00f4m\u00e9e Ing\u00e9nieur civil en chimie (ULB) en 1985, C\u00e9cile Sztalberg obtient ensuite une licence sp\u00e9ciale en\u00a0 gestion (Solvay) en 1987, une licence sp\u00e9ciale en droit fiscal (USL) en 1989 et un dipl\u00f4me d&rsquo;\u00e9tudes sp\u00e9cialis\u00e9es en Gestion int\u00e9gr\u00e9e d&rsquo;entreprises (Solvay \u2013 ULB) en 1999. Apr\u00e8s une premi\u00e8re exp\u00e9rience comme Ing\u00e9nieur R&amp;D en gestion de la qualit\u00e9 \u00e0 l\u2019UCB, elle devient Contr\u00f4leur de gestion et analyste strat\u00e9gique \u00e0 la SADACEM. Elle entre en 1994 \u00e0 L\u2019ULB comme Conseiller scientifique dans le d\u00e9partement R&amp;D Interface pour la promotion et la valorisation de projets de recherche des \u00e9quipes dans les secteurs des technologies de pr\u00e9cision et des technologies de l\u2019information et l\u2019accompagnement \u00e0 la cr\u00e9ation de start-ups. De 1999 \u00e0 2003, elle est Conseiller en charge des mati\u00e8res universitaires au Cabinet du Ministre de l\u2019enseignement sup\u00e9rieur en Communaut\u00e9 fran\u00e7aise. Apr\u00e8s avoir dirig\u00e9, de 2002 \u00e0 2013, le service de formation continue de l\u2019ULB, elle devient en 2013 Secr\u00e9taire g\u00e9n\u00e9ral de la Brussels University Alliance (BEA) entre l\u2019ULB et la VUB en vue de renforcer la collaboration entre les deux universit\u00e9s. Ses activit\u00e9s touchent tant le plan de l\u2019enseignement &#8211; avec des programmes de formation en collaboration &#8211;\u00a0 que celui de la recherche &#8211; cr\u00e9ation par les Vice-Recteurs de Joint Research Groups, de [&hellip;]\" \/>\n<meta property=\"og:url\" content=\"https:\/\/michelcremerfoundation.eu\/index.php\/cv-sztalberg\/\" \/>\n<meta property=\"og:site_name\" content=\"Fondation Michel Cremer\" \/>\n<meta property=\"article:publisher\" content=\"https:\/\/www.facebook.com\/fondationmichelcremer\" \/>\n<meta property=\"article:modified_time\" content=\"2020-04-10T20:00:04+00:00\" \/>\n<meta property=\"og:image\" content=\"https:\/\/michelcremerfoundation.eu\/wp-content\/uploads\/2020\/01\/cecile.jpg\" \/>\n<meta name=\"twitter:card\" content=\"summary_large_image\" \/>\n<meta name=\"twitter:label1\" content=\"Dur\u00e9e de lecture estim\u00e9e\" \/>\n\t<meta name=\"twitter:data1\" content=\"2 minutes\" \/>\n<script type=\"application\/ld+json\" class=\"yoast-schema-graph\">{\"@context\":\"https:\\\/\\\/schema.org\",\"@graph\":[{\"@type\":\"WebPage\",\"@id\":\"https:\\\/\\\/michelcremerfoundation.eu\\\/index.php\\\/cv-sztalberg\\\/\",\"url\":\"https:\\\/\\\/michelcremerfoundation.eu\\\/index.php\\\/cv-sztalberg\\\/\",\"name\":\"Qui sommes-nous ? - Fondation Michel Cremer\",\"isPartOf\":{\"@id\":\"https:\\\/\\\/michelcremerfoundation.eu\\\/#website\"},\"primaryImageOfPage\":{\"@id\":\"https:\\\/\\\/michelcremerfoundation.eu\\\/index.php\\\/cv-sztalberg\\\/#primaryimage\"},\"image\":{\"@id\":\"https:\\\/\\\/michelcremerfoundation.eu\\\/index.php\\\/cv-sztalberg\\\/#primaryimage\"},\"thumbnailUrl\":\"https:\\\/\\\/michelcremerfoundation.eu\\\/wp-content\\\/uploads\\\/2020\\\/01\\\/cecile.jpg\",\"datePublished\":\"2020-01-27T13:01:11+00:00\",\"dateModified\":\"2020-04-10T20:00:04+00:00\",\"breadcrumb\":{\"@id\":\"https:\\\/\\\/michelcremerfoundation.eu\\\/index.php\\\/cv-sztalberg\\\/#breadcrumb\"},\"inLanguage\":\"fr-FR\",\"potentialAction\":[{\"@type\":\"ReadAction\",\"target\":[\"https:\\\/\\\/michelcremerfoundation.eu\\\/index.php\\\/cv-sztalberg\\\/\"]}]},{\"@type\":\"ImageObject\",\"inLanguage\":\"fr-FR\",\"@id\":\"https:\\\/\\\/michelcremerfoundation.eu\\\/index.php\\\/cv-sztalberg\\\/#primaryimage\",\"url\":\"https:\\\/\\\/michelcremerfoundation.eu\\\/wp-content\\\/uploads\\\/2020\\\/01\\\/cecile.jpg\",\"contentUrl\":\"https:\\\/\\\/michelcremerfoundation.eu\\\/wp-content\\\/uploads\\\/2020\\\/01\\\/cecile.jpg\"},{\"@type\":\"BreadcrumbList\",\"@id\":\"https:\\\/\\\/michelcremerfoundation.eu\\\/index.php\\\/cv-sztalberg\\\/#breadcrumb\",\"itemListElement\":[{\"@type\":\"ListItem\",\"position\":1,\"name\":\"Accueil\",\"item\":\"https:\\\/\\\/michelcremerfoundation.eu\\\/\"},{\"@type\":\"ListItem\",\"position\":2,\"name\":\"Qui sommes-nous ?\"}]},{\"@type\":\"WebSite\",\"@id\":\"https:\\\/\\\/michelcremerfoundation.eu\\\/#website\",\"url\":\"https:\\\/\\\/michelcremerfoundation.eu\\\/\",\"name\":\"Fondation Michel Cremer\",\"description\":\"Ensemble, vers la m\u00e9decine du futur\",\"publisher\":{\"@id\":\"https:\\\/\\\/michelcremerfoundation.eu\\\/#organization\"},\"potentialAction\":[{\"@type\":\"SearchAction\",\"target\":{\"@type\":\"EntryPoint\",\"urlTemplate\":\"https:\\\/\\\/michelcremerfoundation.eu\\\/?s={search_term_string}\"},\"query-input\":{\"@type\":\"PropertyValueSpecification\",\"valueRequired\":true,\"valueName\":\"search_term_string\"}}],\"inLanguage\":\"fr-FR\"},{\"@type\":\"Organization\",\"@id\":\"https:\\\/\\\/michelcremerfoundation.eu\\\/#organization\",\"name\":\"Fondation Michel Cremer\",\"url\":\"https:\\\/\\\/michelcremerfoundation.eu\\\/\",\"logo\":{\"@type\":\"ImageObject\",\"inLanguage\":\"fr-FR\",\"@id\":\"https:\\\/\\\/michelcremerfoundation.eu\\\/#\\\/schema\\\/logo\\\/image\\\/\",\"url\":\"https:\\\/\\\/michelcremerfoundation.eu\\\/wp-content\\\/uploads\\\/2018\\\/03\\\/Logo-FMC-e1520765525490.jpg\",\"contentUrl\":\"https:\\\/\\\/michelcremerfoundation.eu\\\/wp-content\\\/uploads\\\/2018\\\/03\\\/Logo-FMC-e1520765525490.jpg\",\"width\":100,\"height\":66,\"caption\":\"Fondation Michel Cremer\"},\"image\":{\"@id\":\"https:\\\/\\\/michelcremerfoundation.eu\\\/#\\\/schema\\\/logo\\\/image\\\/\"},\"sameAs\":[\"https:\\\/\\\/www.facebook.com\\\/fondationmichelcremer\",\"https:\\\/\\\/www.linkedin.com\\\/company\\\/18897844\"]}]}<\/script>\n<!-- \/ Yoast SEO plugin. -->","yoast_head_json":{"title":"Qui sommes-nous ? - Fondation Michel Cremer","robots":{"index":"index","follow":"follow","max-snippet":"max-snippet:-1","max-image-preview":"max-image-preview:large","max-video-preview":"max-video-preview:-1"},"canonical":"https:\/\/michelcremerfoundation.eu\/index.php\/cv-sztalberg\/","og_locale":"fr_FR","og_type":"article","og_title":"Qui sommes-nous ? - Fondation Michel Cremer","og_description":"C\u00e9cile Sztalberg Facebook Twitter Google-plus Administrateur et d\u00e9l\u00e9gu\u00e9 \u00e0 la gestion journali\u00e8re Dipl\u00f4m\u00e9e Ing\u00e9nieur civil en chimie (ULB) en 1985, C\u00e9cile Sztalberg obtient ensuite une licence sp\u00e9ciale en\u00a0 gestion (Solvay) en 1987, une licence sp\u00e9ciale en droit fiscal (USL) en 1989 et un dipl\u00f4me d&rsquo;\u00e9tudes sp\u00e9cialis\u00e9es en Gestion int\u00e9gr\u00e9e d&rsquo;entreprises (Solvay \u2013 ULB) en 1999. Apr\u00e8s une premi\u00e8re exp\u00e9rience comme Ing\u00e9nieur R&amp;D en gestion de la qualit\u00e9 \u00e0 l\u2019UCB, elle devient Contr\u00f4leur de gestion et analyste strat\u00e9gique \u00e0 la SADACEM. Elle entre en 1994 \u00e0 L\u2019ULB comme Conseiller scientifique dans le d\u00e9partement R&amp;D Interface pour la promotion et la valorisation de projets de recherche des \u00e9quipes dans les secteurs des technologies de pr\u00e9cision et des technologies de l\u2019information et l\u2019accompagnement \u00e0 la cr\u00e9ation de start-ups. De 1999 \u00e0 2003, elle est Conseiller en charge des mati\u00e8res universitaires au Cabinet du Ministre de l\u2019enseignement sup\u00e9rieur en Communaut\u00e9 fran\u00e7aise. Apr\u00e8s avoir dirig\u00e9, de 2002 \u00e0 2013, le service de formation continue de l\u2019ULB, elle devient en 2013 Secr\u00e9taire g\u00e9n\u00e9ral de la Brussels University Alliance (BEA) entre l\u2019ULB et la VUB en vue de renforcer la collaboration entre les deux universit\u00e9s. Ses activit\u00e9s touchent tant le plan de l\u2019enseignement &#8211; avec des programmes de formation en collaboration &#8211;\u00a0 que celui de la recherche &#8211; cr\u00e9ation par les Vice-Recteurs de Joint Research Groups, de [&hellip;]","og_url":"https:\/\/michelcremerfoundation.eu\/index.php\/cv-sztalberg\/","og_site_name":"Fondation Michel Cremer","article_publisher":"https:\/\/www.facebook.com\/fondationmichelcremer","article_modified_time":"2020-04-10T20:00:04+00:00","og_image":[{"url":"https:\/\/michelcremerfoundation.eu\/wp-content\/uploads\/2020\/01\/cecile.jpg","type":"","width":"","height":""}],"twitter_card":"summary_large_image","twitter_misc":{"Dur\u00e9e de lecture estim\u00e9e":"2 minutes"},"schema":{"@context":"https:\/\/schema.org","@graph":[{"@type":"WebPage","@id":"https:\/\/michelcremerfoundation.eu\/index.php\/cv-sztalberg\/","url":"https:\/\/michelcremerfoundation.eu\/index.php\/cv-sztalberg\/","name":"Qui sommes-nous ? - Fondation Michel Cremer","isPartOf":{"@id":"https:\/\/michelcremerfoundation.eu\/#website"},"primaryImageOfPage":{"@id":"https:\/\/michelcremerfoundation.eu\/index.php\/cv-sztalberg\/#primaryimage"},"image":{"@id":"https:\/\/michelcremerfoundation.eu\/index.php\/cv-sztalberg\/#primaryimage"},"thumbnailUrl":"https:\/\/michelcremerfoundation.eu\/wp-content\/uploads\/2020\/01\/cecile.jpg","datePublished":"2020-01-27T13:01:11+00:00","dateModified":"2020-04-10T20:00:04+00:00","breadcrumb":{"@id":"https:\/\/michelcremerfoundation.eu\/index.php\/cv-sztalberg\/#breadcrumb"},"inLanguage":"fr-FR","potentialAction":[{"@type":"ReadAction","target":["https:\/\/michelcremerfoundation.eu\/index.php\/cv-sztalberg\/"]}]},{"@type":"ImageObject","inLanguage":"fr-FR","@id":"https:\/\/michelcremerfoundation.eu\/index.php\/cv-sztalberg\/#primaryimage","url":"https:\/\/michelcremerfoundation.eu\/wp-content\/uploads\/2020\/01\/cecile.jpg","contentUrl":"https:\/\/michelcremerfoundation.eu\/wp-content\/uploads\/2020\/01\/cecile.jpg"},{"@type":"BreadcrumbList","@id":"https:\/\/michelcremerfoundation.eu\/index.php\/cv-sztalberg\/#breadcrumb","itemListElement":[{"@type":"ListItem","position":1,"name":"Accueil","item":"https:\/\/michelcremerfoundation.eu\/"},{"@type":"ListItem","position":2,"name":"Qui sommes-nous ?"}]},{"@type":"WebSite","@id":"https:\/\/michelcremerfoundation.eu\/#website","url":"https:\/\/michelcremerfoundation.eu\/","name":"Fondation Michel Cremer","description":"Ensemble, vers la m\u00e9decine du futur","publisher":{"@id":"https:\/\/michelcremerfoundation.eu\/#organization"},"potentialAction":[{"@type":"SearchAction","target":{"@type":"EntryPoint","urlTemplate":"https:\/\/michelcremerfoundation.eu\/?s={search_term_string}"},"query-input":{"@type":"PropertyValueSpecification","valueRequired":true,"valueName":"search_term_string"}}],"inLanguage":"fr-FR"},{"@type":"Organization","@id":"https:\/\/michelcremerfoundation.eu\/#organization","name":"Fondation Michel Cremer","url":"https:\/\/michelcremerfoundation.eu\/","logo":{"@type":"ImageObject","inLanguage":"fr-FR","@id":"https:\/\/michelcremerfoundation.eu\/#\/schema\/logo\/image\/","url":"https:\/\/michelcremerfoundation.eu\/wp-content\/uploads\/2018\/03\/Logo-FMC-e1520765525490.jpg","contentUrl":"https:\/\/michelcremerfoundation.eu\/wp-content\/uploads\/2018\/03\/Logo-FMC-e1520765525490.jpg","width":100,"height":66,"caption":"Fondation Michel Cremer"},"image":{"@id":"https:\/\/michelcremerfoundation.eu\/#\/schema\/logo\/image\/"},"sameAs":["https:\/\/www.facebook.com\/fondationmichelcremer","https:\/\/www.linkedin.com\/company\/18897844"]}]}},"campaignId":"","jetpack_shortlink":"https:\/\/wp.me\/PapkNB-FE","jetpack_sharing_enabled":true,"_links":{"self":[{"href":"https:\/\/michelcremerfoundation.eu\/index.php\/wp-json\/wp\/v2\/pages\/2582","targetHints":{"allow":["GET"]}}],"collection":[{"href":"https:\/\/michelcremerfoundation.eu\/index.php\/wp-json\/wp\/v2\/pages"}],"about":[{"href":"https:\/\/michelcremerfoundation.eu\/index.php\/wp-json\/wp\/v2\/types\/page"}],"author":[{"embeddable":true,"href":"https:\/\/michelcremerfoundation.eu\/index.php\/wp-json\/wp\/v2\/users\/8"}],"replies":[{"embeddable":true,"href":"https:\/\/michelcremerfoundation.eu\/index.php\/wp-json\/wp\/v2\/comments?post=2582"}],"version-history":[{"count":12,"href":"https:\/\/michelcremerfoundation.eu\/index.php\/wp-json\/wp\/v2\/pages\/2582\/revisions"}],"predecessor-version":[{"id":3205,"href":"https:\/\/michelcremerfoundation.eu\/index.php\/wp-json\/wp\/v2\/pages\/2582\/revisions\/3205"}],"wp:attachment":[{"href":"https:\/\/michelcremerfoundation.eu\/index.php\/wp-json\/wp\/v2\/media?parent=2582"}],"curies":[{"name":"wp","href":"https:\/\/api.w.org\/{rel}","templated":true}]}}