{"id":2565,"date":"2020-01-18T14:05:19","date_gmt":"2020-01-18T13:05:19","guid":{"rendered":"https:\/\/michelcremerfoundation.eu\/?page_id=2565"},"modified":"2020-01-18T14:47:23","modified_gmt":"2020-01-18T13:47:23","slug":"cv-beauprez","status":"publish","type":"page","link":"https:\/\/michelcremerfoundation.eu\/index.php\/cv-beauprez\/","title":{"rendered":"Qui sommes-nous ?"},"content":{"rendered":"\t\t<div data-elementor-type=\"wp-page\" data-elementor-id=\"2565\" class=\"elementor elementor-2565\">\n\t\t\t\t\t\t<section class=\"elementor-section elementor-top-section elementor-element elementor-element-345e330d elementor-section-boxed elementor-section-height-default elementor-section-height-default\" data-id=\"345e330d\" data-element_type=\"section\" data-e-type=\"section\">\n\t\t\t\t\t\t<div class=\"elementor-container elementor-column-gap-default\">\n\t\t\t\t\t<div class=\"elementor-column elementor-col-100 elementor-top-column elementor-element elementor-element-62951f4a\" data-id=\"62951f4a\" data-element_type=\"column\" data-e-type=\"column\">\n\t\t\t<div class=\"elementor-widget-wrap elementor-element-populated\">\n\t\t\t\t\t\t<section class=\"elementor-section elementor-inner-section elementor-element elementor-element-1e7240ff elementor-section-boxed elementor-section-height-default elementor-section-height-default\" data-id=\"1e7240ff\" data-element_type=\"section\" data-e-type=\"section\">\n\t\t\t\t\t\t<div class=\"elementor-container elementor-column-gap-default\">\n\t\t\t\t\t<div class=\"elementor-column elementor-col-50 elementor-inner-column elementor-element elementor-element-694949d4\" data-id=\"694949d4\" data-element_type=\"column\" data-e-type=\"column\">\n\t\t\t<div class=\"elementor-widget-wrap elementor-element-populated\">\n\t\t\t\t\t\t<div class=\"elementor-element elementor-element-7d10cf2e elementor-widget elementor-widget-heading\" data-id=\"7d10cf2e\" data-element_type=\"widget\" data-e-type=\"widget\" data-widget_type=\"heading.default\">\n\t\t\t\t<div class=\"elementor-widget-container\">\n\t\t\t\t\t<h2 class=\"elementor-heading-title elementor-size-default\">nancy beauprez<\/h2>\t\t\t\t<\/div>\n\t\t\t\t<\/div>\n\t\t\t\t\t<\/div>\n\t\t<\/div>\n\t\t\t\t<div class=\"elementor-column elementor-col-50 elementor-inner-column elementor-element elementor-element-1754d115\" data-id=\"1754d115\" data-element_type=\"column\" data-e-type=\"column\">\n\t\t\t<div class=\"elementor-widget-wrap elementor-element-populated\">\n\t\t\t\t\t\t<div class=\"elementor-element elementor-element-9892e58 e-grid-align-right elementor-shape-rounded elementor-grid-0 elementor-widget elementor-widget-social-icons\" data-id=\"9892e58\" data-element_type=\"widget\" data-e-type=\"widget\" data-widget_type=\"social-icons.default\">\n\t\t\t\t<div class=\"elementor-widget-container\">\n\t\t\t\t\t\t\t<div class=\"elementor-social-icons-wrapper elementor-grid\" role=\"list\">\n\t\t\t\t\t\t\t<span class=\"elementor-grid-item\" role=\"listitem\">\n\t\t\t\t\t<a class=\"elementor-icon elementor-social-icon elementor-social-icon-facebook elementor-repeater-item-9b3df1f\" target=\"_blank\">\n\t\t\t\t\t\t<span class=\"elementor-screen-only\">Facebook<\/span>\n\t\t\t\t\t\t<i aria-hidden=\"true\" class=\"fab fa-facebook\"><\/i>\t\t\t\t\t<\/a>\n\t\t\t\t<\/span>\n\t\t\t\t\t\t\t<span class=\"elementor-grid-item\" role=\"listitem\">\n\t\t\t\t\t<a class=\"elementor-icon elementor-social-icon elementor-social-icon-twitter elementor-repeater-item-a215d13\" target=\"_blank\">\n\t\t\t\t\t\t<span class=\"elementor-screen-only\">Twitter<\/span>\n\t\t\t\t\t\t<i aria-hidden=\"true\" class=\"fab fa-twitter\"><\/i>\t\t\t\t\t<\/a>\n\t\t\t\t<\/span>\n\t\t\t\t\t\t\t<span class=\"elementor-grid-item\" role=\"listitem\">\n\t\t\t\t\t<a class=\"elementor-icon elementor-social-icon elementor-social-icon-google-plus elementor-repeater-item-806d257\" target=\"_blank\">\n\t\t\t\t\t\t<span class=\"elementor-screen-only\">Google-plus<\/span>\n\t\t\t\t\t\t<i aria-hidden=\"true\" class=\"fab fa-google-plus\"><\/i>\t\t\t\t\t<\/a>\n\t\t\t\t<\/span>\n\t\t\t\t\t<\/div>\n\t\t\t\t\t\t<\/div>\n\t\t\t\t<\/div>\n\t\t\t\t\t<\/div>\n\t\t<\/div>\n\t\t\t\t\t<\/div>\n\t\t<\/section>\n\t\t\t\t<section class=\"elementor-section elementor-inner-section elementor-element elementor-element-3b01df7a elementor-section-boxed elementor-section-height-default elementor-section-height-default\" data-id=\"3b01df7a\" data-element_type=\"section\" data-e-type=\"section\">\n\t\t\t\t\t\t<div class=\"elementor-container elementor-column-gap-default\">\n\t\t\t\t\t<div class=\"elementor-column elementor-col-50 elementor-inner-column elementor-element elementor-element-555f04aa\" data-id=\"555f04aa\" data-element_type=\"column\" data-e-type=\"column\">\n\t\t\t<div class=\"elementor-widget-wrap elementor-element-populated\">\n\t\t\t\t\t\t<div class=\"elementor-element elementor-element-ae3448e elementor-widget elementor-widget-heading\" data-id=\"ae3448e\" data-element_type=\"widget\" data-e-type=\"widget\" data-widget_type=\"heading.default\">\n\t\t\t\t<div class=\"elementor-widget-container\">\n\t\t\t\t\t<h3 class=\"elementor-heading-title elementor-size-default\">administrateur<\/h3>\t\t\t\t<\/div>\n\t\t\t\t<\/div>\n\t\t\t\t\t<\/div>\n\t\t<\/div>\n\t\t\t\t<div class=\"elementor-column elementor-col-50 elementor-inner-column elementor-element elementor-element-104d0d36\" data-id=\"104d0d36\" data-element_type=\"column\" data-e-type=\"column\">\n\t\t\t<div class=\"elementor-widget-wrap\">\n\t\t\t\t\t\t\t<\/div>\n\t\t<\/div>\n\t\t\t\t\t<\/div>\n\t\t<\/section>\n\t\t\t\t\t<\/div>\n\t\t<\/div>\n\t\t\t\t\t<\/div>\n\t\t<\/section>\n\t\t\t\t<section class=\"elementor-section elementor-top-section elementor-element elementor-element-273d86c5 elementor-section-boxed elementor-section-height-default elementor-section-height-default\" data-id=\"273d86c5\" data-element_type=\"section\" data-e-type=\"section\">\n\t\t\t\t\t\t<div class=\"elementor-container elementor-column-gap-default\">\n\t\t\t\t\t<div class=\"elementor-column elementor-col-50 elementor-top-column elementor-element elementor-element-6cbae747\" data-id=\"6cbae747\" data-element_type=\"column\" data-e-type=\"column\">\n\t\t\t<div class=\"elementor-widget-wrap elementor-element-populated\">\n\t\t\t\t\t\t<div class=\"elementor-element elementor-element-1c0f85ab elementor-widget elementor-widget-image\" data-id=\"1c0f85ab\" data-element_type=\"widget\" data-e-type=\"widget\" data-widget_type=\"image.default\">\n\t\t\t\t<div class=\"elementor-widget-container\">\n\t\t\t\t\t\t\t\t\t\t\t\t\t\t\t<img fetchpriority=\"high\" decoding=\"async\" width=\"768\" height=\"510\" src=\"https:\/\/michelcremerfoundation.eu\/wp-content\/uploads\/2020\/01\/Photo-Nancy-Beauprez-768x510.jpg\" class=\"attachment-medium_large size-medium_large wp-image-2567\" alt=\"Nancy Beauprez\" srcset=\"https:\/\/michelcremerfoundation.eu\/wp-content\/uploads\/2020\/01\/Photo-Nancy-Beauprez-200x133.jpg 200w, https:\/\/michelcremerfoundation.eu\/wp-content\/uploads\/2020\/01\/Photo-Nancy-Beauprez-300x199.jpg 300w, https:\/\/michelcremerfoundation.eu\/wp-content\/uploads\/2020\/01\/Photo-Nancy-Beauprez-400x266.jpg 400w, https:\/\/michelcremerfoundation.eu\/wp-content\/uploads\/2020\/01\/Photo-Nancy-Beauprez-600x399.jpg 600w, https:\/\/michelcremerfoundation.eu\/wp-content\/uploads\/2020\/01\/Photo-Nancy-Beauprez-700x465.jpg 700w, https:\/\/michelcremerfoundation.eu\/wp-content\/uploads\/2020\/01\/Photo-Nancy-Beauprez-768x510.jpg 768w, https:\/\/michelcremerfoundation.eu\/wp-content\/uploads\/2020\/01\/Photo-Nancy-Beauprez-800x531.jpg 800w, https:\/\/michelcremerfoundation.eu\/wp-content\/uploads\/2020\/01\/Photo-Nancy-Beauprez-1024x680.jpg 1024w, https:\/\/michelcremerfoundation.eu\/wp-content\/uploads\/2020\/01\/Photo-Nancy-Beauprez-1200x797.jpg 1200w, https:\/\/michelcremerfoundation.eu\/wp-content\/uploads\/2020\/01\/Photo-Nancy-Beauprez-1536x1020.jpg 1536w\" sizes=\"(max-width: 768px) 100vw, 768px\" \/>\t\t\t\t\t\t\t\t\t\t\t\t\t\t\t<\/div>\n\t\t\t\t<\/div>\n\t\t\t\t\t<\/div>\n\t\t<\/div>\n\t\t\t\t<div class=\"elementor-column elementor-col-50 elementor-top-column elementor-element elementor-element-730defdf\" data-id=\"730defdf\" data-element_type=\"column\" data-e-type=\"column\">\n\t\t\t<div class=\"elementor-widget-wrap elementor-element-populated\">\n\t\t\t\t\t\t<div class=\"elementor-element elementor-element-11e1df87 elementor-widget elementor-widget-text-editor\" data-id=\"11e1df87\" data-element_type=\"widget\" data-e-type=\"widget\" data-widget_type=\"text-editor.default\">\n\t\t\t\t<div class=\"elementor-widget-container\">\n\t\t\t\t\t\t\t\t\t<p>Dipl\u00f4m\u00e9e en secr\u00e9tariat m\u00e9dical et social en 1985, Nancy Beauprez est secr\u00e9taire administrative du D\u00e9partement de Gastro-Ent\u00e9rologie, H\u00e9pato-Pancr\u00e9atologie et Oncologie Digestive de l\u2019H\u00f4pital Erasme depuis 20 ans.<\/p><p>Elle est \u00e9galement Coordinatrice du \u00a0\u00abGastroenterology and Endotherapy European Workshop (GEEW) \u00bb depuis 1998 et assistante du \u00ab European Society for Clinical Nutrition and Metabolism (ESPEN) \u00bb depuis 2008.\u00a0<\/p>\t\t\t\t\t\t\t\t<\/div>\n\t\t\t\t<\/div>\n\t\t\t\t\t<\/div>\n\t\t<\/div>\n\t\t\t\t\t<\/div>\n\t\t<\/section>\n\t\t\t\t<section class=\"elementor-section elementor-top-section elementor-element elementor-element-a513439 elementor-section-boxed elementor-section-height-default elementor-section-height-default\" data-id=\"a513439\" data-element_type=\"section\" data-e-type=\"section\">\n\t\t\t\t\t\t<div class=\"elementor-container elementor-column-gap-default\">\n\t\t\t\t\t<div class=\"elementor-column elementor-col-33 elementor-top-column elementor-element elementor-element-92ab0fc\" data-id=\"92ab0fc\" data-element_type=\"column\" data-e-type=\"column\">\n\t\t\t<div class=\"elementor-widget-wrap elementor-element-populated\">\n\t\t\t\t\t\t<div class=\"elementor-element elementor-element-6d9a88d elementor-view-default elementor-widget elementor-widget-icon\" data-id=\"6d9a88d\" data-element_type=\"widget\" data-e-type=\"widget\" data-widget_type=\"icon.default\">\n\t\t\t\t<div class=\"elementor-widget-container\">\n\t\t\t\t\t\t\t<div class=\"elementor-icon-wrapper\">\n\t\t\t<div class=\"elementor-icon\">\n\t\t\t<i aria-hidden=\"true\" class=\"fas fa-quote-left\"><\/i>\t\t\t<\/div>\n\t\t<\/div>\n\t\t\t\t\t\t<\/div>\n\t\t\t\t<\/div>\n\t\t\t\t\t<\/div>\n\t\t<\/div>\n\t\t\t\t<div class=\"elementor-column elementor-col-33 elementor-top-column elementor-element elementor-element-cc4ad5b\" data-id=\"cc4ad5b\" data-element_type=\"column\" data-e-type=\"column\">\n\t\t\t<div class=\"elementor-widget-wrap elementor-element-populated\">\n\t\t\t\t\t\t<div class=\"elementor-element elementor-element-315f9af elementor-widget elementor-widget-text-editor\" data-id=\"315f9af\" data-element_type=\"widget\" data-e-type=\"widget\" data-widget_type=\"text-editor.default\">\n\t\t\t\t<div class=\"elementor-widget-container\">\n\t\t\t\t\t\t\t\t\t<p>J\u2019ai eu la chance de travailler pour le Professeur Michel Cremer pendant plusieurs ann\u00e9es. En reconnaissance de son immense contribution au d\u00e9veloppement de l\u2019endoscopie digestive diagnostique et th\u00e9rapeutique, je suis tr\u00e8s enthousiaste de pouvoir apporter mon soutien aux d\u00e9veloppements futurs de cette discipline au travers des travaux de la Fondation qui porte son nom.<\/p>\t\t\t\t\t\t\t\t<\/div>\n\t\t\t\t<\/div>\n\t\t\t\t\t<\/div>\n\t\t<\/div>\n\t\t\t\t<div class=\"elementor-column elementor-col-33 elementor-top-column elementor-element elementor-element-a524a3f\" data-id=\"a524a3f\" data-element_type=\"column\" data-e-type=\"column\">\n\t\t\t<div class=\"elementor-widget-wrap elementor-element-populated\">\n\t\t\t\t\t\t<div class=\"elementor-element elementor-element-a44386c elementor-view-default elementor-widget elementor-widget-icon\" data-id=\"a44386c\" data-element_type=\"widget\" data-e-type=\"widget\" data-widget_type=\"icon.default\">\n\t\t\t\t<div class=\"elementor-widget-container\">\n\t\t\t\t\t\t\t<div class=\"elementor-icon-wrapper\">\n\t\t\t<div class=\"elementor-icon\">\n\t\t\t<i aria-hidden=\"true\" class=\"fas fa-quote-right\"><\/i>\t\t\t<\/div>\n\t\t<\/div>\n\t\t\t\t\t\t<\/div>\n\t\t\t\t<\/div>\n\t\t\t\t\t<\/div>\n\t\t<\/div>\n\t\t\t\t\t<\/div>\n\t\t<\/section>\n\t\t\t\t<\/div>\n\t\t","protected":false},"excerpt":{"rendered":"<p>nancy beauprez Facebook Twitter Google-plus administrateur Dipl\u00f4m\u00e9e en secr\u00e9tariat m\u00e9dical et social en 1985, Nancy Beauprez est secr\u00e9taire administrative du D\u00e9partement de Gastro-Ent\u00e9rologie, H\u00e9pato-Pancr\u00e9atologie et Oncologie Digestive de l\u2019H\u00f4pital Erasme depuis 20 ans. Elle est \u00e9galement Coordinatrice du \u00a0\u00abGastroenterology and Endotherapy European Workshop (GEEW) \u00bb depuis 1998 et assistante du \u00ab European Society for Clinical Nutrition and Metabolism (ESPEN) \u00bb depuis 2008.\u00a0 J\u2019ai eu la chance de travailler pour le Professeur Michel Cremer pendant plusieurs ann\u00e9es. En reconnaissance de son immense contribution au d\u00e9veloppement de l\u2019endoscopie digestive diagnostique et th\u00e9rapeutique, je suis tr\u00e8s enthousiaste de pouvoir apporter mon soutien aux d\u00e9veloppements futurs de cette discipline au travers des travaux de la Fondation qui porte son nom.<\/p>\n","protected":false},"author":8,"featured_media":0,"parent":0,"menu_order":0,"comment_status":"closed","ping_status":"closed","template":"","meta":{"give_campaign_id":0,"footnotes":""},"class_list":["post-2565","page","type-page","status-publish","hentry"],"yoast_head":"<!-- This site is optimized with the Yoast SEO plugin v27.3 - https:\/\/yoast.com\/product\/yoast-seo-wordpress\/ -->\n<title>Qui sommes-nous ? - Fondation Michel Cremer<\/title>\n<meta name=\"robots\" content=\"index, follow, max-snippet:-1, max-image-preview:large, max-video-preview:-1\" \/>\n<link rel=\"canonical\" href=\"https:\/\/michelcremerfoundation.eu\/index.php\/cv-beauprez\/\" \/>\n<meta property=\"og:locale\" content=\"fr_FR\" \/>\n<meta property=\"og:type\" content=\"article\" \/>\n<meta property=\"og:title\" content=\"Qui sommes-nous ? - Fondation Michel Cremer\" \/>\n<meta property=\"og:description\" content=\"nancy beauprez Facebook Twitter Google-plus administrateur Dipl\u00f4m\u00e9e en secr\u00e9tariat m\u00e9dical et social en 1985, Nancy Beauprez est secr\u00e9taire administrative du D\u00e9partement de Gastro-Ent\u00e9rologie, H\u00e9pato-Pancr\u00e9atologie et Oncologie Digestive de l\u2019H\u00f4pital Erasme depuis 20 ans. Elle est \u00e9galement Coordinatrice du \u00a0\u00abGastroenterology and Endotherapy European Workshop (GEEW) \u00bb depuis 1998 et assistante du \u00ab European Society for Clinical Nutrition and Metabolism (ESPEN) \u00bb depuis 2008.\u00a0 J\u2019ai eu la chance de travailler pour le Professeur Michel Cremer pendant plusieurs ann\u00e9es. En reconnaissance de son immense contribution au d\u00e9veloppement de l\u2019endoscopie digestive diagnostique et th\u00e9rapeutique, je suis tr\u00e8s enthousiaste de pouvoir apporter mon soutien aux d\u00e9veloppements futurs de cette discipline au travers des travaux de la Fondation qui porte son nom.\" \/>\n<meta property=\"og:url\" content=\"https:\/\/michelcremerfoundation.eu\/index.php\/cv-beauprez\/\" \/>\n<meta property=\"og:site_name\" content=\"Fondation Michel Cremer\" \/>\n<meta property=\"article:publisher\" content=\"https:\/\/www.facebook.com\/fondationmichelcremer\" \/>\n<meta property=\"article:modified_time\" content=\"2020-01-18T13:47:23+00:00\" \/>\n<meta property=\"og:image\" content=\"https:\/\/michelcremerfoundation.eu\/wp-content\/uploads\/2020\/01\/Photo-Nancy-Beauprez-768x510.jpg\" \/>\n<meta name=\"twitter:card\" content=\"summary_large_image\" \/>\n<meta name=\"twitter:label1\" content=\"Dur\u00e9e de lecture estim\u00e9e\" \/>\n\t<meta name=\"twitter:data1\" content=\"1 minute\" \/>\n<script type=\"application\/ld+json\" class=\"yoast-schema-graph\">{\"@context\":\"https:\\\/\\\/schema.org\",\"@graph\":[{\"@type\":\"WebPage\",\"@id\":\"https:\\\/\\\/michelcremerfoundation.eu\\\/index.php\\\/cv-beauprez\\\/\",\"url\":\"https:\\\/\\\/michelcremerfoundation.eu\\\/index.php\\\/cv-beauprez\\\/\",\"name\":\"Qui sommes-nous ? - Fondation Michel Cremer\",\"isPartOf\":{\"@id\":\"https:\\\/\\\/michelcremerfoundation.eu\\\/#website\"},\"primaryImageOfPage\":{\"@id\":\"https:\\\/\\\/michelcremerfoundation.eu\\\/index.php\\\/cv-beauprez\\\/#primaryimage\"},\"image\":{\"@id\":\"https:\\\/\\\/michelcremerfoundation.eu\\\/index.php\\\/cv-beauprez\\\/#primaryimage\"},\"thumbnailUrl\":\"https:\\\/\\\/michelcremerfoundation.eu\\\/wp-content\\\/uploads\\\/2020\\\/01\\\/Photo-Nancy-Beauprez-768x510.jpg\",\"datePublished\":\"2020-01-18T13:05:19+00:00\",\"dateModified\":\"2020-01-18T13:47:23+00:00\",\"breadcrumb\":{\"@id\":\"https:\\\/\\\/michelcremerfoundation.eu\\\/index.php\\\/cv-beauprez\\\/#breadcrumb\"},\"inLanguage\":\"fr-FR\",\"potentialAction\":[{\"@type\":\"ReadAction\",\"target\":[\"https:\\\/\\\/michelcremerfoundation.eu\\\/index.php\\\/cv-beauprez\\\/\"]}]},{\"@type\":\"ImageObject\",\"inLanguage\":\"fr-FR\",\"@id\":\"https:\\\/\\\/michelcremerfoundation.eu\\\/index.php\\\/cv-beauprez\\\/#primaryimage\",\"url\":\"https:\\\/\\\/michelcremerfoundation.eu\\\/wp-content\\\/uploads\\\/2020\\\/01\\\/Photo-Nancy-Beauprez-768x510.jpg\",\"contentUrl\":\"https:\\\/\\\/michelcremerfoundation.eu\\\/wp-content\\\/uploads\\\/2020\\\/01\\\/Photo-Nancy-Beauprez-768x510.jpg\"},{\"@type\":\"BreadcrumbList\",\"@id\":\"https:\\\/\\\/michelcremerfoundation.eu\\\/index.php\\\/cv-beauprez\\\/#breadcrumb\",\"itemListElement\":[{\"@type\":\"ListItem\",\"position\":1,\"name\":\"Accueil\",\"item\":\"https:\\\/\\\/michelcremerfoundation.eu\\\/\"},{\"@type\":\"ListItem\",\"position\":2,\"name\":\"Qui sommes-nous ?\"}]},{\"@type\":\"WebSite\",\"@id\":\"https:\\\/\\\/michelcremerfoundation.eu\\\/#website\",\"url\":\"https:\\\/\\\/michelcremerfoundation.eu\\\/\",\"name\":\"Fondation Michel Cremer\",\"description\":\"Ensemble, vers la m\u00e9decine du futur\",\"publisher\":{\"@id\":\"https:\\\/\\\/michelcremerfoundation.eu\\\/#organization\"},\"potentialAction\":[{\"@type\":\"SearchAction\",\"target\":{\"@type\":\"EntryPoint\",\"urlTemplate\":\"https:\\\/\\\/michelcremerfoundation.eu\\\/?s={search_term_string}\"},\"query-input\":{\"@type\":\"PropertyValueSpecification\",\"valueRequired\":true,\"valueName\":\"search_term_string\"}}],\"inLanguage\":\"fr-FR\"},{\"@type\":\"Organization\",\"@id\":\"https:\\\/\\\/michelcremerfoundation.eu\\\/#organization\",\"name\":\"Fondation Michel Cremer\",\"url\":\"https:\\\/\\\/michelcremerfoundation.eu\\\/\",\"logo\":{\"@type\":\"ImageObject\",\"inLanguage\":\"fr-FR\",\"@id\":\"https:\\\/\\\/michelcremerfoundation.eu\\\/#\\\/schema\\\/logo\\\/image\\\/\",\"url\":\"https:\\\/\\\/michelcremerfoundation.eu\\\/wp-content\\\/uploads\\\/2018\\\/03\\\/Logo-FMC-e1520765525490.jpg\",\"contentUrl\":\"https:\\\/\\\/michelcremerfoundation.eu\\\/wp-content\\\/uploads\\\/2018\\\/03\\\/Logo-FMC-e1520765525490.jpg\",\"width\":100,\"height\":66,\"caption\":\"Fondation Michel Cremer\"},\"image\":{\"@id\":\"https:\\\/\\\/michelcremerfoundation.eu\\\/#\\\/schema\\\/logo\\\/image\\\/\"},\"sameAs\":[\"https:\\\/\\\/www.facebook.com\\\/fondationmichelcremer\",\"https:\\\/\\\/www.linkedin.com\\\/company\\\/18897844\"]}]}<\/script>\n<!-- \/ Yoast SEO plugin. -->","yoast_head_json":{"title":"Qui sommes-nous ? - Fondation Michel Cremer","robots":{"index":"index","follow":"follow","max-snippet":"max-snippet:-1","max-image-preview":"max-image-preview:large","max-video-preview":"max-video-preview:-1"},"canonical":"https:\/\/michelcremerfoundation.eu\/index.php\/cv-beauprez\/","og_locale":"fr_FR","og_type":"article","og_title":"Qui sommes-nous ? - Fondation Michel Cremer","og_description":"nancy beauprez Facebook Twitter Google-plus administrateur Dipl\u00f4m\u00e9e en secr\u00e9tariat m\u00e9dical et social en 1985, Nancy Beauprez est secr\u00e9taire administrative du D\u00e9partement de Gastro-Ent\u00e9rologie, H\u00e9pato-Pancr\u00e9atologie et Oncologie Digestive de l\u2019H\u00f4pital Erasme depuis 20 ans. Elle est \u00e9galement Coordinatrice du \u00a0\u00abGastroenterology and Endotherapy European Workshop (GEEW) \u00bb depuis 1998 et assistante du \u00ab European Society for Clinical Nutrition and Metabolism (ESPEN) \u00bb depuis 2008.\u00a0 J\u2019ai eu la chance de travailler pour le Professeur Michel Cremer pendant plusieurs ann\u00e9es. En reconnaissance de son immense contribution au d\u00e9veloppement de l\u2019endoscopie digestive diagnostique et th\u00e9rapeutique, je suis tr\u00e8s enthousiaste de pouvoir apporter mon soutien aux d\u00e9veloppements futurs de cette discipline au travers des travaux de la Fondation qui porte son nom.","og_url":"https:\/\/michelcremerfoundation.eu\/index.php\/cv-beauprez\/","og_site_name":"Fondation Michel Cremer","article_publisher":"https:\/\/www.facebook.com\/fondationmichelcremer","article_modified_time":"2020-01-18T13:47:23+00:00","og_image":[{"url":"https:\/\/michelcremerfoundation.eu\/wp-content\/uploads\/2020\/01\/Photo-Nancy-Beauprez-768x510.jpg","type":"","width":"","height":""}],"twitter_card":"summary_large_image","twitter_misc":{"Dur\u00e9e de lecture estim\u00e9e":"1 minute"},"schema":{"@context":"https:\/\/schema.org","@graph":[{"@type":"WebPage","@id":"https:\/\/michelcremerfoundation.eu\/index.php\/cv-beauprez\/","url":"https:\/\/michelcremerfoundation.eu\/index.php\/cv-beauprez\/","name":"Qui sommes-nous ? - Fondation Michel Cremer","isPartOf":{"@id":"https:\/\/michelcremerfoundation.eu\/#website"},"primaryImageOfPage":{"@id":"https:\/\/michelcremerfoundation.eu\/index.php\/cv-beauprez\/#primaryimage"},"image":{"@id":"https:\/\/michelcremerfoundation.eu\/index.php\/cv-beauprez\/#primaryimage"},"thumbnailUrl":"https:\/\/michelcremerfoundation.eu\/wp-content\/uploads\/2020\/01\/Photo-Nancy-Beauprez-768x510.jpg","datePublished":"2020-01-18T13:05:19+00:00","dateModified":"2020-01-18T13:47:23+00:00","breadcrumb":{"@id":"https:\/\/michelcremerfoundation.eu\/index.php\/cv-beauprez\/#breadcrumb"},"inLanguage":"fr-FR","potentialAction":[{"@type":"ReadAction","target":["https:\/\/michelcremerfoundation.eu\/index.php\/cv-beauprez\/"]}]},{"@type":"ImageObject","inLanguage":"fr-FR","@id":"https:\/\/michelcremerfoundation.eu\/index.php\/cv-beauprez\/#primaryimage","url":"https:\/\/michelcremerfoundation.eu\/wp-content\/uploads\/2020\/01\/Photo-Nancy-Beauprez-768x510.jpg","contentUrl":"https:\/\/michelcremerfoundation.eu\/wp-content\/uploads\/2020\/01\/Photo-Nancy-Beauprez-768x510.jpg"},{"@type":"BreadcrumbList","@id":"https:\/\/michelcremerfoundation.eu\/index.php\/cv-beauprez\/#breadcrumb","itemListElement":[{"@type":"ListItem","position":1,"name":"Accueil","item":"https:\/\/michelcremerfoundation.eu\/"},{"@type":"ListItem","position":2,"name":"Qui sommes-nous ?"}]},{"@type":"WebSite","@id":"https:\/\/michelcremerfoundation.eu\/#website","url":"https:\/\/michelcremerfoundation.eu\/","name":"Fondation Michel Cremer","description":"Ensemble, vers la m\u00e9decine du futur","publisher":{"@id":"https:\/\/michelcremerfoundation.eu\/#organization"},"potentialAction":[{"@type":"SearchAction","target":{"@type":"EntryPoint","urlTemplate":"https:\/\/michelcremerfoundation.eu\/?s={search_term_string}"},"query-input":{"@type":"PropertyValueSpecification","valueRequired":true,"valueName":"search_term_string"}}],"inLanguage":"fr-FR"},{"@type":"Organization","@id":"https:\/\/michelcremerfoundation.eu\/#organization","name":"Fondation Michel Cremer","url":"https:\/\/michelcremerfoundation.eu\/","logo":{"@type":"ImageObject","inLanguage":"fr-FR","@id":"https:\/\/michelcremerfoundation.eu\/#\/schema\/logo\/image\/","url":"https:\/\/michelcremerfoundation.eu\/wp-content\/uploads\/2018\/03\/Logo-FMC-e1520765525490.jpg","contentUrl":"https:\/\/michelcremerfoundation.eu\/wp-content\/uploads\/2018\/03\/Logo-FMC-e1520765525490.jpg","width":100,"height":66,"caption":"Fondation Michel Cremer"},"image":{"@id":"https:\/\/michelcremerfoundation.eu\/#\/schema\/logo\/image\/"},"sameAs":["https:\/\/www.facebook.com\/fondationmichelcremer","https:\/\/www.linkedin.com\/company\/18897844"]}]}},"campaignId":"","jetpack_shortlink":"https:\/\/wp.me\/PapkNB-Fn","jetpack_sharing_enabled":true,"_links":{"self":[{"href":"https:\/\/michelcremerfoundation.eu\/index.php\/wp-json\/wp\/v2\/pages\/2565","targetHints":{"allow":["GET"]}}],"collection":[{"href":"https:\/\/michelcremerfoundation.eu\/index.php\/wp-json\/wp\/v2\/pages"}],"about":[{"href":"https:\/\/michelcremerfoundation.eu\/index.php\/wp-json\/wp\/v2\/types\/page"}],"author":[{"embeddable":true,"href":"https:\/\/michelcremerfoundation.eu\/index.php\/wp-json\/wp\/v2\/users\/8"}],"replies":[{"embeddable":true,"href":"https:\/\/michelcremerfoundation.eu\/index.php\/wp-json\/wp\/v2\/comments?post=2565"}],"version-history":[{"count":3,"href":"https:\/\/michelcremerfoundation.eu\/index.php\/wp-json\/wp\/v2\/pages\/2565\/revisions"}],"predecessor-version":[{"id":2572,"href":"https:\/\/michelcremerfoundation.eu\/index.php\/wp-json\/wp\/v2\/pages\/2565\/revisions\/2572"}],"wp:attachment":[{"href":"https:\/\/michelcremerfoundation.eu\/index.php\/wp-json\/wp\/v2\/media?parent=2565"}],"curies":[{"name":"wp","href":"https:\/\/api.w.org\/{rel}","templated":true}]}}