{"id":2556,"date":"2020-01-18T11:03:54","date_gmt":"2020-01-18T10:03:54","guid":{"rendered":"https:\/\/michelcremerfoundation.eu\/?page_id=2556"},"modified":"2020-01-18T14:52:19","modified_gmt":"2020-01-18T13:52:19","slug":"cv-vanlaethem","status":"publish","type":"page","link":"https:\/\/michelcremerfoundation.eu\/index.php\/cv-vanlaethem\/","title":{"rendered":"Qui sommes-nous ?"},"content":{"rendered":"\t\t<div data-elementor-type=\"wp-page\" data-elementor-id=\"2556\" class=\"elementor elementor-2556\">\n\t\t\t\t\t\t<section class=\"elementor-section elementor-top-section elementor-element elementor-element-75c35980 elementor-section-boxed elementor-section-height-default elementor-section-height-default\" data-id=\"75c35980\" data-element_type=\"section\" data-e-type=\"section\">\n\t\t\t\t\t\t<div class=\"elementor-container elementor-column-gap-default\">\n\t\t\t\t\t<div class=\"elementor-column elementor-col-100 elementor-top-column elementor-element elementor-element-613950d4\" data-id=\"613950d4\" data-element_type=\"column\" data-e-type=\"column\">\n\t\t\t<div class=\"elementor-widget-wrap elementor-element-populated\">\n\t\t\t\t\t\t<section class=\"elementor-section elementor-inner-section elementor-element elementor-element-6e896e16 elementor-section-boxed elementor-section-height-default elementor-section-height-default\" data-id=\"6e896e16\" data-element_type=\"section\" data-e-type=\"section\">\n\t\t\t\t\t\t<div class=\"elementor-container elementor-column-gap-default\">\n\t\t\t\t\t<div class=\"elementor-column elementor-col-50 elementor-inner-column elementor-element elementor-element-11116be2\" data-id=\"11116be2\" data-element_type=\"column\" data-e-type=\"column\">\n\t\t\t<div class=\"elementor-widget-wrap elementor-element-populated\">\n\t\t\t\t\t\t<div class=\"elementor-element elementor-element-204e385f elementor-widget elementor-widget-heading\" data-id=\"204e385f\" data-element_type=\"widget\" data-e-type=\"widget\" data-widget_type=\"heading.default\">\n\t\t\t\t<div class=\"elementor-widget-container\">\n\t\t\t\t\t<h2 class=\"elementor-heading-title elementor-size-default\">Prof. Jean-Luc Van Laethem<\/h2>\t\t\t\t<\/div>\n\t\t\t\t<\/div>\n\t\t\t\t\t<\/div>\n\t\t<\/div>\n\t\t\t\t<div class=\"elementor-column elementor-col-50 elementor-inner-column elementor-element elementor-element-1ade7fbc\" data-id=\"1ade7fbc\" data-element_type=\"column\" data-e-type=\"column\">\n\t\t\t<div class=\"elementor-widget-wrap elementor-element-populated\">\n\t\t\t\t\t\t<div class=\"elementor-element elementor-element-3f7f6138 e-grid-align-right elementor-shape-rounded elementor-grid-0 elementor-widget elementor-widget-social-icons\" data-id=\"3f7f6138\" data-element_type=\"widget\" data-e-type=\"widget\" data-widget_type=\"social-icons.default\">\n\t\t\t\t<div class=\"elementor-widget-container\">\n\t\t\t\t\t\t\t<div class=\"elementor-social-icons-wrapper elementor-grid\" role=\"list\">\n\t\t\t\t\t\t\t<span class=\"elementor-grid-item\" role=\"listitem\">\n\t\t\t\t\t<a class=\"elementor-icon elementor-social-icon elementor-social-icon-facebook elementor-repeater-item-9b3df1f\" target=\"_blank\">\n\t\t\t\t\t\t<span class=\"elementor-screen-only\">Facebook<\/span>\n\t\t\t\t\t\t<i aria-hidden=\"true\" class=\"fab fa-facebook\"><\/i>\t\t\t\t\t<\/a>\n\t\t\t\t<\/span>\n\t\t\t\t\t\t\t<span class=\"elementor-grid-item\" role=\"listitem\">\n\t\t\t\t\t<a class=\"elementor-icon elementor-social-icon elementor-social-icon-twitter elementor-repeater-item-a215d13\" target=\"_blank\">\n\t\t\t\t\t\t<span class=\"elementor-screen-only\">Twitter<\/span>\n\t\t\t\t\t\t<i aria-hidden=\"true\" class=\"fab fa-twitter\"><\/i>\t\t\t\t\t<\/a>\n\t\t\t\t<\/span>\n\t\t\t\t\t\t\t<span class=\"elementor-grid-item\" role=\"listitem\">\n\t\t\t\t\t<a class=\"elementor-icon elementor-social-icon elementor-social-icon-google-plus elementor-repeater-item-806d257\" target=\"_blank\">\n\t\t\t\t\t\t<span class=\"elementor-screen-only\">Google-plus<\/span>\n\t\t\t\t\t\t<i aria-hidden=\"true\" class=\"fab fa-google-plus\"><\/i>\t\t\t\t\t<\/a>\n\t\t\t\t<\/span>\n\t\t\t\t\t<\/div>\n\t\t\t\t\t\t<\/div>\n\t\t\t\t<\/div>\n\t\t\t\t\t<\/div>\n\t\t<\/div>\n\t\t\t\t\t<\/div>\n\t\t<\/section>\n\t\t\t\t<section class=\"elementor-section elementor-inner-section elementor-element elementor-element-37fe67b elementor-section-boxed elementor-section-height-default elementor-section-height-default\" data-id=\"37fe67b\" data-element_type=\"section\" data-e-type=\"section\">\n\t\t\t\t\t\t<div class=\"elementor-container elementor-column-gap-default\">\n\t\t\t\t\t<div class=\"elementor-column elementor-col-50 elementor-inner-column elementor-element elementor-element-77856a96\" data-id=\"77856a96\" data-element_type=\"column\" data-e-type=\"column\">\n\t\t\t<div class=\"elementor-widget-wrap elementor-element-populated\">\n\t\t\t\t\t\t<div class=\"elementor-element elementor-element-35525e6f elementor-widget elementor-widget-heading\" data-id=\"35525e6f\" data-element_type=\"widget\" data-e-type=\"widget\" data-widget_type=\"heading.default\">\n\t\t\t\t<div class=\"elementor-widget-container\">\n\t\t\t\t\t<h3 class=\"elementor-heading-title elementor-size-default\">secretaire<\/h3>\t\t\t\t<\/div>\n\t\t\t\t<\/div>\n\t\t\t\t\t<\/div>\n\t\t<\/div>\n\t\t\t\t<div class=\"elementor-column elementor-col-50 elementor-inner-column elementor-element elementor-element-4dd35e53\" data-id=\"4dd35e53\" data-element_type=\"column\" data-e-type=\"column\">\n\t\t\t<div class=\"elementor-widget-wrap\">\n\t\t\t\t\t\t\t<\/div>\n\t\t<\/div>\n\t\t\t\t\t<\/div>\n\t\t<\/section>\n\t\t\t\t\t<\/div>\n\t\t<\/div>\n\t\t\t\t\t<\/div>\n\t\t<\/section>\n\t\t\t\t<section class=\"elementor-section elementor-top-section elementor-element elementor-element-71894646 elementor-section-boxed elementor-section-height-default elementor-section-height-default\" data-id=\"71894646\" data-element_type=\"section\" data-e-type=\"section\">\n\t\t\t\t\t\t<div class=\"elementor-container elementor-column-gap-default\">\n\t\t\t\t\t<div class=\"elementor-column elementor-col-50 elementor-top-column elementor-element elementor-element-648da521\" data-id=\"648da521\" data-element_type=\"column\" data-e-type=\"column\">\n\t\t\t<div class=\"elementor-widget-wrap elementor-element-populated\">\n\t\t\t\t\t\t<div class=\"elementor-element elementor-element-2257223e elementor-widget elementor-widget-image\" data-id=\"2257223e\" data-element_type=\"widget\" data-e-type=\"widget\" data-widget_type=\"image.default\">\n\t\t\t\t<div class=\"elementor-widget-container\">\n\t\t\t\t\t\t\t\t\t\t\t\t\t\t\t<img fetchpriority=\"high\" decoding=\"async\" width=\"742\" height=\"742\" src=\"https:\/\/michelcremerfoundation.eu\/wp-content\/uploads\/2020\/01\/Van-Laethem-Jean-Luc.jpg\" class=\"attachment-medium_large size-medium_large wp-image-2557\" alt=\"Van Laethem Jean-Luc\" srcset=\"https:\/\/michelcremerfoundation.eu\/wp-content\/uploads\/2020\/01\/Van-Laethem-Jean-Luc-66x66.jpg 66w, https:\/\/michelcremerfoundation.eu\/wp-content\/uploads\/2020\/01\/Van-Laethem-Jean-Luc-100x100.jpg 100w, https:\/\/michelcremerfoundation.eu\/wp-content\/uploads\/2020\/01\/Van-Laethem-Jean-Luc-150x150.jpg 150w, https:\/\/michelcremerfoundation.eu\/wp-content\/uploads\/2020\/01\/Van-Laethem-Jean-Luc-200x200.jpg 200w, https:\/\/michelcremerfoundation.eu\/wp-content\/uploads\/2020\/01\/Van-Laethem-Jean-Luc-300x300.jpg 300w, https:\/\/michelcremerfoundation.eu\/wp-content\/uploads\/2020\/01\/Van-Laethem-Jean-Luc-400x400.jpg 400w, https:\/\/michelcremerfoundation.eu\/wp-content\/uploads\/2020\/01\/Van-Laethem-Jean-Luc-500x500.jpg 500w, https:\/\/michelcremerfoundation.eu\/wp-content\/uploads\/2020\/01\/Van-Laethem-Jean-Luc-600x600.jpg 600w, https:\/\/michelcremerfoundation.eu\/wp-content\/uploads\/2020\/01\/Van-Laethem-Jean-Luc-700x700.jpg 700w, https:\/\/michelcremerfoundation.eu\/wp-content\/uploads\/2020\/01\/Van-Laethem-Jean-Luc.jpg 742w\" sizes=\"(max-width: 742px) 100vw, 742px\" \/>\t\t\t\t\t\t\t\t\t\t\t\t\t\t\t<\/div>\n\t\t\t\t<\/div>\n\t\t\t\t\t<\/div>\n\t\t<\/div>\n\t\t\t\t<div class=\"elementor-column elementor-col-50 elementor-top-column elementor-element elementor-element-25f1265e\" data-id=\"25f1265e\" data-element_type=\"column\" data-e-type=\"column\">\n\t\t\t<div class=\"elementor-widget-wrap elementor-element-populated\">\n\t\t\t\t\t\t<div class=\"elementor-element elementor-element-6546c702 elementor-widget elementor-widget-text-editor\" data-id=\"6546c702\" data-element_type=\"widget\" data-e-type=\"widget\" data-widget_type=\"text-editor.default\">\n\t\t\t\t<div class=\"elementor-widget-container\">\n\t\t\t\t\t\t\t\t\t<p>Dipl\u00f4m\u00e9 docteur en m\u00e9decine en 1988 \u00e0 l\u2019ULB, il se sp\u00e9cialise en gastro-ent\u00e9rologie, dipl\u00f4me qu\u2019il obtient en 1994. Il obtient le dipl\u00f4me d\u2019agr\u00e9g\u00e9 de l\u2019enseignement sup\u00e9rieur de l\u2019ULB en 1996.<\/p><p>Il est Chef de la Clinique d\u2019Oncologie digestive, au sein du service de Gastroent\u00e9rologie de l\u2019H\u00f4pital Erasme (ULB) depuis 2005. Il est \u00e9galement, depuis 2013, le Chef du Service d\u2019Oncologie m\u00e9dicale et Coordinateur du Programme de Soins oncologiques de l\u2019H\u00f4pital Erasme.<\/p><p>Sp\u00e9cialiste reconnu internationalement, son activit\u00e9 principale est la coordination de la gestion multidisciplinaire des patients ayant un cancer gastro-intestinal et la promotion de la recherche et de l\u2019enseignement dans ce domaine. Son principal centre d\u2019int\u00e9r\u00eat\u00a0: le cancer pancr\u00e9atique et le d\u00e9veloppement de plateformes qui int\u00e8grent le soin aux patients et la recherche translationnelle. \u00a0<\/p><p>Il est actuellement chairman du \u00ab\u00a0Pancreatic Task Force\u00a0\u00bb de l\u2019\u00a0\u00bbEuropean Organization for Research and Treatment of Cancer (EORTC) \u00ab\u00a0, ainsi que membre du Comit\u00e9 scientifique de l\u00a0\u00bb\u2019European Society of Digestive Oncology (ESDO) \u00ab\u00a0. \u00a0Secr\u00e9taire g\u00e9n\u00e9ral de la \u201cSoci\u00e9t\u00e9 Royale Belge de Gastroent\u00e9rologie (SRBGE)\u201d de 2009 \u00e0 2013, il est \u00e9galement membre du \u00ab\u00a0Belgian Group of Digestive Oncology (BGDO) \u00a0\u00bb .<\/p><p>Ses activit\u00e9s d\u2019enseignement couvrent une participation aux DES de gastro-ent\u00e9rologie et d\u2019oncologie de l\u2019ULB. Il est \u00e9galement membre du Coll\u00e8ge d\u2019Enseignement du Certificat en gastro-ent\u00e9rologie et charg\u00e9 de cours \u00e0 l\u2019ULB.<\/p><p>Il est l&rsquo;auteur ou co-auteur de plus de 180 publications scientifiques dans des revues nationales et internationales ainsi que promoteur de nombreuses th\u00e8ses.<\/p>\t\t\t\t\t\t\t\t<\/div>\n\t\t\t\t<\/div>\n\t\t\t\t\t<\/div>\n\t\t<\/div>\n\t\t\t\t\t<\/div>\n\t\t<\/section>\n\t\t\t\t<\/div>\n\t\t","protected":false},"excerpt":{"rendered":"<p>Prof. Jean-Luc Van Laethem Facebook Twitter Google-plus secretaire Dipl\u00f4m\u00e9 docteur en m\u00e9decine en 1988 \u00e0 l\u2019ULB, il se sp\u00e9cialise en gastro-ent\u00e9rologie, dipl\u00f4me qu\u2019il obtient en 1994. Il obtient le dipl\u00f4me d\u2019agr\u00e9g\u00e9 de l\u2019enseignement sup\u00e9rieur de l\u2019ULB en 1996. Il est Chef de la Clinique d\u2019Oncologie digestive, au sein du service de Gastroent\u00e9rologie de l\u2019H\u00f4pital Erasme (ULB) depuis 2005. Il est \u00e9galement, depuis 2013, le Chef du Service d\u2019Oncologie m\u00e9dicale et Coordinateur du Programme de Soins oncologiques de l\u2019H\u00f4pital Erasme. Sp\u00e9cialiste reconnu internationalement, son activit\u00e9 principale est la coordination de la gestion multidisciplinaire des patients ayant un cancer gastro-intestinal et la promotion de la recherche et de l\u2019enseignement dans ce domaine. Son principal centre d\u2019int\u00e9r\u00eat\u00a0: le cancer pancr\u00e9atique et le d\u00e9veloppement de plateformes qui int\u00e8grent le soin aux patients et la recherche translationnelle. \u00a0 Il est actuellement chairman du \u00ab\u00a0Pancreatic Task Force\u00a0\u00bb de l\u2019\u00a0\u00bbEuropean Organization for Research and Treatment of Cancer (EORTC) \u00ab\u00a0, ainsi que membre du Comit\u00e9 scientifique de l\u00a0\u00bb\u2019European Society of Digestive Oncology (ESDO) \u00ab\u00a0. \u00a0Secr\u00e9taire g\u00e9n\u00e9ral de la \u201cSoci\u00e9t\u00e9 Royale Belge de Gastroent\u00e9rologie (SRBGE)\u201d de 2009 \u00e0 2013, il est \u00e9galement membre du \u00ab\u00a0Belgian Group of Digestive Oncology (BGDO) \u00a0\u00bb . Ses activit\u00e9s d\u2019enseignement couvrent une participation aux DES de gastro-ent\u00e9rologie et d\u2019oncologie de l\u2019ULB. Il est \u00e9galement membre du Coll\u00e8ge d\u2019Enseignement du Certificat en gastro-ent\u00e9rologie et charg\u00e9 [&hellip;]<\/p>\n","protected":false},"author":8,"featured_media":0,"parent":0,"menu_order":0,"comment_status":"closed","ping_status":"closed","template":"","meta":{"give_campaign_id":0,"footnotes":""},"class_list":["post-2556","page","type-page","status-publish","hentry"],"yoast_head":"<!-- This site is optimized with the Yoast SEO plugin v27.3 - https:\/\/yoast.com\/product\/yoast-seo-wordpress\/ -->\n<title>Qui sommes-nous ? - Fondation Michel Cremer<\/title>\n<meta name=\"robots\" content=\"index, follow, max-snippet:-1, max-image-preview:large, max-video-preview:-1\" \/>\n<link rel=\"canonical\" href=\"https:\/\/michelcremerfoundation.eu\/index.php\/cv-vanlaethem\/\" \/>\n<meta property=\"og:locale\" content=\"fr_FR\" \/>\n<meta property=\"og:type\" content=\"article\" \/>\n<meta property=\"og:title\" content=\"Qui sommes-nous ? - Fondation Michel Cremer\" \/>\n<meta property=\"og:description\" content=\"Prof. Jean-Luc Van Laethem Facebook Twitter Google-plus secretaire Dipl\u00f4m\u00e9 docteur en m\u00e9decine en 1988 \u00e0 l\u2019ULB, il se sp\u00e9cialise en gastro-ent\u00e9rologie, dipl\u00f4me qu\u2019il obtient en 1994. Il obtient le dipl\u00f4me d\u2019agr\u00e9g\u00e9 de l\u2019enseignement sup\u00e9rieur de l\u2019ULB en 1996. Il est Chef de la Clinique d\u2019Oncologie digestive, au sein du service de Gastroent\u00e9rologie de l\u2019H\u00f4pital Erasme (ULB) depuis 2005. Il est \u00e9galement, depuis 2013, le Chef du Service d\u2019Oncologie m\u00e9dicale et Coordinateur du Programme de Soins oncologiques de l\u2019H\u00f4pital Erasme. Sp\u00e9cialiste reconnu internationalement, son activit\u00e9 principale est la coordination de la gestion multidisciplinaire des patients ayant un cancer gastro-intestinal et la promotion de la recherche et de l\u2019enseignement dans ce domaine. Son principal centre d\u2019int\u00e9r\u00eat\u00a0: le cancer pancr\u00e9atique et le d\u00e9veloppement de plateformes qui int\u00e8grent le soin aux patients et la recherche translationnelle. \u00a0 Il est actuellement chairman du \u00ab\u00a0Pancreatic Task Force\u00a0\u00bb de l\u2019\u00a0\u00bbEuropean Organization for Research and Treatment of Cancer (EORTC) \u00ab\u00a0, ainsi que membre du Comit\u00e9 scientifique de l\u00a0\u00bb\u2019European Society of Digestive Oncology (ESDO) \u00ab\u00a0. \u00a0Secr\u00e9taire g\u00e9n\u00e9ral de la \u201cSoci\u00e9t\u00e9 Royale Belge de Gastroent\u00e9rologie (SRBGE)\u201d de 2009 \u00e0 2013, il est \u00e9galement membre du \u00ab\u00a0Belgian Group of Digestive Oncology (BGDO) \u00a0\u00bb . Ses activit\u00e9s d\u2019enseignement couvrent une participation aux DES de gastro-ent\u00e9rologie et d\u2019oncologie de l\u2019ULB. Il est \u00e9galement membre du Coll\u00e8ge d\u2019Enseignement du Certificat en gastro-ent\u00e9rologie et charg\u00e9 [&hellip;]\" \/>\n<meta property=\"og:url\" content=\"https:\/\/michelcremerfoundation.eu\/index.php\/cv-vanlaethem\/\" \/>\n<meta property=\"og:site_name\" content=\"Fondation Michel Cremer\" \/>\n<meta property=\"article:publisher\" content=\"https:\/\/www.facebook.com\/fondationmichelcremer\" \/>\n<meta property=\"article:modified_time\" content=\"2020-01-18T13:52:19+00:00\" \/>\n<meta property=\"og:image\" content=\"https:\/\/michelcremerfoundation.eu\/wp-content\/uploads\/2020\/01\/Van-Laethem-Jean-Luc.jpg\" \/>\n<meta name=\"twitter:card\" content=\"summary_large_image\" \/>\n<meta name=\"twitter:label1\" content=\"Dur\u00e9e de lecture estim\u00e9e\" \/>\n\t<meta name=\"twitter:data1\" content=\"1 minute\" \/>\n<script type=\"application\/ld+json\" class=\"yoast-schema-graph\">{\"@context\":\"https:\\\/\\\/schema.org\",\"@graph\":[{\"@type\":\"WebPage\",\"@id\":\"https:\\\/\\\/michelcremerfoundation.eu\\\/index.php\\\/cv-vanlaethem\\\/\",\"url\":\"https:\\\/\\\/michelcremerfoundation.eu\\\/index.php\\\/cv-vanlaethem\\\/\",\"name\":\"Qui sommes-nous ? - Fondation Michel Cremer\",\"isPartOf\":{\"@id\":\"https:\\\/\\\/michelcremerfoundation.eu\\\/#website\"},\"primaryImageOfPage\":{\"@id\":\"https:\\\/\\\/michelcremerfoundation.eu\\\/index.php\\\/cv-vanlaethem\\\/#primaryimage\"},\"image\":{\"@id\":\"https:\\\/\\\/michelcremerfoundation.eu\\\/index.php\\\/cv-vanlaethem\\\/#primaryimage\"},\"thumbnailUrl\":\"https:\\\/\\\/michelcremerfoundation.eu\\\/wp-content\\\/uploads\\\/2020\\\/01\\\/Van-Laethem-Jean-Luc.jpg\",\"datePublished\":\"2020-01-18T10:03:54+00:00\",\"dateModified\":\"2020-01-18T13:52:19+00:00\",\"breadcrumb\":{\"@id\":\"https:\\\/\\\/michelcremerfoundation.eu\\\/index.php\\\/cv-vanlaethem\\\/#breadcrumb\"},\"inLanguage\":\"fr-FR\",\"potentialAction\":[{\"@type\":\"ReadAction\",\"target\":[\"https:\\\/\\\/michelcremerfoundation.eu\\\/index.php\\\/cv-vanlaethem\\\/\"]}]},{\"@type\":\"ImageObject\",\"inLanguage\":\"fr-FR\",\"@id\":\"https:\\\/\\\/michelcremerfoundation.eu\\\/index.php\\\/cv-vanlaethem\\\/#primaryimage\",\"url\":\"https:\\\/\\\/michelcremerfoundation.eu\\\/wp-content\\\/uploads\\\/2020\\\/01\\\/Van-Laethem-Jean-Luc.jpg\",\"contentUrl\":\"https:\\\/\\\/michelcremerfoundation.eu\\\/wp-content\\\/uploads\\\/2020\\\/01\\\/Van-Laethem-Jean-Luc.jpg\"},{\"@type\":\"BreadcrumbList\",\"@id\":\"https:\\\/\\\/michelcremerfoundation.eu\\\/index.php\\\/cv-vanlaethem\\\/#breadcrumb\",\"itemListElement\":[{\"@type\":\"ListItem\",\"position\":1,\"name\":\"Accueil\",\"item\":\"https:\\\/\\\/michelcremerfoundation.eu\\\/\"},{\"@type\":\"ListItem\",\"position\":2,\"name\":\"Qui sommes-nous ?\"}]},{\"@type\":\"WebSite\",\"@id\":\"https:\\\/\\\/michelcremerfoundation.eu\\\/#website\",\"url\":\"https:\\\/\\\/michelcremerfoundation.eu\\\/\",\"name\":\"Fondation Michel Cremer\",\"description\":\"Ensemble, vers la m\u00e9decine du futur\",\"publisher\":{\"@id\":\"https:\\\/\\\/michelcremerfoundation.eu\\\/#organization\"},\"potentialAction\":[{\"@type\":\"SearchAction\",\"target\":{\"@type\":\"EntryPoint\",\"urlTemplate\":\"https:\\\/\\\/michelcremerfoundation.eu\\\/?s={search_term_string}\"},\"query-input\":{\"@type\":\"PropertyValueSpecification\",\"valueRequired\":true,\"valueName\":\"search_term_string\"}}],\"inLanguage\":\"fr-FR\"},{\"@type\":\"Organization\",\"@id\":\"https:\\\/\\\/michelcremerfoundation.eu\\\/#organization\",\"name\":\"Fondation Michel Cremer\",\"url\":\"https:\\\/\\\/michelcremerfoundation.eu\\\/\",\"logo\":{\"@type\":\"ImageObject\",\"inLanguage\":\"fr-FR\",\"@id\":\"https:\\\/\\\/michelcremerfoundation.eu\\\/#\\\/schema\\\/logo\\\/image\\\/\",\"url\":\"https:\\\/\\\/michelcremerfoundation.eu\\\/wp-content\\\/uploads\\\/2018\\\/03\\\/Logo-FMC-e1520765525490.jpg\",\"contentUrl\":\"https:\\\/\\\/michelcremerfoundation.eu\\\/wp-content\\\/uploads\\\/2018\\\/03\\\/Logo-FMC-e1520765525490.jpg\",\"width\":100,\"height\":66,\"caption\":\"Fondation Michel Cremer\"},\"image\":{\"@id\":\"https:\\\/\\\/michelcremerfoundation.eu\\\/#\\\/schema\\\/logo\\\/image\\\/\"},\"sameAs\":[\"https:\\\/\\\/www.facebook.com\\\/fondationmichelcremer\",\"https:\\\/\\\/www.linkedin.com\\\/company\\\/18897844\"]}]}<\/script>\n<!-- \/ Yoast SEO plugin. -->","yoast_head_json":{"title":"Qui sommes-nous ? - Fondation Michel Cremer","robots":{"index":"index","follow":"follow","max-snippet":"max-snippet:-1","max-image-preview":"max-image-preview:large","max-video-preview":"max-video-preview:-1"},"canonical":"https:\/\/michelcremerfoundation.eu\/index.php\/cv-vanlaethem\/","og_locale":"fr_FR","og_type":"article","og_title":"Qui sommes-nous ? - Fondation Michel Cremer","og_description":"Prof. Jean-Luc Van Laethem Facebook Twitter Google-plus secretaire Dipl\u00f4m\u00e9 docteur en m\u00e9decine en 1988 \u00e0 l\u2019ULB, il se sp\u00e9cialise en gastro-ent\u00e9rologie, dipl\u00f4me qu\u2019il obtient en 1994. Il obtient le dipl\u00f4me d\u2019agr\u00e9g\u00e9 de l\u2019enseignement sup\u00e9rieur de l\u2019ULB en 1996. Il est Chef de la Clinique d\u2019Oncologie digestive, au sein du service de Gastroent\u00e9rologie de l\u2019H\u00f4pital Erasme (ULB) depuis 2005. Il est \u00e9galement, depuis 2013, le Chef du Service d\u2019Oncologie m\u00e9dicale et Coordinateur du Programme de Soins oncologiques de l\u2019H\u00f4pital Erasme. Sp\u00e9cialiste reconnu internationalement, son activit\u00e9 principale est la coordination de la gestion multidisciplinaire des patients ayant un cancer gastro-intestinal et la promotion de la recherche et de l\u2019enseignement dans ce domaine. Son principal centre d\u2019int\u00e9r\u00eat\u00a0: le cancer pancr\u00e9atique et le d\u00e9veloppement de plateformes qui int\u00e8grent le soin aux patients et la recherche translationnelle. \u00a0 Il est actuellement chairman du \u00ab\u00a0Pancreatic Task Force\u00a0\u00bb de l\u2019\u00a0\u00bbEuropean Organization for Research and Treatment of Cancer (EORTC) \u00ab\u00a0, ainsi que membre du Comit\u00e9 scientifique de l\u00a0\u00bb\u2019European Society of Digestive Oncology (ESDO) \u00ab\u00a0. \u00a0Secr\u00e9taire g\u00e9n\u00e9ral de la \u201cSoci\u00e9t\u00e9 Royale Belge de Gastroent\u00e9rologie (SRBGE)\u201d de 2009 \u00e0 2013, il est \u00e9galement membre du \u00ab\u00a0Belgian Group of Digestive Oncology (BGDO) \u00a0\u00bb . Ses activit\u00e9s d\u2019enseignement couvrent une participation aux DES de gastro-ent\u00e9rologie et d\u2019oncologie de l\u2019ULB. Il est \u00e9galement membre du Coll\u00e8ge d\u2019Enseignement du Certificat en gastro-ent\u00e9rologie et charg\u00e9 [&hellip;]","og_url":"https:\/\/michelcremerfoundation.eu\/index.php\/cv-vanlaethem\/","og_site_name":"Fondation Michel Cremer","article_publisher":"https:\/\/www.facebook.com\/fondationmichelcremer","article_modified_time":"2020-01-18T13:52:19+00:00","og_image":[{"url":"https:\/\/michelcremerfoundation.eu\/wp-content\/uploads\/2020\/01\/Van-Laethem-Jean-Luc.jpg","type":"","width":"","height":""}],"twitter_card":"summary_large_image","twitter_misc":{"Dur\u00e9e de lecture estim\u00e9e":"1 minute"},"schema":{"@context":"https:\/\/schema.org","@graph":[{"@type":"WebPage","@id":"https:\/\/michelcremerfoundation.eu\/index.php\/cv-vanlaethem\/","url":"https:\/\/michelcremerfoundation.eu\/index.php\/cv-vanlaethem\/","name":"Qui sommes-nous ? - Fondation Michel Cremer","isPartOf":{"@id":"https:\/\/michelcremerfoundation.eu\/#website"},"primaryImageOfPage":{"@id":"https:\/\/michelcremerfoundation.eu\/index.php\/cv-vanlaethem\/#primaryimage"},"image":{"@id":"https:\/\/michelcremerfoundation.eu\/index.php\/cv-vanlaethem\/#primaryimage"},"thumbnailUrl":"https:\/\/michelcremerfoundation.eu\/wp-content\/uploads\/2020\/01\/Van-Laethem-Jean-Luc.jpg","datePublished":"2020-01-18T10:03:54+00:00","dateModified":"2020-01-18T13:52:19+00:00","breadcrumb":{"@id":"https:\/\/michelcremerfoundation.eu\/index.php\/cv-vanlaethem\/#breadcrumb"},"inLanguage":"fr-FR","potentialAction":[{"@type":"ReadAction","target":["https:\/\/michelcremerfoundation.eu\/index.php\/cv-vanlaethem\/"]}]},{"@type":"ImageObject","inLanguage":"fr-FR","@id":"https:\/\/michelcremerfoundation.eu\/index.php\/cv-vanlaethem\/#primaryimage","url":"https:\/\/michelcremerfoundation.eu\/wp-content\/uploads\/2020\/01\/Van-Laethem-Jean-Luc.jpg","contentUrl":"https:\/\/michelcremerfoundation.eu\/wp-content\/uploads\/2020\/01\/Van-Laethem-Jean-Luc.jpg"},{"@type":"BreadcrumbList","@id":"https:\/\/michelcremerfoundation.eu\/index.php\/cv-vanlaethem\/#breadcrumb","itemListElement":[{"@type":"ListItem","position":1,"name":"Accueil","item":"https:\/\/michelcremerfoundation.eu\/"},{"@type":"ListItem","position":2,"name":"Qui sommes-nous ?"}]},{"@type":"WebSite","@id":"https:\/\/michelcremerfoundation.eu\/#website","url":"https:\/\/michelcremerfoundation.eu\/","name":"Fondation Michel Cremer","description":"Ensemble, vers la m\u00e9decine du futur","publisher":{"@id":"https:\/\/michelcremerfoundation.eu\/#organization"},"potentialAction":[{"@type":"SearchAction","target":{"@type":"EntryPoint","urlTemplate":"https:\/\/michelcremerfoundation.eu\/?s={search_term_string}"},"query-input":{"@type":"PropertyValueSpecification","valueRequired":true,"valueName":"search_term_string"}}],"inLanguage":"fr-FR"},{"@type":"Organization","@id":"https:\/\/michelcremerfoundation.eu\/#organization","name":"Fondation Michel Cremer","url":"https:\/\/michelcremerfoundation.eu\/","logo":{"@type":"ImageObject","inLanguage":"fr-FR","@id":"https:\/\/michelcremerfoundation.eu\/#\/schema\/logo\/image\/","url":"https:\/\/michelcremerfoundation.eu\/wp-content\/uploads\/2018\/03\/Logo-FMC-e1520765525490.jpg","contentUrl":"https:\/\/michelcremerfoundation.eu\/wp-content\/uploads\/2018\/03\/Logo-FMC-e1520765525490.jpg","width":100,"height":66,"caption":"Fondation Michel Cremer"},"image":{"@id":"https:\/\/michelcremerfoundation.eu\/#\/schema\/logo\/image\/"},"sameAs":["https:\/\/www.facebook.com\/fondationmichelcremer","https:\/\/www.linkedin.com\/company\/18897844"]}]}},"campaignId":"","jetpack_shortlink":"https:\/\/wp.me\/PapkNB-Fe","jetpack_sharing_enabled":true,"_links":{"self":[{"href":"https:\/\/michelcremerfoundation.eu\/index.php\/wp-json\/wp\/v2\/pages\/2556","targetHints":{"allow":["GET"]}}],"collection":[{"href":"https:\/\/michelcremerfoundation.eu\/index.php\/wp-json\/wp\/v2\/pages"}],"about":[{"href":"https:\/\/michelcremerfoundation.eu\/index.php\/wp-json\/wp\/v2\/types\/page"}],"author":[{"embeddable":true,"href":"https:\/\/michelcremerfoundation.eu\/index.php\/wp-json\/wp\/v2\/users\/8"}],"replies":[{"embeddable":true,"href":"https:\/\/michelcremerfoundation.eu\/index.php\/wp-json\/wp\/v2\/comments?post=2556"}],"version-history":[{"count":5,"href":"https:\/\/michelcremerfoundation.eu\/index.php\/wp-json\/wp\/v2\/pages\/2556\/revisions"}],"predecessor-version":[{"id":2574,"href":"https:\/\/michelcremerfoundation.eu\/index.php\/wp-json\/wp\/v2\/pages\/2556\/revisions\/2574"}],"wp:attachment":[{"href":"https:\/\/michelcremerfoundation.eu\/index.php\/wp-json\/wp\/v2\/media?parent=2556"}],"curies":[{"name":"wp","href":"https:\/\/api.w.org\/{rel}","templated":true}]}}