{"id":2547,"date":"2020-01-18T09:41:59","date_gmt":"2020-01-18T08:41:59","guid":{"rendered":"https:\/\/michelcremerfoundation.eu\/?page_id=2547"},"modified":"2020-01-18T14:54:23","modified_gmt":"2020-01-18T13:54:23","slug":"cv-bvo","status":"publish","type":"page","link":"https:\/\/michelcremerfoundation.eu\/index.php\/cv-bvo\/","title":{"rendered":"Qui sommes-nous ?"},"content":{"rendered":"\t\t<div data-elementor-type=\"wp-page\" data-elementor-id=\"2547\" class=\"elementor elementor-2547\">\n\t\t\t\t\t\t<section class=\"elementor-section elementor-top-section elementor-element elementor-element-29661bc6 elementor-section-boxed elementor-section-height-default elementor-section-height-default\" data-id=\"29661bc6\" data-element_type=\"section\" data-e-type=\"section\">\n\t\t\t\t\t\t<div class=\"elementor-container elementor-column-gap-default\">\n\t\t\t\t\t<div class=\"elementor-column elementor-col-100 elementor-top-column elementor-element elementor-element-1c1e94f9\" data-id=\"1c1e94f9\" data-element_type=\"column\" data-e-type=\"column\">\n\t\t\t<div class=\"elementor-widget-wrap elementor-element-populated\">\n\t\t\t\t\t\t<section class=\"elementor-section elementor-inner-section elementor-element elementor-element-79b2e83b elementor-section-boxed elementor-section-height-default elementor-section-height-default\" data-id=\"79b2e83b\" data-element_type=\"section\" data-e-type=\"section\">\n\t\t\t\t\t\t<div class=\"elementor-container elementor-column-gap-default\">\n\t\t\t\t\t<div class=\"elementor-column elementor-col-50 elementor-inner-column elementor-element elementor-element-5954e49e\" data-id=\"5954e49e\" data-element_type=\"column\" data-e-type=\"column\">\n\t\t\t<div class=\"elementor-widget-wrap elementor-element-populated\">\n\t\t\t\t\t\t<div class=\"elementor-element elementor-element-68f05873 elementor-widget elementor-widget-heading\" data-id=\"68f05873\" data-element_type=\"widget\" data-e-type=\"widget\" data-widget_type=\"heading.default\">\n\t\t\t\t<div class=\"elementor-widget-container\">\n\t\t\t\t\t<h2 class=\"elementor-heading-title elementor-size-default\">Prof. Bernard VAN OMMEslaghe  <\/h2>\t\t\t\t<\/div>\n\t\t\t\t<\/div>\n\t\t\t\t\t<\/div>\n\t\t<\/div>\n\t\t\t\t<div class=\"elementor-column elementor-col-50 elementor-inner-column elementor-element elementor-element-7b7ea5c\" data-id=\"7b7ea5c\" data-element_type=\"column\" data-e-type=\"column\">\n\t\t\t<div class=\"elementor-widget-wrap elementor-element-populated\">\n\t\t\t\t\t\t<div class=\"elementor-element elementor-element-1526c3ef e-grid-align-right elementor-shape-rounded elementor-grid-0 elementor-widget elementor-widget-social-icons\" data-id=\"1526c3ef\" data-element_type=\"widget\" data-e-type=\"widget\" data-widget_type=\"social-icons.default\">\n\t\t\t\t<div class=\"elementor-widget-container\">\n\t\t\t\t\t\t\t<div class=\"elementor-social-icons-wrapper elementor-grid\" role=\"list\">\n\t\t\t\t\t\t\t<span class=\"elementor-grid-item\" role=\"listitem\">\n\t\t\t\t\t<a class=\"elementor-icon elementor-social-icon elementor-social-icon-facebook elementor-repeater-item-9b3df1f\" target=\"_blank\">\n\t\t\t\t\t\t<span class=\"elementor-screen-only\">Facebook<\/span>\n\t\t\t\t\t\t<i aria-hidden=\"true\" class=\"fab fa-facebook\"><\/i>\t\t\t\t\t<\/a>\n\t\t\t\t<\/span>\n\t\t\t\t\t\t\t<span class=\"elementor-grid-item\" role=\"listitem\">\n\t\t\t\t\t<a class=\"elementor-icon elementor-social-icon elementor-social-icon-twitter elementor-repeater-item-a215d13\" target=\"_blank\">\n\t\t\t\t\t\t<span class=\"elementor-screen-only\">Twitter<\/span>\n\t\t\t\t\t\t<i aria-hidden=\"true\" class=\"fab fa-twitter\"><\/i>\t\t\t\t\t<\/a>\n\t\t\t\t<\/span>\n\t\t\t\t\t\t\t<span class=\"elementor-grid-item\" role=\"listitem\">\n\t\t\t\t\t<a class=\"elementor-icon elementor-social-icon elementor-social-icon-google-plus elementor-repeater-item-806d257\" target=\"_blank\">\n\t\t\t\t\t\t<span class=\"elementor-screen-only\">Google-plus<\/span>\n\t\t\t\t\t\t<i aria-hidden=\"true\" class=\"fab fa-google-plus\"><\/i>\t\t\t\t\t<\/a>\n\t\t\t\t<\/span>\n\t\t\t\t\t<\/div>\n\t\t\t\t\t\t<\/div>\n\t\t\t\t<\/div>\n\t\t\t\t\t<\/div>\n\t\t<\/div>\n\t\t\t\t\t<\/div>\n\t\t<\/section>\n\t\t\t\t<section class=\"elementor-section elementor-inner-section elementor-element elementor-element-1bc0b238 elementor-section-boxed elementor-section-height-default elementor-section-height-default\" data-id=\"1bc0b238\" data-element_type=\"section\" data-e-type=\"section\">\n\t\t\t\t\t\t<div class=\"elementor-container elementor-column-gap-default\">\n\t\t\t\t\t<div class=\"elementor-column elementor-col-50 elementor-inner-column elementor-element elementor-element-4f3f7618\" data-id=\"4f3f7618\" data-element_type=\"column\" data-e-type=\"column\">\n\t\t\t<div class=\"elementor-widget-wrap elementor-element-populated\">\n\t\t\t\t\t\t<div class=\"elementor-element elementor-element-45a8483b elementor-widget elementor-widget-heading\" data-id=\"45a8483b\" data-element_type=\"widget\" data-e-type=\"widget\" data-widget_type=\"heading.default\">\n\t\t\t\t<div class=\"elementor-widget-container\">\n\t\t\t\t\t<h3 class=\"elementor-heading-title elementor-size-default\">Administrateur<\/h3>\t\t\t\t<\/div>\n\t\t\t\t<\/div>\n\t\t\t\t\t<\/div>\n\t\t<\/div>\n\t\t\t\t<div class=\"elementor-column elementor-col-50 elementor-inner-column elementor-element elementor-element-1a25ba2f\" data-id=\"1a25ba2f\" data-element_type=\"column\" data-e-type=\"column\">\n\t\t\t<div class=\"elementor-widget-wrap\">\n\t\t\t\t\t\t\t<\/div>\n\t\t<\/div>\n\t\t\t\t\t<\/div>\n\t\t<\/section>\n\t\t\t\t\t<\/div>\n\t\t<\/div>\n\t\t\t\t\t<\/div>\n\t\t<\/section>\n\t\t\t\t<section class=\"elementor-section elementor-top-section elementor-element elementor-element-3a31f9f elementor-section-boxed elementor-section-height-default elementor-section-height-default\" data-id=\"3a31f9f\" data-element_type=\"section\" data-e-type=\"section\">\n\t\t\t\t\t\t<div class=\"elementor-container elementor-column-gap-default\">\n\t\t\t\t\t<div class=\"elementor-column elementor-col-50 elementor-top-column elementor-element elementor-element-22a219f3\" data-id=\"22a219f3\" data-element_type=\"column\" data-e-type=\"column\">\n\t\t\t<div class=\"elementor-widget-wrap elementor-element-populated\">\n\t\t\t\t\t\t<div class=\"elementor-element elementor-element-6d54848b elementor-widget elementor-widget-image\" data-id=\"6d54848b\" data-element_type=\"widget\" data-e-type=\"widget\" data-widget_type=\"image.default\">\n\t\t\t\t<div class=\"elementor-widget-container\">\n\t\t\t\t\t\t\t\t\t\t\t\t\t\t\t<img fetchpriority=\"high\" decoding=\"async\" width=\"768\" height=\"986\" src=\"https:\/\/michelcremerfoundation.eu\/wp-content\/uploads\/2020\/01\/Photo-Vanommeslaghe-Bernard-768x986.jpg\" class=\"attachment-medium_large size-medium_large wp-image-2549\" alt=\"Vanommeslaghe Bernard\" srcset=\"https:\/\/michelcremerfoundation.eu\/wp-content\/uploads\/2020\/01\/Photo-Vanommeslaghe-Bernard-200x257.jpg 200w, https:\/\/michelcremerfoundation.eu\/wp-content\/uploads\/2020\/01\/Photo-Vanommeslaghe-Bernard-234x300.jpg 234w, https:\/\/michelcremerfoundation.eu\/wp-content\/uploads\/2020\/01\/Photo-Vanommeslaghe-Bernard-400x513.jpg 400w, https:\/\/michelcremerfoundation.eu\/wp-content\/uploads\/2020\/01\/Photo-Vanommeslaghe-Bernard-600x770.jpg 600w, https:\/\/michelcremerfoundation.eu\/wp-content\/uploads\/2020\/01\/Photo-Vanommeslaghe-Bernard-700x899.jpg 700w, https:\/\/michelcremerfoundation.eu\/wp-content\/uploads\/2020\/01\/Photo-Vanommeslaghe-Bernard-768x986.jpg 768w, https:\/\/michelcremerfoundation.eu\/wp-content\/uploads\/2020\/01\/Photo-Vanommeslaghe-Bernard-798x1024.jpg 798w, https:\/\/michelcremerfoundation.eu\/wp-content\/uploads\/2020\/01\/Photo-Vanommeslaghe-Bernard-800x1027.jpg 800w, https:\/\/michelcremerfoundation.eu\/wp-content\/uploads\/2020\/01\/Photo-Vanommeslaghe-Bernard-rotated.jpg 1086w\" sizes=\"(max-width: 768px) 100vw, 768px\" \/>\t\t\t\t\t\t\t\t\t\t\t\t\t\t\t<\/div>\n\t\t\t\t<\/div>\n\t\t\t\t\t<\/div>\n\t\t<\/div>\n\t\t\t\t<div class=\"elementor-column elementor-col-50 elementor-top-column elementor-element elementor-element-727e94e3\" data-id=\"727e94e3\" data-element_type=\"column\" data-e-type=\"column\">\n\t\t\t<div class=\"elementor-widget-wrap elementor-element-populated\">\n\t\t\t\t\t\t<div class=\"elementor-element elementor-element-1685e98f elementor-widget elementor-widget-text-editor\" data-id=\"1685e98f\" data-element_type=\"widget\" data-e-type=\"widget\" data-widget_type=\"text-editor.default\">\n\t\t\t\t<div class=\"elementor-widget-container\">\n\t\t\t\t\t\t\t\t\t<p>Bernard Van Ommeslaghe, n\u00e9 le 30 avril 1934, est Ing\u00e9nieur civil \u00e9lectro-m\u00e9canicien, licenci\u00e9 en Sciences \u00e9conomiques et financi\u00e8res de l\u2019ULB et Ing\u00e9nieur commercial Solvay. Il d\u00e9tient \u00e9galement un Master of Sciences du M.I.T.<\/p><p>Il a men\u00e9 de front une carri\u00e8re acad\u00e9mique et une activit\u00e9 d\u2019entrepreneur priv\u00e9.<\/p><p>Il enseigne la micro-\u00e9conomie de 1964 \u00e0 1999 en Sciences \u00e9conomiques, le marketing et l\u2019organisation d\u2019entreprises de 1975 \u00e0 1999 \u00e0 l\u2019Ecole de Commerce Solvay. Il pr\u00e9side cette derni\u00e8re de 1981 \u00e0 1986.<\/p><p>Il est membre de la Commission Bancaire et Financi\u00e8re de 1982 \u00e0 2000.<\/p><p>Parall\u00e8lement, apr\u00e8s une carri\u00e8re d\u2019une vingtaine d\u2019ann\u00e9es en qualit\u00e9 de directeur g\u00e9n\u00e9ral du Bureau d\u2019Etudes Sobemap, il reprend en 1984 le Bureau Marcel Van Dijk qu\u2019il d\u00e9veloppe dans le domaine de l\u2019information financi\u00e8re jusqu\u2019\u00e0 en faire une soci\u00e9t\u00e9 employant 400 personnes lorsqu\u2019il la revend en 2007.<\/p><p>Il est \u00e9galement un alpiniste passionn\u00e9, passion partag\u00e9e avec Michel Cremer dont il devient l\u2019un des meilleurs amis\u00a0: plus de 500 courses de haute montagne dont 44 fois le Mont Blanc par 18 itin\u00e9raires diff\u00e9rents (parmi lesquels quelques-unes des plus grandes courses des Alpes) et 12 fois le Cervin par trois de ses itin\u00e9raires principaux.<\/p>\t\t\t\t\t\t\t\t<\/div>\n\t\t\t\t<\/div>\n\t\t\t\t\t<\/div>\n\t\t<\/div>\n\t\t\t\t\t<\/div>\n\t\t<\/section>\n\t\t\t\t<\/div>\n\t\t","protected":false},"excerpt":{"rendered":"<p>Prof. Bernard VAN OMMEslaghe Facebook Twitter Google-plus Administrateur Bernard Van Ommeslaghe, n\u00e9 le 30 avril 1934, est Ing\u00e9nieur civil \u00e9lectro-m\u00e9canicien, licenci\u00e9 en Sciences \u00e9conomiques et financi\u00e8res de l\u2019ULB et Ing\u00e9nieur commercial Solvay. Il d\u00e9tient \u00e9galement un Master of Sciences du M.I.T. Il a men\u00e9 de front une carri\u00e8re acad\u00e9mique et une activit\u00e9 d\u2019entrepreneur priv\u00e9. Il enseigne la micro-\u00e9conomie de 1964 \u00e0 1999 en Sciences \u00e9conomiques, le marketing et l\u2019organisation d\u2019entreprises de 1975 \u00e0 1999 \u00e0 l\u2019Ecole de Commerce Solvay. Il pr\u00e9side cette derni\u00e8re de 1981 \u00e0 1986. Il est membre de la Commission Bancaire et Financi\u00e8re de 1982 \u00e0 2000. Parall\u00e8lement, apr\u00e8s une carri\u00e8re d\u2019une vingtaine d\u2019ann\u00e9es en qualit\u00e9 de directeur g\u00e9n\u00e9ral du Bureau d\u2019Etudes Sobemap, il reprend en 1984 le Bureau Marcel Van Dijk qu\u2019il d\u00e9veloppe dans le domaine de l\u2019information financi\u00e8re jusqu\u2019\u00e0 en faire une soci\u00e9t\u00e9 employant 400 personnes lorsqu\u2019il la revend en 2007. Il est \u00e9galement un alpiniste passionn\u00e9, passion partag\u00e9e avec Michel Cremer dont il devient l\u2019un des meilleurs amis\u00a0: plus de 500 courses de haute montagne dont 44 fois le Mont Blanc par 18 itin\u00e9raires diff\u00e9rents (parmi lesquels quelques-unes des plus grandes courses des Alpes) et 12 fois le Cervin par trois de ses itin\u00e9raires principaux.<\/p>\n","protected":false},"author":8,"featured_media":0,"parent":0,"menu_order":0,"comment_status":"closed","ping_status":"closed","template":"","meta":{"give_campaign_id":0,"footnotes":""},"class_list":["post-2547","page","type-page","status-publish","hentry"],"yoast_head":"<!-- This site is optimized with the Yoast SEO plugin v27.3 - https:\/\/yoast.com\/product\/yoast-seo-wordpress\/ -->\n<title>Qui sommes-nous ? - Fondation Michel Cremer<\/title>\n<meta name=\"robots\" content=\"index, follow, max-snippet:-1, max-image-preview:large, max-video-preview:-1\" \/>\n<link rel=\"canonical\" href=\"https:\/\/michelcremerfoundation.eu\/index.php\/cv-bvo\/\" \/>\n<meta property=\"og:locale\" content=\"fr_FR\" \/>\n<meta property=\"og:type\" content=\"article\" \/>\n<meta property=\"og:title\" content=\"Qui sommes-nous ? - Fondation Michel Cremer\" \/>\n<meta property=\"og:description\" content=\"Prof. Bernard VAN OMMEslaghe Facebook Twitter Google-plus Administrateur Bernard Van Ommeslaghe, n\u00e9 le 30 avril 1934, est Ing\u00e9nieur civil \u00e9lectro-m\u00e9canicien, licenci\u00e9 en Sciences \u00e9conomiques et financi\u00e8res de l\u2019ULB et Ing\u00e9nieur commercial Solvay. Il d\u00e9tient \u00e9galement un Master of Sciences du M.I.T. Il a men\u00e9 de front une carri\u00e8re acad\u00e9mique et une activit\u00e9 d\u2019entrepreneur priv\u00e9. Il enseigne la micro-\u00e9conomie de 1964 \u00e0 1999 en Sciences \u00e9conomiques, le marketing et l\u2019organisation d\u2019entreprises de 1975 \u00e0 1999 \u00e0 l\u2019Ecole de Commerce Solvay. Il pr\u00e9side cette derni\u00e8re de 1981 \u00e0 1986. Il est membre de la Commission Bancaire et Financi\u00e8re de 1982 \u00e0 2000. Parall\u00e8lement, apr\u00e8s une carri\u00e8re d\u2019une vingtaine d\u2019ann\u00e9es en qualit\u00e9 de directeur g\u00e9n\u00e9ral du Bureau d\u2019Etudes Sobemap, il reprend en 1984 le Bureau Marcel Van Dijk qu\u2019il d\u00e9veloppe dans le domaine de l\u2019information financi\u00e8re jusqu\u2019\u00e0 en faire une soci\u00e9t\u00e9 employant 400 personnes lorsqu\u2019il la revend en 2007. Il est \u00e9galement un alpiniste passionn\u00e9, passion partag\u00e9e avec Michel Cremer dont il devient l\u2019un des meilleurs amis\u00a0: plus de 500 courses de haute montagne dont 44 fois le Mont Blanc par 18 itin\u00e9raires diff\u00e9rents (parmi lesquels quelques-unes des plus grandes courses des Alpes) et 12 fois le Cervin par trois de ses itin\u00e9raires principaux.\" \/>\n<meta property=\"og:url\" content=\"https:\/\/michelcremerfoundation.eu\/index.php\/cv-bvo\/\" \/>\n<meta property=\"og:site_name\" content=\"Fondation Michel Cremer\" \/>\n<meta property=\"article:publisher\" content=\"https:\/\/www.facebook.com\/fondationmichelcremer\" \/>\n<meta property=\"article:modified_time\" content=\"2020-01-18T13:54:23+00:00\" \/>\n<meta property=\"og:image\" content=\"https:\/\/michelcremerfoundation.eu\/wp-content\/uploads\/2020\/01\/Photo-Vanommeslaghe-Bernard-768x986.jpg\" \/>\n<meta name=\"twitter:card\" content=\"summary_large_image\" \/>\n<meta name=\"twitter:label1\" content=\"Dur\u00e9e de lecture estim\u00e9e\" \/>\n\t<meta name=\"twitter:data1\" content=\"1 minute\" \/>\n<script type=\"application\/ld+json\" class=\"yoast-schema-graph\">{\"@context\":\"https:\\\/\\\/schema.org\",\"@graph\":[{\"@type\":\"WebPage\",\"@id\":\"https:\\\/\\\/michelcremerfoundation.eu\\\/index.php\\\/cv-bvo\\\/\",\"url\":\"https:\\\/\\\/michelcremerfoundation.eu\\\/index.php\\\/cv-bvo\\\/\",\"name\":\"Qui sommes-nous ? - Fondation Michel Cremer\",\"isPartOf\":{\"@id\":\"https:\\\/\\\/michelcremerfoundation.eu\\\/#website\"},\"primaryImageOfPage\":{\"@id\":\"https:\\\/\\\/michelcremerfoundation.eu\\\/index.php\\\/cv-bvo\\\/#primaryimage\"},\"image\":{\"@id\":\"https:\\\/\\\/michelcremerfoundation.eu\\\/index.php\\\/cv-bvo\\\/#primaryimage\"},\"thumbnailUrl\":\"https:\\\/\\\/michelcremerfoundation.eu\\\/wp-content\\\/uploads\\\/2020\\\/01\\\/Photo-Vanommeslaghe-Bernard-768x986.jpg\",\"datePublished\":\"2020-01-18T08:41:59+00:00\",\"dateModified\":\"2020-01-18T13:54:23+00:00\",\"breadcrumb\":{\"@id\":\"https:\\\/\\\/michelcremerfoundation.eu\\\/index.php\\\/cv-bvo\\\/#breadcrumb\"},\"inLanguage\":\"fr-FR\",\"potentialAction\":[{\"@type\":\"ReadAction\",\"target\":[\"https:\\\/\\\/michelcremerfoundation.eu\\\/index.php\\\/cv-bvo\\\/\"]}]},{\"@type\":\"ImageObject\",\"inLanguage\":\"fr-FR\",\"@id\":\"https:\\\/\\\/michelcremerfoundation.eu\\\/index.php\\\/cv-bvo\\\/#primaryimage\",\"url\":\"https:\\\/\\\/michelcremerfoundation.eu\\\/wp-content\\\/uploads\\\/2020\\\/01\\\/Photo-Vanommeslaghe-Bernard-768x986.jpg\",\"contentUrl\":\"https:\\\/\\\/michelcremerfoundation.eu\\\/wp-content\\\/uploads\\\/2020\\\/01\\\/Photo-Vanommeslaghe-Bernard-768x986.jpg\"},{\"@type\":\"BreadcrumbList\",\"@id\":\"https:\\\/\\\/michelcremerfoundation.eu\\\/index.php\\\/cv-bvo\\\/#breadcrumb\",\"itemListElement\":[{\"@type\":\"ListItem\",\"position\":1,\"name\":\"Accueil\",\"item\":\"https:\\\/\\\/michelcremerfoundation.eu\\\/\"},{\"@type\":\"ListItem\",\"position\":2,\"name\":\"Qui sommes-nous ?\"}]},{\"@type\":\"WebSite\",\"@id\":\"https:\\\/\\\/michelcremerfoundation.eu\\\/#website\",\"url\":\"https:\\\/\\\/michelcremerfoundation.eu\\\/\",\"name\":\"Fondation Michel Cremer\",\"description\":\"Ensemble, vers la m\u00e9decine du futur\",\"publisher\":{\"@id\":\"https:\\\/\\\/michelcremerfoundation.eu\\\/#organization\"},\"potentialAction\":[{\"@type\":\"SearchAction\",\"target\":{\"@type\":\"EntryPoint\",\"urlTemplate\":\"https:\\\/\\\/michelcremerfoundation.eu\\\/?s={search_term_string}\"},\"query-input\":{\"@type\":\"PropertyValueSpecification\",\"valueRequired\":true,\"valueName\":\"search_term_string\"}}],\"inLanguage\":\"fr-FR\"},{\"@type\":\"Organization\",\"@id\":\"https:\\\/\\\/michelcremerfoundation.eu\\\/#organization\",\"name\":\"Fondation Michel Cremer\",\"url\":\"https:\\\/\\\/michelcremerfoundation.eu\\\/\",\"logo\":{\"@type\":\"ImageObject\",\"inLanguage\":\"fr-FR\",\"@id\":\"https:\\\/\\\/michelcremerfoundation.eu\\\/#\\\/schema\\\/logo\\\/image\\\/\",\"url\":\"https:\\\/\\\/michelcremerfoundation.eu\\\/wp-content\\\/uploads\\\/2018\\\/03\\\/Logo-FMC-e1520765525490.jpg\",\"contentUrl\":\"https:\\\/\\\/michelcremerfoundation.eu\\\/wp-content\\\/uploads\\\/2018\\\/03\\\/Logo-FMC-e1520765525490.jpg\",\"width\":100,\"height\":66,\"caption\":\"Fondation Michel Cremer\"},\"image\":{\"@id\":\"https:\\\/\\\/michelcremerfoundation.eu\\\/#\\\/schema\\\/logo\\\/image\\\/\"},\"sameAs\":[\"https:\\\/\\\/www.facebook.com\\\/fondationmichelcremer\",\"https:\\\/\\\/www.linkedin.com\\\/company\\\/18897844\"]}]}<\/script>\n<!-- \/ Yoast SEO plugin. -->","yoast_head_json":{"title":"Qui sommes-nous ? - Fondation Michel Cremer","robots":{"index":"index","follow":"follow","max-snippet":"max-snippet:-1","max-image-preview":"max-image-preview:large","max-video-preview":"max-video-preview:-1"},"canonical":"https:\/\/michelcremerfoundation.eu\/index.php\/cv-bvo\/","og_locale":"fr_FR","og_type":"article","og_title":"Qui sommes-nous ? - Fondation Michel Cremer","og_description":"Prof. Bernard VAN OMMEslaghe Facebook Twitter Google-plus Administrateur Bernard Van Ommeslaghe, n\u00e9 le 30 avril 1934, est Ing\u00e9nieur civil \u00e9lectro-m\u00e9canicien, licenci\u00e9 en Sciences \u00e9conomiques et financi\u00e8res de l\u2019ULB et Ing\u00e9nieur commercial Solvay. Il d\u00e9tient \u00e9galement un Master of Sciences du M.I.T. Il a men\u00e9 de front une carri\u00e8re acad\u00e9mique et une activit\u00e9 d\u2019entrepreneur priv\u00e9. Il enseigne la micro-\u00e9conomie de 1964 \u00e0 1999 en Sciences \u00e9conomiques, le marketing et l\u2019organisation d\u2019entreprises de 1975 \u00e0 1999 \u00e0 l\u2019Ecole de Commerce Solvay. Il pr\u00e9side cette derni\u00e8re de 1981 \u00e0 1986. Il est membre de la Commission Bancaire et Financi\u00e8re de 1982 \u00e0 2000. Parall\u00e8lement, apr\u00e8s une carri\u00e8re d\u2019une vingtaine d\u2019ann\u00e9es en qualit\u00e9 de directeur g\u00e9n\u00e9ral du Bureau d\u2019Etudes Sobemap, il reprend en 1984 le Bureau Marcel Van Dijk qu\u2019il d\u00e9veloppe dans le domaine de l\u2019information financi\u00e8re jusqu\u2019\u00e0 en faire une soci\u00e9t\u00e9 employant 400 personnes lorsqu\u2019il la revend en 2007. Il est \u00e9galement un alpiniste passionn\u00e9, passion partag\u00e9e avec Michel Cremer dont il devient l\u2019un des meilleurs amis\u00a0: plus de 500 courses de haute montagne dont 44 fois le Mont Blanc par 18 itin\u00e9raires diff\u00e9rents (parmi lesquels quelques-unes des plus grandes courses des Alpes) et 12 fois le Cervin par trois de ses itin\u00e9raires principaux.","og_url":"https:\/\/michelcremerfoundation.eu\/index.php\/cv-bvo\/","og_site_name":"Fondation Michel Cremer","article_publisher":"https:\/\/www.facebook.com\/fondationmichelcremer","article_modified_time":"2020-01-18T13:54:23+00:00","og_image":[{"url":"https:\/\/michelcremerfoundation.eu\/wp-content\/uploads\/2020\/01\/Photo-Vanommeslaghe-Bernard-768x986.jpg","type":"","width":"","height":""}],"twitter_card":"summary_large_image","twitter_misc":{"Dur\u00e9e de lecture estim\u00e9e":"1 minute"},"schema":{"@context":"https:\/\/schema.org","@graph":[{"@type":"WebPage","@id":"https:\/\/michelcremerfoundation.eu\/index.php\/cv-bvo\/","url":"https:\/\/michelcremerfoundation.eu\/index.php\/cv-bvo\/","name":"Qui sommes-nous ? - Fondation Michel Cremer","isPartOf":{"@id":"https:\/\/michelcremerfoundation.eu\/#website"},"primaryImageOfPage":{"@id":"https:\/\/michelcremerfoundation.eu\/index.php\/cv-bvo\/#primaryimage"},"image":{"@id":"https:\/\/michelcremerfoundation.eu\/index.php\/cv-bvo\/#primaryimage"},"thumbnailUrl":"https:\/\/michelcremerfoundation.eu\/wp-content\/uploads\/2020\/01\/Photo-Vanommeslaghe-Bernard-768x986.jpg","datePublished":"2020-01-18T08:41:59+00:00","dateModified":"2020-01-18T13:54:23+00:00","breadcrumb":{"@id":"https:\/\/michelcremerfoundation.eu\/index.php\/cv-bvo\/#breadcrumb"},"inLanguage":"fr-FR","potentialAction":[{"@type":"ReadAction","target":["https:\/\/michelcremerfoundation.eu\/index.php\/cv-bvo\/"]}]},{"@type":"ImageObject","inLanguage":"fr-FR","@id":"https:\/\/michelcremerfoundation.eu\/index.php\/cv-bvo\/#primaryimage","url":"https:\/\/michelcremerfoundation.eu\/wp-content\/uploads\/2020\/01\/Photo-Vanommeslaghe-Bernard-768x986.jpg","contentUrl":"https:\/\/michelcremerfoundation.eu\/wp-content\/uploads\/2020\/01\/Photo-Vanommeslaghe-Bernard-768x986.jpg"},{"@type":"BreadcrumbList","@id":"https:\/\/michelcremerfoundation.eu\/index.php\/cv-bvo\/#breadcrumb","itemListElement":[{"@type":"ListItem","position":1,"name":"Accueil","item":"https:\/\/michelcremerfoundation.eu\/"},{"@type":"ListItem","position":2,"name":"Qui sommes-nous ?"}]},{"@type":"WebSite","@id":"https:\/\/michelcremerfoundation.eu\/#website","url":"https:\/\/michelcremerfoundation.eu\/","name":"Fondation Michel Cremer","description":"Ensemble, vers la m\u00e9decine du futur","publisher":{"@id":"https:\/\/michelcremerfoundation.eu\/#organization"},"potentialAction":[{"@type":"SearchAction","target":{"@type":"EntryPoint","urlTemplate":"https:\/\/michelcremerfoundation.eu\/?s={search_term_string}"},"query-input":{"@type":"PropertyValueSpecification","valueRequired":true,"valueName":"search_term_string"}}],"inLanguage":"fr-FR"},{"@type":"Organization","@id":"https:\/\/michelcremerfoundation.eu\/#organization","name":"Fondation Michel Cremer","url":"https:\/\/michelcremerfoundation.eu\/","logo":{"@type":"ImageObject","inLanguage":"fr-FR","@id":"https:\/\/michelcremerfoundation.eu\/#\/schema\/logo\/image\/","url":"https:\/\/michelcremerfoundation.eu\/wp-content\/uploads\/2018\/03\/Logo-FMC-e1520765525490.jpg","contentUrl":"https:\/\/michelcremerfoundation.eu\/wp-content\/uploads\/2018\/03\/Logo-FMC-e1520765525490.jpg","width":100,"height":66,"caption":"Fondation Michel Cremer"},"image":{"@id":"https:\/\/michelcremerfoundation.eu\/#\/schema\/logo\/image\/"},"sameAs":["https:\/\/www.facebook.com\/fondationmichelcremer","https:\/\/www.linkedin.com\/company\/18897844"]}]}},"campaignId":"","jetpack_shortlink":"https:\/\/wp.me\/PapkNB-F5","jetpack_sharing_enabled":true,"_links":{"self":[{"href":"https:\/\/michelcremerfoundation.eu\/index.php\/wp-json\/wp\/v2\/pages\/2547","targetHints":{"allow":["GET"]}}],"collection":[{"href":"https:\/\/michelcremerfoundation.eu\/index.php\/wp-json\/wp\/v2\/pages"}],"about":[{"href":"https:\/\/michelcremerfoundation.eu\/index.php\/wp-json\/wp\/v2\/types\/page"}],"author":[{"embeddable":true,"href":"https:\/\/michelcremerfoundation.eu\/index.php\/wp-json\/wp\/v2\/users\/8"}],"replies":[{"embeddable":true,"href":"https:\/\/michelcremerfoundation.eu\/index.php\/wp-json\/wp\/v2\/comments?post=2547"}],"version-history":[{"count":6,"href":"https:\/\/michelcremerfoundation.eu\/index.php\/wp-json\/wp\/v2\/pages\/2547\/revisions"}],"predecessor-version":[{"id":2575,"href":"https:\/\/michelcremerfoundation.eu\/index.php\/wp-json\/wp\/v2\/pages\/2547\/revisions\/2575"}],"wp:attachment":[{"href":"https:\/\/michelcremerfoundation.eu\/index.php\/wp-json\/wp\/v2\/media?parent=2547"}],"curies":[{"name":"wp","href":"https:\/\/api.w.org\/{rel}","templated":true}]}}