{"id":2529,"date":"2020-01-17T21:35:35","date_gmt":"2020-01-17T20:35:35","guid":{"rendered":"https:\/\/michelcremerfoundation.eu\/?page_id=2529"},"modified":"2020-01-18T00:08:29","modified_gmt":"2020-01-17T23:08:29","slug":"cv-tollet","status":"publish","type":"page","link":"https:\/\/michelcremerfoundation.eu\/index.php\/cv-tollet\/","title":{"rendered":"Qui sommes-nous ?"},"content":{"rendered":"\t\t<div data-elementor-type=\"wp-page\" data-elementor-id=\"2529\" class=\"elementor elementor-2529\">\n\t\t\t\t\t\t<section class=\"elementor-section elementor-top-section elementor-element elementor-element-7a907518 elementor-section-boxed elementor-section-height-default elementor-section-height-default\" data-id=\"7a907518\" data-element_type=\"section\" data-e-type=\"section\">\n\t\t\t\t\t\t<div class=\"elementor-container elementor-column-gap-default\">\n\t\t\t\t\t<div class=\"elementor-column elementor-col-100 elementor-top-column elementor-element elementor-element-48e807b9\" data-id=\"48e807b9\" data-element_type=\"column\" data-e-type=\"column\">\n\t\t\t<div class=\"elementor-widget-wrap elementor-element-populated\">\n\t\t\t\t\t\t<section class=\"elementor-section elementor-inner-section elementor-element elementor-element-3f0c743d elementor-section-boxed elementor-section-height-default elementor-section-height-default\" data-id=\"3f0c743d\" data-element_type=\"section\" data-e-type=\"section\">\n\t\t\t\t\t\t<div class=\"elementor-container elementor-column-gap-default\">\n\t\t\t\t\t<div class=\"elementor-column elementor-col-50 elementor-inner-column elementor-element elementor-element-635f50d6\" data-id=\"635f50d6\" data-element_type=\"column\" data-e-type=\"column\">\n\t\t\t<div class=\"elementor-widget-wrap elementor-element-populated\">\n\t\t\t\t\t\t<div class=\"elementor-element elementor-element-741e589d elementor-widget elementor-widget-heading\" data-id=\"741e589d\" data-element_type=\"widget\" data-e-type=\"widget\" data-widget_type=\"heading.default\">\n\t\t\t\t<div class=\"elementor-widget-container\">\n\t\t\t\t\t<h2 class=\"elementor-heading-title elementor-size-default\">Robert Tollet<\/h2>\t\t\t\t<\/div>\n\t\t\t\t<\/div>\n\t\t\t\t\t<\/div>\n\t\t<\/div>\n\t\t\t\t<div class=\"elementor-column elementor-col-50 elementor-inner-column elementor-element elementor-element-7c701039\" data-id=\"7c701039\" data-element_type=\"column\" data-e-type=\"column\">\n\t\t\t<div class=\"elementor-widget-wrap elementor-element-populated\">\n\t\t\t\t\t\t<div class=\"elementor-element elementor-element-32ef7781 e-grid-align-right elementor-shape-rounded elementor-grid-0 elementor-widget elementor-widget-social-icons\" data-id=\"32ef7781\" data-element_type=\"widget\" data-e-type=\"widget\" data-widget_type=\"social-icons.default\">\n\t\t\t\t<div class=\"elementor-widget-container\">\n\t\t\t\t\t\t\t<div class=\"elementor-social-icons-wrapper elementor-grid\" role=\"list\">\n\t\t\t\t\t\t\t<span class=\"elementor-grid-item\" role=\"listitem\">\n\t\t\t\t\t<a class=\"elementor-icon elementor-social-icon elementor-social-icon-facebook elementor-repeater-item-9b3df1f\" target=\"_blank\">\n\t\t\t\t\t\t<span class=\"elementor-screen-only\">Facebook<\/span>\n\t\t\t\t\t\t<i aria-hidden=\"true\" class=\"fab fa-facebook\"><\/i>\t\t\t\t\t<\/a>\n\t\t\t\t<\/span>\n\t\t\t\t\t\t\t<span class=\"elementor-grid-item\" role=\"listitem\">\n\t\t\t\t\t<a class=\"elementor-icon elementor-social-icon elementor-social-icon-twitter elementor-repeater-item-a215d13\" target=\"_blank\">\n\t\t\t\t\t\t<span class=\"elementor-screen-only\">Twitter<\/span>\n\t\t\t\t\t\t<i aria-hidden=\"true\" class=\"fab fa-twitter\"><\/i>\t\t\t\t\t<\/a>\n\t\t\t\t<\/span>\n\t\t\t\t\t\t\t<span class=\"elementor-grid-item\" role=\"listitem\">\n\t\t\t\t\t<a class=\"elementor-icon elementor-social-icon elementor-social-icon-google-plus elementor-repeater-item-806d257\" target=\"_blank\">\n\t\t\t\t\t\t<span class=\"elementor-screen-only\">Google-plus<\/span>\n\t\t\t\t\t\t<i aria-hidden=\"true\" class=\"fab fa-google-plus\"><\/i>\t\t\t\t\t<\/a>\n\t\t\t\t<\/span>\n\t\t\t\t\t<\/div>\n\t\t\t\t\t\t<\/div>\n\t\t\t\t<\/div>\n\t\t\t\t\t<\/div>\n\t\t<\/div>\n\t\t\t\t\t<\/div>\n\t\t<\/section>\n\t\t\t\t<section class=\"elementor-section elementor-inner-section elementor-element elementor-element-466461a elementor-section-boxed elementor-section-height-default elementor-section-height-default\" data-id=\"466461a\" data-element_type=\"section\" data-e-type=\"section\">\n\t\t\t\t\t\t<div class=\"elementor-container elementor-column-gap-default\">\n\t\t\t\t\t<div class=\"elementor-column elementor-col-50 elementor-inner-column elementor-element elementor-element-3e08df55\" data-id=\"3e08df55\" data-element_type=\"column\" data-e-type=\"column\">\n\t\t\t<div class=\"elementor-widget-wrap elementor-element-populated\">\n\t\t\t\t\t\t<div class=\"elementor-element elementor-element-c464d92 elementor-widget elementor-widget-heading\" data-id=\"c464d92\" data-element_type=\"widget\" data-e-type=\"widget\" data-widget_type=\"heading.default\">\n\t\t\t\t<div class=\"elementor-widget-container\">\n\t\t\t\t\t<h3 class=\"elementor-heading-title elementor-size-default\">Administrateur<\/h3>\t\t\t\t<\/div>\n\t\t\t\t<\/div>\n\t\t\t\t\t<\/div>\n\t\t<\/div>\n\t\t\t\t<div class=\"elementor-column elementor-col-50 elementor-inner-column elementor-element elementor-element-4db7d23a\" data-id=\"4db7d23a\" data-element_type=\"column\" data-e-type=\"column\">\n\t\t\t<div class=\"elementor-widget-wrap\">\n\t\t\t\t\t\t\t<\/div>\n\t\t<\/div>\n\t\t\t\t\t<\/div>\n\t\t<\/section>\n\t\t\t\t\t<\/div>\n\t\t<\/div>\n\t\t\t\t\t<\/div>\n\t\t<\/section>\n\t\t\t\t<section class=\"elementor-section elementor-top-section elementor-element elementor-element-3cf9b6f7 elementor-section-boxed elementor-section-height-default elementor-section-height-default\" data-id=\"3cf9b6f7\" data-element_type=\"section\" data-e-type=\"section\">\n\t\t\t\t\t\t<div class=\"elementor-container elementor-column-gap-default\">\n\t\t\t\t\t<div class=\"elementor-column elementor-col-50 elementor-top-column elementor-element elementor-element-55e8baf5\" data-id=\"55e8baf5\" data-element_type=\"column\" data-e-type=\"column\">\n\t\t\t<div class=\"elementor-widget-wrap elementor-element-populated\">\n\t\t\t\t\t\t<div class=\"elementor-element elementor-element-533fc0 elementor-widget elementor-widget-image\" data-id=\"533fc0\" data-element_type=\"widget\" data-e-type=\"widget\" data-widget_type=\"image.default\">\n\t\t\t\t<div class=\"elementor-widget-container\">\n\t\t\t\t\t\t\t\t\t\t\t\t\t\t\t<img fetchpriority=\"high\" decoding=\"async\" width=\"241\" height=\"242\" src=\"https:\/\/michelcremerfoundation.eu\/wp-content\/uploads\/2020\/01\/Robert-Tollet-1.jpg\" class=\"attachment-medium_large size-medium_large wp-image-2545\" alt=\"Robert Tollet\" srcset=\"https:\/\/michelcremerfoundation.eu\/wp-content\/uploads\/2020\/01\/Robert-Tollet-1-66x66.jpg 66w, https:\/\/michelcremerfoundation.eu\/wp-content\/uploads\/2020\/01\/Robert-Tollet-1-100x100.jpg 100w, https:\/\/michelcremerfoundation.eu\/wp-content\/uploads\/2020\/01\/Robert-Tollet-1-150x150.jpg 150w, https:\/\/michelcremerfoundation.eu\/wp-content\/uploads\/2020\/01\/Robert-Tollet-1-200x201.jpg 200w, https:\/\/michelcremerfoundation.eu\/wp-content\/uploads\/2020\/01\/Robert-Tollet-1.jpg 241w\" sizes=\"(max-width: 241px) 100vw, 241px\" \/>\t\t\t\t\t\t\t\t\t\t\t\t\t\t\t<\/div>\n\t\t\t\t<\/div>\n\t\t\t\t\t<\/div>\n\t\t<\/div>\n\t\t\t\t<div class=\"elementor-column elementor-col-50 elementor-top-column elementor-element elementor-element-bdd96c1\" data-id=\"bdd96c1\" data-element_type=\"column\" data-e-type=\"column\">\n\t\t\t<div class=\"elementor-widget-wrap elementor-element-populated\">\n\t\t\t\t\t\t<div class=\"elementor-element elementor-element-293bcaf2 elementor-widget elementor-widget-text-editor\" data-id=\"293bcaf2\" data-element_type=\"widget\" data-e-type=\"widget\" data-widget_type=\"text-editor.default\">\n\t\t\t\t<div class=\"elementor-widget-container\">\n\t\t\t\t\t\t\t\t\t<p>Robert, baron Tollet, n\u00e9 en\u00a01946,\u00a0est licenci\u00e9 en sciences \u00e9conomiques et en \u00e9conom\u00e9trie (ULB).<\/p><p>D\u2019abord expert scientifique au\u00a0Bureau f\u00e9d\u00e9ral du Plan, il est depuis 1988, Pr\u00e9sident du\u00a0Conseil central de l&rsquo;\u00c9conomie, organe qui r\u00e9unit patrons et syndicats belges. Il est aussi \u00e0 la t\u00eate de la\u00a0Soci\u00e9t\u00e9 F\u00e9d\u00e9rale de Participations et d\u2019Investissements\u00a0(SFPI).<\/p><p>Amateur d\u2019art, cela l\u2019a conduit \u00e0 pr\u00e9sider le comit\u00e9 de patronage de l&rsquo;Institut du Patrimoine wallon.<\/p><p>Pr\u00e9sident du Conseil de gestion de l\u2019H\u00f4pital Erasme depuis 1992 et pr\u00e9sident du Conseil d\u2019Administration de l\u2019Institut Jules Bordet, il devient Pr\u00e9sident du Conseil d\u2019Administration de l&rsquo;ULB\u00a0de 1995 \u00e0 2003.<\/p><p>Il a \u00e9t\u00e9 \u00e9lev\u00e9 au rang de baron par le roi\u00a0Albert II de Belgique\u00a0en\u00a01999.<\/p>\t\t\t\t\t\t\t\t<\/div>\n\t\t\t\t<\/div>\n\t\t\t\t\t<\/div>\n\t\t<\/div>\n\t\t\t\t\t<\/div>\n\t\t<\/section>\n\t\t\t\t<\/div>\n\t\t","protected":false},"excerpt":{"rendered":"<p>Robert Tollet Facebook Twitter Google-plus Administrateur Robert, baron Tollet, n\u00e9 en\u00a01946,\u00a0est licenci\u00e9 en sciences \u00e9conomiques et en \u00e9conom\u00e9trie (ULB). D\u2019abord expert scientifique au\u00a0Bureau f\u00e9d\u00e9ral du Plan, il est depuis 1988, Pr\u00e9sident du\u00a0Conseil central de l&rsquo;\u00c9conomie, organe qui r\u00e9unit patrons et syndicats belges. Il est aussi \u00e0 la t\u00eate de la\u00a0Soci\u00e9t\u00e9 F\u00e9d\u00e9rale de Participations et d\u2019Investissements\u00a0(SFPI). Amateur d\u2019art, cela l\u2019a conduit \u00e0 pr\u00e9sider le comit\u00e9 de patronage de l&rsquo;Institut du Patrimoine wallon. Pr\u00e9sident du Conseil de gestion de l\u2019H\u00f4pital Erasme depuis 1992 et pr\u00e9sident du Conseil d\u2019Administration de l\u2019Institut Jules Bordet, il devient Pr\u00e9sident du Conseil d\u2019Administration de l&rsquo;ULB\u00a0de 1995 \u00e0 2003. Il a \u00e9t\u00e9 \u00e9lev\u00e9 au rang de baron par le roi\u00a0Albert II de Belgique\u00a0en\u00a01999.<\/p>\n","protected":false},"author":8,"featured_media":0,"parent":0,"menu_order":0,"comment_status":"closed","ping_status":"closed","template":"","meta":{"give_campaign_id":0,"footnotes":""},"class_list":["post-2529","page","type-page","status-publish","hentry"],"yoast_head":"<!-- This site is optimized with the Yoast SEO plugin v27.5 - https:\/\/yoast.com\/product\/yoast-seo-wordpress\/ -->\n<title>Qui sommes-nous ? - Fondation Michel Cremer<\/title>\n<meta name=\"robots\" content=\"index, follow, max-snippet:-1, max-image-preview:large, max-video-preview:-1\" \/>\n<link rel=\"canonical\" href=\"https:\/\/michelcremerfoundation.eu\/index.php\/cv-tollet\/\" \/>\n<meta property=\"og:locale\" content=\"fr_FR\" \/>\n<meta property=\"og:type\" content=\"article\" \/>\n<meta property=\"og:title\" content=\"Qui sommes-nous ? - Fondation Michel Cremer\" \/>\n<meta property=\"og:description\" content=\"Robert Tollet Facebook Twitter Google-plus Administrateur Robert, baron Tollet, n\u00e9 en\u00a01946,\u00a0est licenci\u00e9 en sciences \u00e9conomiques et en \u00e9conom\u00e9trie (ULB). D\u2019abord expert scientifique au\u00a0Bureau f\u00e9d\u00e9ral du Plan, il est depuis 1988, Pr\u00e9sident du\u00a0Conseil central de l&rsquo;\u00c9conomie, organe qui r\u00e9unit patrons et syndicats belges. Il est aussi \u00e0 la t\u00eate de la\u00a0Soci\u00e9t\u00e9 F\u00e9d\u00e9rale de Participations et d\u2019Investissements\u00a0(SFPI). Amateur d\u2019art, cela l\u2019a conduit \u00e0 pr\u00e9sider le comit\u00e9 de patronage de l&rsquo;Institut du Patrimoine wallon. Pr\u00e9sident du Conseil de gestion de l\u2019H\u00f4pital Erasme depuis 1992 et pr\u00e9sident du Conseil d\u2019Administration de l\u2019Institut Jules Bordet, il devient Pr\u00e9sident du Conseil d\u2019Administration de l&rsquo;ULB\u00a0de 1995 \u00e0 2003. Il a \u00e9t\u00e9 \u00e9lev\u00e9 au rang de baron par le roi\u00a0Albert II de Belgique\u00a0en\u00a01999.\" \/>\n<meta property=\"og:url\" content=\"https:\/\/michelcremerfoundation.eu\/index.php\/cv-tollet\/\" \/>\n<meta property=\"og:site_name\" content=\"Fondation Michel Cremer\" \/>\n<meta property=\"article:publisher\" content=\"https:\/\/www.facebook.com\/fondationmichelcremer\" \/>\n<meta property=\"article:modified_time\" content=\"2020-01-17T23:08:29+00:00\" \/>\n<meta property=\"og:image\" content=\"https:\/\/michelcremerfoundation.eu\/wp-content\/uploads\/2020\/01\/Robert-Tollet-1.jpg\" \/>\n<meta name=\"twitter:card\" content=\"summary_large_image\" \/>\n<meta name=\"twitter:label1\" content=\"Dur\u00e9e de lecture estim\u00e9e\" \/>\n\t<meta name=\"twitter:data1\" content=\"1 minute\" \/>\n<script type=\"application\/ld+json\" class=\"yoast-schema-graph\">{\"@context\":\"https:\\\/\\\/schema.org\",\"@graph\":[{\"@type\":\"WebPage\",\"@id\":\"https:\\\/\\\/michelcremerfoundation.eu\\\/index.php\\\/cv-tollet\\\/\",\"url\":\"https:\\\/\\\/michelcremerfoundation.eu\\\/index.php\\\/cv-tollet\\\/\",\"name\":\"Qui sommes-nous ? - Fondation Michel Cremer\",\"isPartOf\":{\"@id\":\"https:\\\/\\\/michelcremerfoundation.eu\\\/#website\"},\"primaryImageOfPage\":{\"@id\":\"https:\\\/\\\/michelcremerfoundation.eu\\\/index.php\\\/cv-tollet\\\/#primaryimage\"},\"image\":{\"@id\":\"https:\\\/\\\/michelcremerfoundation.eu\\\/index.php\\\/cv-tollet\\\/#primaryimage\"},\"thumbnailUrl\":\"https:\\\/\\\/michelcremerfoundation.eu\\\/wp-content\\\/uploads\\\/2020\\\/01\\\/Robert-Tollet-1.jpg\",\"datePublished\":\"2020-01-17T20:35:35+00:00\",\"dateModified\":\"2020-01-17T23:08:29+00:00\",\"breadcrumb\":{\"@id\":\"https:\\\/\\\/michelcremerfoundation.eu\\\/index.php\\\/cv-tollet\\\/#breadcrumb\"},\"inLanguage\":\"fr-FR\",\"potentialAction\":[{\"@type\":\"ReadAction\",\"target\":[\"https:\\\/\\\/michelcremerfoundation.eu\\\/index.php\\\/cv-tollet\\\/\"]}]},{\"@type\":\"ImageObject\",\"inLanguage\":\"fr-FR\",\"@id\":\"https:\\\/\\\/michelcremerfoundation.eu\\\/index.php\\\/cv-tollet\\\/#primaryimage\",\"url\":\"https:\\\/\\\/michelcremerfoundation.eu\\\/wp-content\\\/uploads\\\/2020\\\/01\\\/Robert-Tollet-1.jpg\",\"contentUrl\":\"https:\\\/\\\/michelcremerfoundation.eu\\\/wp-content\\\/uploads\\\/2020\\\/01\\\/Robert-Tollet-1.jpg\"},{\"@type\":\"BreadcrumbList\",\"@id\":\"https:\\\/\\\/michelcremerfoundation.eu\\\/index.php\\\/cv-tollet\\\/#breadcrumb\",\"itemListElement\":[{\"@type\":\"ListItem\",\"position\":1,\"name\":\"Accueil\",\"item\":\"https:\\\/\\\/michelcremerfoundation.eu\\\/\"},{\"@type\":\"ListItem\",\"position\":2,\"name\":\"Qui sommes-nous ?\"}]},{\"@type\":\"WebSite\",\"@id\":\"https:\\\/\\\/michelcremerfoundation.eu\\\/#website\",\"url\":\"https:\\\/\\\/michelcremerfoundation.eu\\\/\",\"name\":\"Fondation Michel Cremer\",\"description\":\"Ensemble, vers la m\u00e9decine du futur\",\"publisher\":{\"@id\":\"https:\\\/\\\/michelcremerfoundation.eu\\\/#organization\"},\"potentialAction\":[{\"@type\":\"SearchAction\",\"target\":{\"@type\":\"EntryPoint\",\"urlTemplate\":\"https:\\\/\\\/michelcremerfoundation.eu\\\/?s={search_term_string}\"},\"query-input\":{\"@type\":\"PropertyValueSpecification\",\"valueRequired\":true,\"valueName\":\"search_term_string\"}}],\"inLanguage\":\"fr-FR\"},{\"@type\":\"Organization\",\"@id\":\"https:\\\/\\\/michelcremerfoundation.eu\\\/#organization\",\"name\":\"Fondation Michel Cremer\",\"url\":\"https:\\\/\\\/michelcremerfoundation.eu\\\/\",\"logo\":{\"@type\":\"ImageObject\",\"inLanguage\":\"fr-FR\",\"@id\":\"https:\\\/\\\/michelcremerfoundation.eu\\\/#\\\/schema\\\/logo\\\/image\\\/\",\"url\":\"https:\\\/\\\/michelcremerfoundation.eu\\\/wp-content\\\/uploads\\\/2018\\\/03\\\/Logo-FMC-e1520765525490.jpg\",\"contentUrl\":\"https:\\\/\\\/michelcremerfoundation.eu\\\/wp-content\\\/uploads\\\/2018\\\/03\\\/Logo-FMC-e1520765525490.jpg\",\"width\":100,\"height\":66,\"caption\":\"Fondation Michel Cremer\"},\"image\":{\"@id\":\"https:\\\/\\\/michelcremerfoundation.eu\\\/#\\\/schema\\\/logo\\\/image\\\/\"},\"sameAs\":[\"https:\\\/\\\/www.facebook.com\\\/fondationmichelcremer\",\"https:\\\/\\\/www.linkedin.com\\\/company\\\/18897844\"]}]}<\/script>\n<!-- \/ Yoast SEO plugin. -->","yoast_head_json":{"title":"Qui sommes-nous ? - Fondation Michel Cremer","robots":{"index":"index","follow":"follow","max-snippet":"max-snippet:-1","max-image-preview":"max-image-preview:large","max-video-preview":"max-video-preview:-1"},"canonical":"https:\/\/michelcremerfoundation.eu\/index.php\/cv-tollet\/","og_locale":"fr_FR","og_type":"article","og_title":"Qui sommes-nous ? - Fondation Michel Cremer","og_description":"Robert Tollet Facebook Twitter Google-plus Administrateur Robert, baron Tollet, n\u00e9 en\u00a01946,\u00a0est licenci\u00e9 en sciences \u00e9conomiques et en \u00e9conom\u00e9trie (ULB). D\u2019abord expert scientifique au\u00a0Bureau f\u00e9d\u00e9ral du Plan, il est depuis 1988, Pr\u00e9sident du\u00a0Conseil central de l&rsquo;\u00c9conomie, organe qui r\u00e9unit patrons et syndicats belges. Il est aussi \u00e0 la t\u00eate de la\u00a0Soci\u00e9t\u00e9 F\u00e9d\u00e9rale de Participations et d\u2019Investissements\u00a0(SFPI). Amateur d\u2019art, cela l\u2019a conduit \u00e0 pr\u00e9sider le comit\u00e9 de patronage de l&rsquo;Institut du Patrimoine wallon. Pr\u00e9sident du Conseil de gestion de l\u2019H\u00f4pital Erasme depuis 1992 et pr\u00e9sident du Conseil d\u2019Administration de l\u2019Institut Jules Bordet, il devient Pr\u00e9sident du Conseil d\u2019Administration de l&rsquo;ULB\u00a0de 1995 \u00e0 2003. Il a \u00e9t\u00e9 \u00e9lev\u00e9 au rang de baron par le roi\u00a0Albert II de Belgique\u00a0en\u00a01999.","og_url":"https:\/\/michelcremerfoundation.eu\/index.php\/cv-tollet\/","og_site_name":"Fondation Michel Cremer","article_publisher":"https:\/\/www.facebook.com\/fondationmichelcremer","article_modified_time":"2020-01-17T23:08:29+00:00","og_image":[{"url":"https:\/\/michelcremerfoundation.eu\/wp-content\/uploads\/2020\/01\/Robert-Tollet-1.jpg","type":"","width":"","height":""}],"twitter_card":"summary_large_image","twitter_misc":{"Dur\u00e9e de lecture estim\u00e9e":"1 minute"},"schema":{"@context":"https:\/\/schema.org","@graph":[{"@type":"WebPage","@id":"https:\/\/michelcremerfoundation.eu\/index.php\/cv-tollet\/","url":"https:\/\/michelcremerfoundation.eu\/index.php\/cv-tollet\/","name":"Qui sommes-nous ? - Fondation Michel Cremer","isPartOf":{"@id":"https:\/\/michelcremerfoundation.eu\/#website"},"primaryImageOfPage":{"@id":"https:\/\/michelcremerfoundation.eu\/index.php\/cv-tollet\/#primaryimage"},"image":{"@id":"https:\/\/michelcremerfoundation.eu\/index.php\/cv-tollet\/#primaryimage"},"thumbnailUrl":"https:\/\/michelcremerfoundation.eu\/wp-content\/uploads\/2020\/01\/Robert-Tollet-1.jpg","datePublished":"2020-01-17T20:35:35+00:00","dateModified":"2020-01-17T23:08:29+00:00","breadcrumb":{"@id":"https:\/\/michelcremerfoundation.eu\/index.php\/cv-tollet\/#breadcrumb"},"inLanguage":"fr-FR","potentialAction":[{"@type":"ReadAction","target":["https:\/\/michelcremerfoundation.eu\/index.php\/cv-tollet\/"]}]},{"@type":"ImageObject","inLanguage":"fr-FR","@id":"https:\/\/michelcremerfoundation.eu\/index.php\/cv-tollet\/#primaryimage","url":"https:\/\/michelcremerfoundation.eu\/wp-content\/uploads\/2020\/01\/Robert-Tollet-1.jpg","contentUrl":"https:\/\/michelcremerfoundation.eu\/wp-content\/uploads\/2020\/01\/Robert-Tollet-1.jpg"},{"@type":"BreadcrumbList","@id":"https:\/\/michelcremerfoundation.eu\/index.php\/cv-tollet\/#breadcrumb","itemListElement":[{"@type":"ListItem","position":1,"name":"Accueil","item":"https:\/\/michelcremerfoundation.eu\/"},{"@type":"ListItem","position":2,"name":"Qui sommes-nous ?"}]},{"@type":"WebSite","@id":"https:\/\/michelcremerfoundation.eu\/#website","url":"https:\/\/michelcremerfoundation.eu\/","name":"Fondation Michel Cremer","description":"Ensemble, vers la m\u00e9decine du futur","publisher":{"@id":"https:\/\/michelcremerfoundation.eu\/#organization"},"potentialAction":[{"@type":"SearchAction","target":{"@type":"EntryPoint","urlTemplate":"https:\/\/michelcremerfoundation.eu\/?s={search_term_string}"},"query-input":{"@type":"PropertyValueSpecification","valueRequired":true,"valueName":"search_term_string"}}],"inLanguage":"fr-FR"},{"@type":"Organization","@id":"https:\/\/michelcremerfoundation.eu\/#organization","name":"Fondation Michel Cremer","url":"https:\/\/michelcremerfoundation.eu\/","logo":{"@type":"ImageObject","inLanguage":"fr-FR","@id":"https:\/\/michelcremerfoundation.eu\/#\/schema\/logo\/image\/","url":"https:\/\/michelcremerfoundation.eu\/wp-content\/uploads\/2018\/03\/Logo-FMC-e1520765525490.jpg","contentUrl":"https:\/\/michelcremerfoundation.eu\/wp-content\/uploads\/2018\/03\/Logo-FMC-e1520765525490.jpg","width":100,"height":66,"caption":"Fondation Michel Cremer"},"image":{"@id":"https:\/\/michelcremerfoundation.eu\/#\/schema\/logo\/image\/"},"sameAs":["https:\/\/www.facebook.com\/fondationmichelcremer","https:\/\/www.linkedin.com\/company\/18897844"]}]}},"campaignId":"","jetpack_shortlink":"https:\/\/wp.me\/PapkNB-EN","jetpack_sharing_enabled":true,"_links":{"self":[{"href":"https:\/\/michelcremerfoundation.eu\/index.php\/wp-json\/wp\/v2\/pages\/2529","targetHints":{"allow":["GET"]}}],"collection":[{"href":"https:\/\/michelcremerfoundation.eu\/index.php\/wp-json\/wp\/v2\/pages"}],"about":[{"href":"https:\/\/michelcremerfoundation.eu\/index.php\/wp-json\/wp\/v2\/types\/page"}],"author":[{"embeddable":true,"href":"https:\/\/michelcremerfoundation.eu\/index.php\/wp-json\/wp\/v2\/users\/8"}],"replies":[{"embeddable":true,"href":"https:\/\/michelcremerfoundation.eu\/index.php\/wp-json\/wp\/v2\/comments?post=2529"}],"version-history":[{"count":6,"href":"https:\/\/michelcremerfoundation.eu\/index.php\/wp-json\/wp\/v2\/pages\/2529\/revisions"}],"predecessor-version":[{"id":2546,"href":"https:\/\/michelcremerfoundation.eu\/index.php\/wp-json\/wp\/v2\/pages\/2529\/revisions\/2546"}],"wp:attachment":[{"href":"https:\/\/michelcremerfoundation.eu\/index.php\/wp-json\/wp\/v2\/media?parent=2529"}],"curies":[{"name":"wp","href":"https:\/\/api.w.org\/{rel}","templated":true}]}}