{"id":1248,"date":"2018-10-05T17:21:18","date_gmt":"2018-10-05T15:21:18","guid":{"rendered":"https:\/\/michelcremerfoundation.eu\/?page_id=1248"},"modified":"2019-03-01T12:06:30","modified_gmt":"2019-03-01T11:06:30","slug":"legs-en-duo","status":"publish","type":"page","link":"https:\/\/michelcremerfoundation.eu\/index.php\/legs-en-duo\/","title":{"rendered":"Legs en duo"},"content":{"rendered":"\t\t<div data-elementor-type=\"wp-post\" data-elementor-id=\"1248\" class=\"elementor elementor-1248 elementor-bc-flex-widget\">\n\t\t\t\t\t\t<section class=\"elementor-section elementor-top-section elementor-element elementor-element-c7aa701 elementor-section-stretched elementor-section-full_width elementor-section-content-middle elementor-section-height-default elementor-section-height-default\" data-id=\"c7aa701\" data-element_type=\"section\" data-e-type=\"section\" data-settings=\"{&quot;stretch_section&quot;:&quot;section-stretched&quot;}\">\n\t\t\t\t\t\t<div class=\"elementor-container elementor-column-gap-no\">\n\t\t\t\t\t<div class=\"elementor-column elementor-col-50 elementor-top-column elementor-element elementor-element-1cbfe63\" data-id=\"1cbfe63\" data-element_type=\"column\" data-e-type=\"column\" data-settings=\"{&quot;background_background&quot;:&quot;classic&quot;}\">\n\t\t\t<div class=\"elementor-widget-wrap elementor-element-populated\">\n\t\t\t\t\t\t<div class=\"elementor-element elementor-element-9e0087a elementor-widget elementor-widget-spacer\" data-id=\"9e0087a\" data-element_type=\"widget\" data-e-type=\"widget\" data-widget_type=\"spacer.default\">\n\t\t\t\t<div class=\"elementor-widget-container\">\n\t\t\t\t\t\t\t<div class=\"elementor-spacer\">\n\t\t\t<div class=\"elementor-spacer-inner\"><\/div>\n\t\t<\/div>\n\t\t\t\t\t\t<\/div>\n\t\t\t\t<\/div>\n\t\t\t\t\t<\/div>\n\t\t<\/div>\n\t\t\t\t<div class=\"elementor-column elementor-col-50 elementor-top-column elementor-element elementor-element-17b77b5\" data-id=\"17b77b5\" data-element_type=\"column\" data-e-type=\"column\">\n\t\t\t<div class=\"elementor-widget-wrap elementor-element-populated\">\n\t\t\t\t\t\t<div class=\"elementor-element elementor-element-f76fb29 elementor-widget elementor-widget-heading\" data-id=\"f76fb29\" data-element_type=\"widget\" data-e-type=\"widget\" data-widget_type=\"heading.default\">\n\t\t\t\t<div class=\"elementor-widget-container\">\n\t\t\t\t\t<h2 class=\"elementor-heading-title elementor-size-default\">D\u00c9COUVREZ LES AVANTAGES DU LEGS EN DUO<\/h2>\t\t\t\t<\/div>\n\t\t\t\t<\/div>\n\t\t\t\t<div class=\"elementor-element elementor-element-7de3b58 elementor-widget elementor-widget-text-editor\" data-id=\"7de3b58\" data-element_type=\"widget\" data-e-type=\"widget\" data-widget_type=\"text-editor.default\">\n\t\t\t\t<div class=\"elementor-widget-container\">\n\t\t\t\t\t\t\t\t\t<p>Vos h\u00e9ritiers paient des droits de succession au fisc sur ce que vous leur l\u00e9guez par le biais d\u2019un legs dans votre testament.<\/p><p>Mais vous pouvez faire en sorte qu\u2019ils paient moins de droits de succession en faisant de votre legs un legs en duo : une technique par laquelle vous donnez une part de vos biens \u00e0 vos h\u00e9ritiers et une autre \u00e0 une organisation philantropique comme la Fondation Michel Cremer. Dans ce cas, c\u2019est la Fondation Michel Cremer qui paie les droits de succession et non votre h\u00e9ritier qui b\u00e9n\u00e9ficie, quant \u00e0 lui, d\u2019un avantage fiscal.<\/p><p>Le legs en duo peut \u00eatre tr\u00e8s int\u00e9ressant d\u2019un point de vue fiscal si vous souhaitez l\u00e9guer quelque chose \u00e0 quelqu\u2019un qui devra payer des droits de succession \u00e9lev\u00e9s. Ce sont les parents lointains ou les h\u00e9ritiers sans lien de parent\u00e9 avec le d\u00e9funt qui paient le plus, plus que les h\u00e9ritiers directs comme des conjoint(e)s ou des enfants. La valeur des biens joue \u00e9galement un r\u00f4le : plus l\u2019h\u00e9ritage est \u00e9lev\u00e9, plus le tarif des droits de succession sera haut.<\/p><p>Si vous reprenez un(e) neveu ou une ni\u00e8ce, ou un(e) ami(e) dans votre testament, ils devront donc c\u00e9der une part consid\u00e9rable de l\u2019h\u00e9ritage au fisc. Sauf si vous laissez une part de vos biens \u00e0 une organisation philanthropique, qui sera oblig\u00e9e de payer tous les droits de succession, y compris ceux de votre cousin(e) ou ami(e). Chaque situation \u00e9tant diff\u00e9rente, et les droits de succession variant d\u2019une r\u00e9gion \u00e0 l\u2019autre,\u00a0 il convient \u00e9videmment de consulter un notaire qui effectuera le calcul pour vous.<\/p>\t\t\t\t\t\t\t\t<\/div>\n\t\t\t\t<\/div>\n\t\t\t\t\t<\/div>\n\t\t<\/div>\n\t\t\t\t\t<\/div>\n\t\t<\/section>\n\t\t\t\t<\/div>\n\t\t","protected":false},"excerpt":{"rendered":"<p>D\u00c9COUVREZ LES AVANTAGES DU LEGS EN DUO Vos h\u00e9ritiers paient des droits de succession au fisc sur ce que vous leur l\u00e9guez par le biais d\u2019un legs dans votre testament. Mais vous pouvez faire en sorte qu\u2019ils paient moins de droits de succession en faisant de votre legs un legs en duo : une technique par laquelle vous donnez une part de vos biens \u00e0 vos h\u00e9ritiers et une autre \u00e0 une organisation philantropique comme la Fondation Michel Cremer. Dans ce cas, c\u2019est la Fondation Michel Cremer qui paie les droits de succession et non votre h\u00e9ritier qui b\u00e9n\u00e9ficie, quant \u00e0 lui, d\u2019un avantage fiscal. Le legs en duo peut \u00eatre tr\u00e8s int\u00e9ressant d\u2019un point de vue fiscal si vous souhaitez l\u00e9guer quelque chose \u00e0 quelqu\u2019un qui devra payer des droits de succession \u00e9lev\u00e9s. Ce sont les parents lointains ou les h\u00e9ritiers sans lien de parent\u00e9 avec le d\u00e9funt qui paient le plus, plus que les h\u00e9ritiers directs comme des conjoint(e)s ou des enfants. La valeur des biens joue \u00e9galement un r\u00f4le : plus l\u2019h\u00e9ritage est \u00e9lev\u00e9, plus le tarif des droits de succession sera haut. Si vous reprenez un(e) neveu ou une ni\u00e8ce, ou un(e) ami(e) dans votre testament, ils devront donc c\u00e9der une part consid\u00e9rable de l\u2019h\u00e9ritage au fisc. Sauf si vous laissez une part de vos biens [&hellip;]<\/p>\n","protected":false},"author":5,"featured_media":0,"parent":0,"menu_order":0,"comment_status":"closed","ping_status":"closed","template":"100-width.php","meta":{"give_campaign_id":0,"footnotes":""},"class_list":["post-1248","page","type-page","status-publish","hentry"],"yoast_head":"<!-- This site is optimized with the Yoast SEO plugin v27.4 - https:\/\/yoast.com\/product\/yoast-seo-wordpress\/ -->\n<title>Legs en duo - Fondation Michel Cremer<\/title>\n<meta name=\"robots\" content=\"index, follow, max-snippet:-1, max-image-preview:large, max-video-preview:-1\" \/>\n<link rel=\"canonical\" href=\"https:\/\/michelcremerfoundation.eu\/index.php\/legs-en-duo\/\" \/>\n<meta property=\"og:locale\" content=\"fr_FR\" \/>\n<meta property=\"og:type\" content=\"article\" \/>\n<meta property=\"og:title\" content=\"Legs en duo - Fondation Michel Cremer\" \/>\n<meta property=\"og:description\" content=\"D\u00c9COUVREZ LES AVANTAGES DU LEGS EN DUO Vos h\u00e9ritiers paient des droits de succession au fisc sur ce que vous leur l\u00e9guez par le biais d\u2019un legs dans votre testament. Mais vous pouvez faire en sorte qu\u2019ils paient moins de droits de succession en faisant de votre legs un legs en duo : une technique par laquelle vous donnez une part de vos biens \u00e0 vos h\u00e9ritiers et une autre \u00e0 une organisation philantropique comme la Fondation Michel Cremer. Dans ce cas, c\u2019est la Fondation Michel Cremer qui paie les droits de succession et non votre h\u00e9ritier qui b\u00e9n\u00e9ficie, quant \u00e0 lui, d\u2019un avantage fiscal. Le legs en duo peut \u00eatre tr\u00e8s int\u00e9ressant d\u2019un point de vue fiscal si vous souhaitez l\u00e9guer quelque chose \u00e0 quelqu\u2019un qui devra payer des droits de succession \u00e9lev\u00e9s. Ce sont les parents lointains ou les h\u00e9ritiers sans lien de parent\u00e9 avec le d\u00e9funt qui paient le plus, plus que les h\u00e9ritiers directs comme des conjoint(e)s ou des enfants. La valeur des biens joue \u00e9galement un r\u00f4le : plus l\u2019h\u00e9ritage est \u00e9lev\u00e9, plus le tarif des droits de succession sera haut. Si vous reprenez un(e) neveu ou une ni\u00e8ce, ou un(e) ami(e) dans votre testament, ils devront donc c\u00e9der une part consid\u00e9rable de l\u2019h\u00e9ritage au fisc. Sauf si vous laissez une part de vos biens [&hellip;]\" \/>\n<meta property=\"og:url\" content=\"https:\/\/michelcremerfoundation.eu\/index.php\/legs-en-duo\/\" \/>\n<meta property=\"og:site_name\" content=\"Fondation Michel Cremer\" \/>\n<meta property=\"article:publisher\" content=\"https:\/\/www.facebook.com\/fondationmichelcremer\" \/>\n<meta property=\"article:modified_time\" content=\"2019-03-01T11:06:30+00:00\" \/>\n<meta property=\"og:image\" content=\"https:\/\/michelcremerfoundation.eu\/wp-content\/uploads\/2018\/06\/FMC-LOGO-NEW-TXT-NOIR.png\" \/>\n\t<meta property=\"og:image:width\" content=\"1662\" \/>\n\t<meta property=\"og:image:height\" content=\"1598\" \/>\n\t<meta property=\"og:image:type\" content=\"image\/png\" \/>\n<meta name=\"twitter:card\" content=\"summary_large_image\" \/>\n<meta name=\"twitter:label1\" content=\"Dur\u00e9e de lecture estim\u00e9e\" \/>\n\t<meta name=\"twitter:data1\" content=\"2 minutes\" \/>\n<script type=\"application\/ld+json\" class=\"yoast-schema-graph\">{\"@context\":\"https:\\\/\\\/schema.org\",\"@graph\":[{\"@type\":\"WebPage\",\"@id\":\"https:\\\/\\\/michelcremerfoundation.eu\\\/index.php\\\/legs-en-duo\\\/\",\"url\":\"https:\\\/\\\/michelcremerfoundation.eu\\\/index.php\\\/legs-en-duo\\\/\",\"name\":\"Legs en duo - Fondation Michel Cremer\",\"isPartOf\":{\"@id\":\"https:\\\/\\\/michelcremerfoundation.eu\\\/#website\"},\"datePublished\":\"2018-10-05T15:21:18+00:00\",\"dateModified\":\"2019-03-01T11:06:30+00:00\",\"breadcrumb\":{\"@id\":\"https:\\\/\\\/michelcremerfoundation.eu\\\/index.php\\\/legs-en-duo\\\/#breadcrumb\"},\"inLanguage\":\"fr-FR\",\"potentialAction\":[{\"@type\":\"ReadAction\",\"target\":[\"https:\\\/\\\/michelcremerfoundation.eu\\\/index.php\\\/legs-en-duo\\\/\"]}]},{\"@type\":\"BreadcrumbList\",\"@id\":\"https:\\\/\\\/michelcremerfoundation.eu\\\/index.php\\\/legs-en-duo\\\/#breadcrumb\",\"itemListElement\":[{\"@type\":\"ListItem\",\"position\":1,\"name\":\"Accueil\",\"item\":\"https:\\\/\\\/michelcremerfoundation.eu\\\/\"},{\"@type\":\"ListItem\",\"position\":2,\"name\":\"Legs en duo\"}]},{\"@type\":\"WebSite\",\"@id\":\"https:\\\/\\\/michelcremerfoundation.eu\\\/#website\",\"url\":\"https:\\\/\\\/michelcremerfoundation.eu\\\/\",\"name\":\"Fondation Michel Cremer\",\"description\":\"Ensemble, vers la m\u00e9decine du futur\",\"publisher\":{\"@id\":\"https:\\\/\\\/michelcremerfoundation.eu\\\/#organization\"},\"potentialAction\":[{\"@type\":\"SearchAction\",\"target\":{\"@type\":\"EntryPoint\",\"urlTemplate\":\"https:\\\/\\\/michelcremerfoundation.eu\\\/?s={search_term_string}\"},\"query-input\":{\"@type\":\"PropertyValueSpecification\",\"valueRequired\":true,\"valueName\":\"search_term_string\"}}],\"inLanguage\":\"fr-FR\"},{\"@type\":\"Organization\",\"@id\":\"https:\\\/\\\/michelcremerfoundation.eu\\\/#organization\",\"name\":\"Fondation Michel Cremer\",\"url\":\"https:\\\/\\\/michelcremerfoundation.eu\\\/\",\"logo\":{\"@type\":\"ImageObject\",\"inLanguage\":\"fr-FR\",\"@id\":\"https:\\\/\\\/michelcremerfoundation.eu\\\/#\\\/schema\\\/logo\\\/image\\\/\",\"url\":\"https:\\\/\\\/michelcremerfoundation.eu\\\/wp-content\\\/uploads\\\/2018\\\/03\\\/Logo-FMC-e1520765525490.jpg\",\"contentUrl\":\"https:\\\/\\\/michelcremerfoundation.eu\\\/wp-content\\\/uploads\\\/2018\\\/03\\\/Logo-FMC-e1520765525490.jpg\",\"width\":100,\"height\":66,\"caption\":\"Fondation Michel Cremer\"},\"image\":{\"@id\":\"https:\\\/\\\/michelcremerfoundation.eu\\\/#\\\/schema\\\/logo\\\/image\\\/\"},\"sameAs\":[\"https:\\\/\\\/www.facebook.com\\\/fondationmichelcremer\",\"https:\\\/\\\/www.linkedin.com\\\/company\\\/18897844\"]}]}<\/script>\n<!-- \/ Yoast SEO plugin. -->","yoast_head_json":{"title":"Legs en duo - Fondation Michel Cremer","robots":{"index":"index","follow":"follow","max-snippet":"max-snippet:-1","max-image-preview":"max-image-preview:large","max-video-preview":"max-video-preview:-1"},"canonical":"https:\/\/michelcremerfoundation.eu\/index.php\/legs-en-duo\/","og_locale":"fr_FR","og_type":"article","og_title":"Legs en duo - Fondation Michel Cremer","og_description":"D\u00c9COUVREZ LES AVANTAGES DU LEGS EN DUO Vos h\u00e9ritiers paient des droits de succession au fisc sur ce que vous leur l\u00e9guez par le biais d\u2019un legs dans votre testament. Mais vous pouvez faire en sorte qu\u2019ils paient moins de droits de succession en faisant de votre legs un legs en duo : une technique par laquelle vous donnez une part de vos biens \u00e0 vos h\u00e9ritiers et une autre \u00e0 une organisation philantropique comme la Fondation Michel Cremer. Dans ce cas, c\u2019est la Fondation Michel Cremer qui paie les droits de succession et non votre h\u00e9ritier qui b\u00e9n\u00e9ficie, quant \u00e0 lui, d\u2019un avantage fiscal. Le legs en duo peut \u00eatre tr\u00e8s int\u00e9ressant d\u2019un point de vue fiscal si vous souhaitez l\u00e9guer quelque chose \u00e0 quelqu\u2019un qui devra payer des droits de succession \u00e9lev\u00e9s. Ce sont les parents lointains ou les h\u00e9ritiers sans lien de parent\u00e9 avec le d\u00e9funt qui paient le plus, plus que les h\u00e9ritiers directs comme des conjoint(e)s ou des enfants. La valeur des biens joue \u00e9galement un r\u00f4le : plus l\u2019h\u00e9ritage est \u00e9lev\u00e9, plus le tarif des droits de succession sera haut. Si vous reprenez un(e) neveu ou une ni\u00e8ce, ou un(e) ami(e) dans votre testament, ils devront donc c\u00e9der une part consid\u00e9rable de l\u2019h\u00e9ritage au fisc. Sauf si vous laissez une part de vos biens [&hellip;]","og_url":"https:\/\/michelcremerfoundation.eu\/index.php\/legs-en-duo\/","og_site_name":"Fondation Michel Cremer","article_publisher":"https:\/\/www.facebook.com\/fondationmichelcremer","article_modified_time":"2019-03-01T11:06:30+00:00","og_image":[{"width":1662,"height":1598,"url":"https:\/\/michelcremerfoundation.eu\/wp-content\/uploads\/2018\/06\/FMC-LOGO-NEW-TXT-NOIR.png","type":"image\/png"}],"twitter_card":"summary_large_image","twitter_misc":{"Dur\u00e9e de lecture estim\u00e9e":"2 minutes"},"schema":{"@context":"https:\/\/schema.org","@graph":[{"@type":"WebPage","@id":"https:\/\/michelcremerfoundation.eu\/index.php\/legs-en-duo\/","url":"https:\/\/michelcremerfoundation.eu\/index.php\/legs-en-duo\/","name":"Legs en duo - Fondation Michel Cremer","isPartOf":{"@id":"https:\/\/michelcremerfoundation.eu\/#website"},"datePublished":"2018-10-05T15:21:18+00:00","dateModified":"2019-03-01T11:06:30+00:00","breadcrumb":{"@id":"https:\/\/michelcremerfoundation.eu\/index.php\/legs-en-duo\/#breadcrumb"},"inLanguage":"fr-FR","potentialAction":[{"@type":"ReadAction","target":["https:\/\/michelcremerfoundation.eu\/index.php\/legs-en-duo\/"]}]},{"@type":"BreadcrumbList","@id":"https:\/\/michelcremerfoundation.eu\/index.php\/legs-en-duo\/#breadcrumb","itemListElement":[{"@type":"ListItem","position":1,"name":"Accueil","item":"https:\/\/michelcremerfoundation.eu\/"},{"@type":"ListItem","position":2,"name":"Legs en duo"}]},{"@type":"WebSite","@id":"https:\/\/michelcremerfoundation.eu\/#website","url":"https:\/\/michelcremerfoundation.eu\/","name":"Fondation Michel Cremer","description":"Ensemble, vers la m\u00e9decine du futur","publisher":{"@id":"https:\/\/michelcremerfoundation.eu\/#organization"},"potentialAction":[{"@type":"SearchAction","target":{"@type":"EntryPoint","urlTemplate":"https:\/\/michelcremerfoundation.eu\/?s={search_term_string}"},"query-input":{"@type":"PropertyValueSpecification","valueRequired":true,"valueName":"search_term_string"}}],"inLanguage":"fr-FR"},{"@type":"Organization","@id":"https:\/\/michelcremerfoundation.eu\/#organization","name":"Fondation Michel Cremer","url":"https:\/\/michelcremerfoundation.eu\/","logo":{"@type":"ImageObject","inLanguage":"fr-FR","@id":"https:\/\/michelcremerfoundation.eu\/#\/schema\/logo\/image\/","url":"https:\/\/michelcremerfoundation.eu\/wp-content\/uploads\/2018\/03\/Logo-FMC-e1520765525490.jpg","contentUrl":"https:\/\/michelcremerfoundation.eu\/wp-content\/uploads\/2018\/03\/Logo-FMC-e1520765525490.jpg","width":100,"height":66,"caption":"Fondation Michel Cremer"},"image":{"@id":"https:\/\/michelcremerfoundation.eu\/#\/schema\/logo\/image\/"},"sameAs":["https:\/\/www.facebook.com\/fondationmichelcremer","https:\/\/www.linkedin.com\/company\/18897844"]}]}},"campaignId":"","jetpack_shortlink":"https:\/\/wp.me\/PapkNB-k8","jetpack_sharing_enabled":true,"_links":{"self":[{"href":"https:\/\/michelcremerfoundation.eu\/index.php\/wp-json\/wp\/v2\/pages\/1248","targetHints":{"allow":["GET"]}}],"collection":[{"href":"https:\/\/michelcremerfoundation.eu\/index.php\/wp-json\/wp\/v2\/pages"}],"about":[{"href":"https:\/\/michelcremerfoundation.eu\/index.php\/wp-json\/wp\/v2\/types\/page"}],"author":[{"embeddable":true,"href":"https:\/\/michelcremerfoundation.eu\/index.php\/wp-json\/wp\/v2\/users\/5"}],"replies":[{"embeddable":true,"href":"https:\/\/michelcremerfoundation.eu\/index.php\/wp-json\/wp\/v2\/comments?post=1248"}],"version-history":[{"count":3,"href":"https:\/\/michelcremerfoundation.eu\/index.php\/wp-json\/wp\/v2\/pages\/1248\/revisions"}],"predecessor-version":[{"id":1286,"href":"https:\/\/michelcremerfoundation.eu\/index.php\/wp-json\/wp\/v2\/pages\/1248\/revisions\/1286"}],"wp:attachment":[{"href":"https:\/\/michelcremerfoundation.eu\/index.php\/wp-json\/wp\/v2\/media?parent=1248"}],"curies":[{"name":"wp","href":"https:\/\/api.w.org\/{rel}","templated":true}]}}