{"id":116,"date":"2018-01-11T21:48:56","date_gmt":"2018-01-11T20:48:56","guid":{"rendered":"http:\/\/michelcremerfoundation.eu\/?page_id=116"},"modified":"2018-05-17T18:01:56","modified_gmt":"2018-05-17T16:01:56","slug":"contribuez-a-la-medecine-du-futur-et-faites-un-don","status":"publish","type":"page","link":"https:\/\/michelcremerfoundation.eu\/index.php\/contribuez-a-la-medecine-du-futur-et-faites-un-don\/","title":{"rendered":"Contribuez \u00e0 la m\u00e9decine du futur et faites un don"},"content":{"rendered":"<div class=\"fusion-fullwidth fullwidth-box fusion-builder-row-1 nonhundred-percent-fullwidth non-hundred-percent-height-scrolling\" style=\"background-color: rgba(255,255,255,0);background-position: center center;background-repeat: no-repeat;padding-top:0px;padding-right:0px;padding-bottom:0px;padding-left:0px;margin-bottom: 0px;margin-top: 0px;border-width: 0px 0px 0px 0px;border-color:#eae9e9;border-style:solid;\" ><div class=\"fusion-builder-row fusion-row\"><div class=\"fusion-layout-column fusion_builder_column fusion-builder-column-0 fusion_builder_column_1_1 1_1 fusion-one-full fusion-column-first fusion-column-last\" style=\"margin-top:0px;margin-bottom:20px;\"><div class=\"fusion-column-wrapper fusion-flex-column-wrapper-legacy\" style=\"background-position:left top;background-repeat:no-repeat;-webkit-background-size:cover;-moz-background-size:cover;-o-background-size:cover;background-size:cover;padding: 0px 0px 0px 0px;\"><style type=\"text\/css\"><\/style><div class=\"fusion-title title fusion-title-1 fusion-title-text fusion-title-size-one\" style=\"margin-top:0px;margin-right:0px;margin-bottom:31px;margin-left:0px;\"><h1 class=\"title-heading-left fusion-responsive-typography-calculated\" style=\"margin:0;--fontSize:42;line-height:1.4;\">Souhaitez-vous contribuer au mieux-\u00eatre des patients\u00a0 et sauver des vies ?\u00a0Soutenir le d\u00e9veloppement de nouveaux dispositifs m\u00e9dicaux ?<\/h1><span class=\"awb-title-spacer\"><\/span><div class=\"title-sep-container\"><div class=\"title-sep sep-double sep-solid\" style=\"border-color:#e0dede;\"><\/div><\/div><\/div><div class=\"fusion-clearfix\"><\/div><\/div><\/div><div class=\"fusion-layout-column fusion_builder_column fusion-builder-column-1 fusion_builder_column_3_4 3_4 fusion-three-fourth fusion-column-first\" style=\"width:74%; margin-right: 4%;margin-top:0px;margin-bottom:0px;\"><div class=\"fusion-column-wrapper fusion-flex-column-wrapper-legacy\" style=\"background-position:left top;background-repeat:no-repeat;-webkit-background-size:cover;-moz-background-size:cover;-o-background-size:cover;background-size:cover;padding: 0px 0px 0px 0px;\"><div class=\"fusion-text fusion-text-1\"><p>Vous souhaitez contribuer \u00e0 une m\u00e9decine moins invasive<\/p>\n<ul>\n<li>qui occasionne moins de traumas op\u00e9ratoires et post-op\u00e9ratoires<\/li>\n<li>qui permet des dur\u00e9es d&rsquo;hospitalisation beaucoup plus courtes<\/li>\n<li>qui \u00ab\u00a0p\u00e8se\u00a0\u00bb moins sur la collectivit\u00e9 et la s\u00e9curit\u00e9 sociale?<\/li>\n<\/ul>\n<p>Alors aidez-nous \u00e0 d\u00e9velopper des dispositifs qui vont aider \u00e0 sauver des vies et qui vont contribuer \u00e0 un mieux \u00eatre des patients.<\/p>\n<p style=\"text-align: justify;\">Plusieurs possibilit\u00e9s de financement se pr\u00e9sentent \u00e0 vous\u00a0: <strong>vos dons peuvent servir<\/strong> <strong>soit \u00e0<\/strong><\/p>\n<ul style=\"text-align: justify;\">\n<li><strong>attribuer \u00e0 de jeunes m\u00e9decins et ing\u00e9nieurs des bourses de recherche<\/strong> pour de nouveaux projets pilote<\/li>\n<li>octroyer des <em>grants <\/em>pour <strong>acqu\u00e9rir des \u00e9quipements<\/strong> destin\u00e9s \u00e0 la recherche<\/li>\n<li><strong>contribuer \u00e0 l\u2019identit\u00e9 de la Fondation<\/strong> au travers d\u2019un centre enti\u00e8rement d\u00e9di\u00e9 \u00e0 la recherche multidisciplinaire.<\/li>\n<\/ul>\n<p style=\"text-align: justify;\">La Fondation b\u00e9n\u00e9ficie de la <strong>d\u00e9ductibilit\u00e9 fiscale\u00a0<\/strong>: tout don est d\u00e9ductible d\u00e8s 40 \u20ac \u00e0 verser au compte de la Fondation<\/p>\n<p style=\"text-align: justify;\">BNP &#8211; IBAN\u00a0: BE 95 0016 1705 4058<\/p>\n<p style=\"text-align: justify;\">BNP &#8211; BIC\u00a0: GEBABEBB<\/p>\n<p>Nous vous remercions de bien vouloir prendre contact avec nous pour les modalit\u00e9s pratiques:\u00a0 info@fondationmichelcremer.be<\/p>\n<\/div><div class=\"fusion-clearfix\"><\/div><\/div><\/div><div class=\"fusion-layout-column fusion_builder_column fusion-builder-column-2 fusion_builder_column_1_4 1_4 fusion-one-fourth fusion-column-last\" style=\"width:22%;margin-top:0px;margin-bottom:20px;\"><div class=\"fusion-column-wrapper fusion-flex-column-wrapper-legacy\" style=\"background-position:left top;background-repeat:no-repeat;-webkit-background-size:cover;-moz-background-size:cover;-o-background-size:cover;background-size:cover;padding: 0px 0px 0px 0px;\"><span class=\" fusion-imageframe imageframe-none imageframe-1 hover-type-none\"><img fetchpriority=\"high\" fetchpriority=\"high\" decoding=\"async\" width=\"200\" height=\"300\" title=\"DSC_2704\" src=\"http:\/\/michelcremerfoundation.eu\/wp-content\/uploads\/2018\/01\/DSC_2704-200x300.jpg\" class=\"img-responsive wp-image-52\" srcset=\"https:\/\/michelcremerfoundation.eu\/wp-content\/uploads\/2018\/01\/DSC_2704-200x300.jpg 200w, https:\/\/michelcremerfoundation.eu\/wp-content\/uploads\/2018\/01\/DSC_2704.jpg 466w\" sizes=\"(max-width: 800px) 100vw, 200px\" \/><\/span><div class=\"fusion-clearfix\"><\/div><\/div><\/div><\/div><\/div>\n","protected":false},"excerpt":{"rendered":"","protected":false},"author":1,"featured_media":0,"parent":0,"menu_order":0,"comment_status":"closed","ping_status":"closed","template":"","meta":{"give_campaign_id":0,"footnotes":""},"class_list":["post-116","page","type-page","status-publish","hentry"],"yoast_head":"<!-- This site is optimized with the Yoast SEO plugin v27.4 - https:\/\/yoast.com\/product\/yoast-seo-wordpress\/ -->\n<title>Contribuez \u00e0 la m\u00e9decine du futur et faites un don - Fondation Michel Cremer<\/title>\n<meta name=\"robots\" content=\"index, follow, max-snippet:-1, max-image-preview:large, max-video-preview:-1\" \/>\n<link rel=\"canonical\" href=\"https:\/\/michelcremerfoundation.eu\/index.php\/contribuez-a-la-medecine-du-futur-et-faites-un-don\/\" \/>\n<meta property=\"og:locale\" content=\"fr_FR\" \/>\n<meta property=\"og:type\" content=\"article\" \/>\n<meta property=\"og:title\" content=\"Contribuez \u00e0 la m\u00e9decine du futur et faites un don - Fondation Michel Cremer\" \/>\n<meta property=\"og:url\" content=\"https:\/\/michelcremerfoundation.eu\/index.php\/contribuez-a-la-medecine-du-futur-et-faites-un-don\/\" \/>\n<meta property=\"og:site_name\" content=\"Fondation Michel Cremer\" \/>\n<meta property=\"article:publisher\" content=\"https:\/\/www.facebook.com\/fondationmichelcremer\" \/>\n<meta property=\"article:modified_time\" content=\"2018-05-17T16:01:56+00:00\" \/>\n<meta property=\"og:image\" content=\"https:\/\/michelcremerfoundation.eu\/wp-content\/uploads\/2018\/06\/FMC-LOGO-NEW-TXT-NOIR.png\" \/>\n\t<meta property=\"og:image:width\" content=\"1662\" \/>\n\t<meta property=\"og:image:height\" content=\"1598\" \/>\n\t<meta property=\"og:image:type\" content=\"image\/png\" \/>\n<meta name=\"twitter:card\" content=\"summary_large_image\" \/>\n<meta name=\"twitter:label1\" content=\"Dur\u00e9e de lecture estim\u00e9e\" \/>\n\t<meta name=\"twitter:data1\" content=\"3 minutes\" \/>\n<script type=\"application\/ld+json\" class=\"yoast-schema-graph\">{\"@context\":\"https:\\\/\\\/schema.org\",\"@graph\":[{\"@type\":\"WebPage\",\"@id\":\"https:\\\/\\\/michelcremerfoundation.eu\\\/index.php\\\/contribuez-a-la-medecine-du-futur-et-faites-un-don\\\/\",\"url\":\"https:\\\/\\\/michelcremerfoundation.eu\\\/index.php\\\/contribuez-a-la-medecine-du-futur-et-faites-un-don\\\/\",\"name\":\"Contribuez \u00e0 la m\u00e9decine du futur et faites un don - Fondation Michel Cremer\",\"isPartOf\":{\"@id\":\"https:\\\/\\\/michelcremerfoundation.eu\\\/#website\"},\"datePublished\":\"2018-01-11T20:48:56+00:00\",\"dateModified\":\"2018-05-17T16:01:56+00:00\",\"breadcrumb\":{\"@id\":\"https:\\\/\\\/michelcremerfoundation.eu\\\/index.php\\\/contribuez-a-la-medecine-du-futur-et-faites-un-don\\\/#breadcrumb\"},\"inLanguage\":\"fr-FR\",\"potentialAction\":[{\"@type\":\"ReadAction\",\"target\":[\"https:\\\/\\\/michelcremerfoundation.eu\\\/index.php\\\/contribuez-a-la-medecine-du-futur-et-faites-un-don\\\/\"]}]},{\"@type\":\"BreadcrumbList\",\"@id\":\"https:\\\/\\\/michelcremerfoundation.eu\\\/index.php\\\/contribuez-a-la-medecine-du-futur-et-faites-un-don\\\/#breadcrumb\",\"itemListElement\":[{\"@type\":\"ListItem\",\"position\":1,\"name\":\"Accueil\",\"item\":\"https:\\\/\\\/michelcremerfoundation.eu\\\/\"},{\"@type\":\"ListItem\",\"position\":2,\"name\":\"Contribuez \u00e0 la m\u00e9decine du futur et faites un don\"}]},{\"@type\":\"WebSite\",\"@id\":\"https:\\\/\\\/michelcremerfoundation.eu\\\/#website\",\"url\":\"https:\\\/\\\/michelcremerfoundation.eu\\\/\",\"name\":\"Fondation Michel Cremer\",\"description\":\"Ensemble, vers la m\u00e9decine du futur\",\"publisher\":{\"@id\":\"https:\\\/\\\/michelcremerfoundation.eu\\\/#organization\"},\"potentialAction\":[{\"@type\":\"SearchAction\",\"target\":{\"@type\":\"EntryPoint\",\"urlTemplate\":\"https:\\\/\\\/michelcremerfoundation.eu\\\/?s={search_term_string}\"},\"query-input\":{\"@type\":\"PropertyValueSpecification\",\"valueRequired\":true,\"valueName\":\"search_term_string\"}}],\"inLanguage\":\"fr-FR\"},{\"@type\":\"Organization\",\"@id\":\"https:\\\/\\\/michelcremerfoundation.eu\\\/#organization\",\"name\":\"Fondation Michel Cremer\",\"url\":\"https:\\\/\\\/michelcremerfoundation.eu\\\/\",\"logo\":{\"@type\":\"ImageObject\",\"inLanguage\":\"fr-FR\",\"@id\":\"https:\\\/\\\/michelcremerfoundation.eu\\\/#\\\/schema\\\/logo\\\/image\\\/\",\"url\":\"https:\\\/\\\/michelcremerfoundation.eu\\\/wp-content\\\/uploads\\\/2018\\\/03\\\/Logo-FMC-e1520765525490.jpg\",\"contentUrl\":\"https:\\\/\\\/michelcremerfoundation.eu\\\/wp-content\\\/uploads\\\/2018\\\/03\\\/Logo-FMC-e1520765525490.jpg\",\"width\":100,\"height\":66,\"caption\":\"Fondation Michel Cremer\"},\"image\":{\"@id\":\"https:\\\/\\\/michelcremerfoundation.eu\\\/#\\\/schema\\\/logo\\\/image\\\/\"},\"sameAs\":[\"https:\\\/\\\/www.facebook.com\\\/fondationmichelcremer\",\"https:\\\/\\\/www.linkedin.com\\\/company\\\/18897844\"]}]}<\/script>\n<!-- \/ Yoast SEO plugin. -->","yoast_head_json":{"title":"Contribuez \u00e0 la m\u00e9decine du futur et faites un don - Fondation Michel Cremer","robots":{"index":"index","follow":"follow","max-snippet":"max-snippet:-1","max-image-preview":"max-image-preview:large","max-video-preview":"max-video-preview:-1"},"canonical":"https:\/\/michelcremerfoundation.eu\/index.php\/contribuez-a-la-medecine-du-futur-et-faites-un-don\/","og_locale":"fr_FR","og_type":"article","og_title":"Contribuez \u00e0 la m\u00e9decine du futur et faites un don - Fondation Michel Cremer","og_url":"https:\/\/michelcremerfoundation.eu\/index.php\/contribuez-a-la-medecine-du-futur-et-faites-un-don\/","og_site_name":"Fondation Michel Cremer","article_publisher":"https:\/\/www.facebook.com\/fondationmichelcremer","article_modified_time":"2018-05-17T16:01:56+00:00","og_image":[{"width":1662,"height":1598,"url":"https:\/\/michelcremerfoundation.eu\/wp-content\/uploads\/2018\/06\/FMC-LOGO-NEW-TXT-NOIR.png","type":"image\/png"}],"twitter_card":"summary_large_image","twitter_misc":{"Dur\u00e9e de lecture estim\u00e9e":"3 minutes"},"schema":{"@context":"https:\/\/schema.org","@graph":[{"@type":"WebPage","@id":"https:\/\/michelcremerfoundation.eu\/index.php\/contribuez-a-la-medecine-du-futur-et-faites-un-don\/","url":"https:\/\/michelcremerfoundation.eu\/index.php\/contribuez-a-la-medecine-du-futur-et-faites-un-don\/","name":"Contribuez \u00e0 la m\u00e9decine du futur et faites un don - Fondation Michel Cremer","isPartOf":{"@id":"https:\/\/michelcremerfoundation.eu\/#website"},"datePublished":"2018-01-11T20:48:56+00:00","dateModified":"2018-05-17T16:01:56+00:00","breadcrumb":{"@id":"https:\/\/michelcremerfoundation.eu\/index.php\/contribuez-a-la-medecine-du-futur-et-faites-un-don\/#breadcrumb"},"inLanguage":"fr-FR","potentialAction":[{"@type":"ReadAction","target":["https:\/\/michelcremerfoundation.eu\/index.php\/contribuez-a-la-medecine-du-futur-et-faites-un-don\/"]}]},{"@type":"BreadcrumbList","@id":"https:\/\/michelcremerfoundation.eu\/index.php\/contribuez-a-la-medecine-du-futur-et-faites-un-don\/#breadcrumb","itemListElement":[{"@type":"ListItem","position":1,"name":"Accueil","item":"https:\/\/michelcremerfoundation.eu\/"},{"@type":"ListItem","position":2,"name":"Contribuez \u00e0 la m\u00e9decine du futur et faites un don"}]},{"@type":"WebSite","@id":"https:\/\/michelcremerfoundation.eu\/#website","url":"https:\/\/michelcremerfoundation.eu\/","name":"Fondation Michel Cremer","description":"Ensemble, vers la m\u00e9decine du futur","publisher":{"@id":"https:\/\/michelcremerfoundation.eu\/#organization"},"potentialAction":[{"@type":"SearchAction","target":{"@type":"EntryPoint","urlTemplate":"https:\/\/michelcremerfoundation.eu\/?s={search_term_string}"},"query-input":{"@type":"PropertyValueSpecification","valueRequired":true,"valueName":"search_term_string"}}],"inLanguage":"fr-FR"},{"@type":"Organization","@id":"https:\/\/michelcremerfoundation.eu\/#organization","name":"Fondation Michel Cremer","url":"https:\/\/michelcremerfoundation.eu\/","logo":{"@type":"ImageObject","inLanguage":"fr-FR","@id":"https:\/\/michelcremerfoundation.eu\/#\/schema\/logo\/image\/","url":"https:\/\/michelcremerfoundation.eu\/wp-content\/uploads\/2018\/03\/Logo-FMC-e1520765525490.jpg","contentUrl":"https:\/\/michelcremerfoundation.eu\/wp-content\/uploads\/2018\/03\/Logo-FMC-e1520765525490.jpg","width":100,"height":66,"caption":"Fondation Michel Cremer"},"image":{"@id":"https:\/\/michelcremerfoundation.eu\/#\/schema\/logo\/image\/"},"sameAs":["https:\/\/www.facebook.com\/fondationmichelcremer","https:\/\/www.linkedin.com\/company\/18897844"]}]}},"campaignId":"","jetpack_shortlink":"https:\/\/wp.me\/PapkNB-1S","jetpack_sharing_enabled":true,"_links":{"self":[{"href":"https:\/\/michelcremerfoundation.eu\/index.php\/wp-json\/wp\/v2\/pages\/116","targetHints":{"allow":["GET"]}}],"collection":[{"href":"https:\/\/michelcremerfoundation.eu\/index.php\/wp-json\/wp\/v2\/pages"}],"about":[{"href":"https:\/\/michelcremerfoundation.eu\/index.php\/wp-json\/wp\/v2\/types\/page"}],"author":[{"embeddable":true,"href":"https:\/\/michelcremerfoundation.eu\/index.php\/wp-json\/wp\/v2\/users\/1"}],"replies":[{"embeddable":true,"href":"https:\/\/michelcremerfoundation.eu\/index.php\/wp-json\/wp\/v2\/comments?post=116"}],"version-history":[{"count":11,"href":"https:\/\/michelcremerfoundation.eu\/index.php\/wp-json\/wp\/v2\/pages\/116\/revisions"}],"predecessor-version":[{"id":534,"href":"https:\/\/michelcremerfoundation.eu\/index.php\/wp-json\/wp\/v2\/pages\/116\/revisions\/534"}],"wp:attachment":[{"href":"https:\/\/michelcremerfoundation.eu\/index.php\/wp-json\/wp\/v2\/media?parent=116"}],"curies":[{"name":"wp","href":"https:\/\/api.w.org\/{rel}","templated":true}]}}