{"id":104,"date":"2018-01-11T20:15:12","date_gmt":"2018-01-11T19:15:12","guid":{"rendered":"http:\/\/michelcremerfoundation.eu\/?page_id=104"},"modified":"2018-04-16T10:58:14","modified_gmt":"2018-04-16T08:58:14","slug":"lendoscopie-une-revolution","status":"publish","type":"page","link":"https:\/\/michelcremerfoundation.eu\/index.php\/lendoscopie-une-revolution\/","title":{"rendered":"L&rsquo;endoscopie, une r\u00e9volution"},"content":{"rendered":"<p style=\"text-align: justify;\">Depuis 50 ans,<strong> l\u2019endoscopie <\/strong>flexible a repr\u00e9sent\u00e9\u00a0<span style=\"font-size: 1rem;\">une <\/span><strong style=\"font-size: 1rem;\">r\u00e9volution dans le diag<\/strong><strong style=\"font-size: 1rem;\">nostic et le\u00a0<\/strong><img fetchpriority=\"high\" decoding=\"async\" class=\" size-medium wp-image-27 alignright\" src=\"https:\/\/fondationmichelcremer.files.wordpress.com\/2018\/01\/dsc_2219.jpg?w=200\" alt=\"DSC_2219\" width=\"200\" height=\"300\" \/><strong style=\"font-size: 1rem;\">traitement\u00a0<\/strong><strong style=\"font-size: 1rem;\">des pathologies du tube diges<\/strong><strong style=\"font-size: 1rem;\">tif,\u00a0<\/strong><strong style=\"font-size: 1rem;\">des voies biliaires et du pancr\u00e9as\u00a0<\/strong><span style=\"font-size: 1rem;\">: l\u2019apparition de la vid\u00e9o-<\/span><span style=\"font-size: 1rem;\">endoscopie puis de l\u2019endoscopie haute d\u00e9finition et enfin de l\u2019\u00e9cho-endoscopie permet de visualiser de mani\u00e8re toujours plus fine la structure des parois, de d\u00e9finir les stades d\u2019infiltration tumorale et d\u2019examiner les organes adjacents. Ceci a naturellement conduit \u00e0 <\/span><strong style=\"font-size: 1rem;\">des progr\u00e8s consid\u00e9rables <\/strong>en termes de traitement et notamment<strong style=\"font-size: 1rem;\"> dans le contr\u00f4le des h\u00e9morragies digestives, le placement de proth\u00e8ses en cas de st\u00e9noses, l\u2019extraction de calculs biliaires<\/strong><span style=\"font-size: 1rem;\">, le traitement de complications chirurgicales ou de collections abdominales.<\/span><\/p>\n<p style=\"text-align: justify;\">Plus r\u00e9cemment, ces capacit\u00e9s th\u00e9rapeutiques se sont \u00e9tendues <strong>\u00e0 la r\u00e9section de tumeurs superficielles, <\/strong>au traitement de<strong> l\u2019ob\u00e9sit\u00e9 ou de pathologies <\/strong>fonctionnelles<strong> du tube digestif.<\/strong> Il est m\u00eame apparu r\u00e9cemment que l\u2019endoscopie pourrait dans le futur jouer un r\u00f4le majeur dans le <strong>traitement du diab\u00e8te <\/strong>ou dans certaines<strong> pathologies du foie <\/strong>menant \u00e0 la cirrhose<strong>.<\/strong><\/p>\n","protected":false},"excerpt":{"rendered":"<p>Depuis 50 ans, l\u2019endoscopie flexible a repr\u00e9sent\u00e9\u00a0une r\u00e9volution dans le diagnostic et le\u00a0traitement\u00a0des pathologies du tube digestif,\u00a0des voies biliaires et du pancr\u00e9as\u00a0: l\u2019apparition de la vid\u00e9o-endoscopie puis de l\u2019endoscopie haute d\u00e9finition et enfin de l\u2019\u00e9cho-endoscopie permet de visualiser de mani\u00e8re toujours plus fine la structure des parois, de d\u00e9finir les stades d\u2019infiltration tumorale et d\u2019examiner les organes adjacents. Ceci a naturellement conduit \u00e0 des progr\u00e8s consid\u00e9rables en termes de traitement et notamment dans le contr\u00f4le des h\u00e9morragies digestives, le placement de proth\u00e8ses en cas de st\u00e9noses, l\u2019extraction de calculs biliaires, le traitement de complications chirurgicales ou de collections abdominales. Plus r\u00e9cemment, ces capacit\u00e9s th\u00e9rapeutiques se sont \u00e9tendues \u00e0 la r\u00e9section de tumeurs superficielles, au traitement de l\u2019ob\u00e9sit\u00e9 ou de pathologies fonctionnelles du tube digestif. Il est m\u00eame apparu r\u00e9cemment que l\u2019endoscopie pourrait dans le futur jouer un r\u00f4le majeur dans le traitement du diab\u00e8te ou dans certaines pathologies du foie menant \u00e0 la cirrhose.<\/p>\n","protected":false},"author":1,"featured_media":0,"parent":0,"menu_order":0,"comment_status":"closed","ping_status":"closed","template":"","meta":{"give_campaign_id":0,"footnotes":""},"class_list":["post-104","page","type-page","status-publish","hentry"],"yoast_head":"<!-- This site is optimized with the Yoast SEO plugin v27.5 - https:\/\/yoast.com\/product\/yoast-seo-wordpress\/ -->\n<title>L&#039;endoscopie, une r\u00e9volution - Fondation Michel Cremer<\/title>\n<meta name=\"robots\" content=\"index, follow, max-snippet:-1, max-image-preview:large, max-video-preview:-1\" \/>\n<link rel=\"canonical\" href=\"https:\/\/michelcremerfoundation.eu\/index.php\/lendoscopie-une-revolution\/\" \/>\n<meta property=\"og:locale\" content=\"fr_FR\" \/>\n<meta property=\"og:type\" content=\"article\" \/>\n<meta property=\"og:title\" content=\"L&#039;endoscopie, une r\u00e9volution - Fondation Michel Cremer\" \/>\n<meta property=\"og:description\" content=\"Depuis 50 ans, l\u2019endoscopie flexible a repr\u00e9sent\u00e9\u00a0une r\u00e9volution dans le diagnostic et le\u00a0traitement\u00a0des pathologies du tube digestif,\u00a0des voies biliaires et du pancr\u00e9as\u00a0: l\u2019apparition de la vid\u00e9o-endoscopie puis de l\u2019endoscopie haute d\u00e9finition et enfin de l\u2019\u00e9cho-endoscopie permet de visualiser de mani\u00e8re toujours plus fine la structure des parois, de d\u00e9finir les stades d\u2019infiltration tumorale et d\u2019examiner les organes adjacents. Ceci a naturellement conduit \u00e0 des progr\u00e8s consid\u00e9rables en termes de traitement et notamment dans le contr\u00f4le des h\u00e9morragies digestives, le placement de proth\u00e8ses en cas de st\u00e9noses, l\u2019extraction de calculs biliaires, le traitement de complications chirurgicales ou de collections abdominales. Plus r\u00e9cemment, ces capacit\u00e9s th\u00e9rapeutiques se sont \u00e9tendues \u00e0 la r\u00e9section de tumeurs superficielles, au traitement de l\u2019ob\u00e9sit\u00e9 ou de pathologies fonctionnelles du tube digestif. Il est m\u00eame apparu r\u00e9cemment que l\u2019endoscopie pourrait dans le futur jouer un r\u00f4le majeur dans le traitement du diab\u00e8te ou dans certaines pathologies du foie menant \u00e0 la cirrhose.\" \/>\n<meta property=\"og:url\" content=\"https:\/\/michelcremerfoundation.eu\/index.php\/lendoscopie-une-revolution\/\" \/>\n<meta property=\"og:site_name\" content=\"Fondation Michel Cremer\" \/>\n<meta property=\"article:publisher\" content=\"https:\/\/www.facebook.com\/fondationmichelcremer\" \/>\n<meta property=\"article:modified_time\" content=\"2018-04-16T08:58:14+00:00\" \/>\n<meta property=\"og:image\" content=\"https:\/\/fondationmichelcremer.files.wordpress.com\/2018\/01\/dsc_2219.jpg?w=200\" \/>\n<meta name=\"twitter:card\" content=\"summary_large_image\" \/>\n<meta name=\"twitter:label1\" content=\"Dur\u00e9e de lecture estim\u00e9e\" \/>\n\t<meta name=\"twitter:data1\" content=\"1 minute\" \/>\n<script type=\"application\/ld+json\" class=\"yoast-schema-graph\">{\"@context\":\"https:\\\/\\\/schema.org\",\"@graph\":[{\"@type\":\"WebPage\",\"@id\":\"https:\\\/\\\/michelcremerfoundation.eu\\\/index.php\\\/lendoscopie-une-revolution\\\/\",\"url\":\"https:\\\/\\\/michelcremerfoundation.eu\\\/index.php\\\/lendoscopie-une-revolution\\\/\",\"name\":\"L'endoscopie, une r\u00e9volution - Fondation Michel Cremer\",\"isPartOf\":{\"@id\":\"https:\\\/\\\/michelcremerfoundation.eu\\\/#website\"},\"primaryImageOfPage\":{\"@id\":\"https:\\\/\\\/michelcremerfoundation.eu\\\/index.php\\\/lendoscopie-une-revolution\\\/#primaryimage\"},\"image\":{\"@id\":\"https:\\\/\\\/michelcremerfoundation.eu\\\/index.php\\\/lendoscopie-une-revolution\\\/#primaryimage\"},\"thumbnailUrl\":\"https:\\\/\\\/fondationmichelcremer.files.wordpress.com\\\/2018\\\/01\\\/dsc_2219.jpg?w=200\",\"datePublished\":\"2018-01-11T19:15:12+00:00\",\"dateModified\":\"2018-04-16T08:58:14+00:00\",\"breadcrumb\":{\"@id\":\"https:\\\/\\\/michelcremerfoundation.eu\\\/index.php\\\/lendoscopie-une-revolution\\\/#breadcrumb\"},\"inLanguage\":\"fr-FR\",\"potentialAction\":[{\"@type\":\"ReadAction\",\"target\":[\"https:\\\/\\\/michelcremerfoundation.eu\\\/index.php\\\/lendoscopie-une-revolution\\\/\"]}]},{\"@type\":\"ImageObject\",\"inLanguage\":\"fr-FR\",\"@id\":\"https:\\\/\\\/michelcremerfoundation.eu\\\/index.php\\\/lendoscopie-une-revolution\\\/#primaryimage\",\"url\":\"https:\\\/\\\/fondationmichelcremer.files.wordpress.com\\\/2018\\\/01\\\/dsc_2219.jpg?w=200\",\"contentUrl\":\"https:\\\/\\\/fondationmichelcremer.files.wordpress.com\\\/2018\\\/01\\\/dsc_2219.jpg?w=200\"},{\"@type\":\"BreadcrumbList\",\"@id\":\"https:\\\/\\\/michelcremerfoundation.eu\\\/index.php\\\/lendoscopie-une-revolution\\\/#breadcrumb\",\"itemListElement\":[{\"@type\":\"ListItem\",\"position\":1,\"name\":\"Accueil\",\"item\":\"https:\\\/\\\/michelcremerfoundation.eu\\\/\"},{\"@type\":\"ListItem\",\"position\":2,\"name\":\"L&#8217;endoscopie, une r\u00e9volution\"}]},{\"@type\":\"WebSite\",\"@id\":\"https:\\\/\\\/michelcremerfoundation.eu\\\/#website\",\"url\":\"https:\\\/\\\/michelcremerfoundation.eu\\\/\",\"name\":\"Fondation Michel Cremer\",\"description\":\"Ensemble, vers la m\u00e9decine du futur\",\"publisher\":{\"@id\":\"https:\\\/\\\/michelcremerfoundation.eu\\\/#organization\"},\"potentialAction\":[{\"@type\":\"SearchAction\",\"target\":{\"@type\":\"EntryPoint\",\"urlTemplate\":\"https:\\\/\\\/michelcremerfoundation.eu\\\/?s={search_term_string}\"},\"query-input\":{\"@type\":\"PropertyValueSpecification\",\"valueRequired\":true,\"valueName\":\"search_term_string\"}}],\"inLanguage\":\"fr-FR\"},{\"@type\":\"Organization\",\"@id\":\"https:\\\/\\\/michelcremerfoundation.eu\\\/#organization\",\"name\":\"Fondation Michel Cremer\",\"url\":\"https:\\\/\\\/michelcremerfoundation.eu\\\/\",\"logo\":{\"@type\":\"ImageObject\",\"inLanguage\":\"fr-FR\",\"@id\":\"https:\\\/\\\/michelcremerfoundation.eu\\\/#\\\/schema\\\/logo\\\/image\\\/\",\"url\":\"https:\\\/\\\/michelcremerfoundation.eu\\\/wp-content\\\/uploads\\\/2018\\\/03\\\/Logo-FMC-e1520765525490.jpg\",\"contentUrl\":\"https:\\\/\\\/michelcremerfoundation.eu\\\/wp-content\\\/uploads\\\/2018\\\/03\\\/Logo-FMC-e1520765525490.jpg\",\"width\":100,\"height\":66,\"caption\":\"Fondation Michel Cremer\"},\"image\":{\"@id\":\"https:\\\/\\\/michelcremerfoundation.eu\\\/#\\\/schema\\\/logo\\\/image\\\/\"},\"sameAs\":[\"https:\\\/\\\/www.facebook.com\\\/fondationmichelcremer\",\"https:\\\/\\\/www.linkedin.com\\\/company\\\/18897844\"]}]}<\/script>\n<!-- \/ Yoast SEO plugin. -->","yoast_head_json":{"title":"L'endoscopie, une r\u00e9volution - Fondation Michel Cremer","robots":{"index":"index","follow":"follow","max-snippet":"max-snippet:-1","max-image-preview":"max-image-preview:large","max-video-preview":"max-video-preview:-1"},"canonical":"https:\/\/michelcremerfoundation.eu\/index.php\/lendoscopie-une-revolution\/","og_locale":"fr_FR","og_type":"article","og_title":"L'endoscopie, une r\u00e9volution - Fondation Michel Cremer","og_description":"Depuis 50 ans, l\u2019endoscopie flexible a repr\u00e9sent\u00e9\u00a0une r\u00e9volution dans le diagnostic et le\u00a0traitement\u00a0des pathologies du tube digestif,\u00a0des voies biliaires et du pancr\u00e9as\u00a0: l\u2019apparition de la vid\u00e9o-endoscopie puis de l\u2019endoscopie haute d\u00e9finition et enfin de l\u2019\u00e9cho-endoscopie permet de visualiser de mani\u00e8re toujours plus fine la structure des parois, de d\u00e9finir les stades d\u2019infiltration tumorale et d\u2019examiner les organes adjacents. Ceci a naturellement conduit \u00e0 des progr\u00e8s consid\u00e9rables en termes de traitement et notamment dans le contr\u00f4le des h\u00e9morragies digestives, le placement de proth\u00e8ses en cas de st\u00e9noses, l\u2019extraction de calculs biliaires, le traitement de complications chirurgicales ou de collections abdominales. Plus r\u00e9cemment, ces capacit\u00e9s th\u00e9rapeutiques se sont \u00e9tendues \u00e0 la r\u00e9section de tumeurs superficielles, au traitement de l\u2019ob\u00e9sit\u00e9 ou de pathologies fonctionnelles du tube digestif. Il est m\u00eame apparu r\u00e9cemment que l\u2019endoscopie pourrait dans le futur jouer un r\u00f4le majeur dans le traitement du diab\u00e8te ou dans certaines pathologies du foie menant \u00e0 la cirrhose.","og_url":"https:\/\/michelcremerfoundation.eu\/index.php\/lendoscopie-une-revolution\/","og_site_name":"Fondation Michel Cremer","article_publisher":"https:\/\/www.facebook.com\/fondationmichelcremer","article_modified_time":"2018-04-16T08:58:14+00:00","og_image":[{"url":"https:\/\/fondationmichelcremer.files.wordpress.com\/2018\/01\/dsc_2219.jpg?w=200","type":"","width":"","height":""}],"twitter_card":"summary_large_image","twitter_misc":{"Dur\u00e9e de lecture estim\u00e9e":"1 minute"},"schema":{"@context":"https:\/\/schema.org","@graph":[{"@type":"WebPage","@id":"https:\/\/michelcremerfoundation.eu\/index.php\/lendoscopie-une-revolution\/","url":"https:\/\/michelcremerfoundation.eu\/index.php\/lendoscopie-une-revolution\/","name":"L'endoscopie, une r\u00e9volution - Fondation Michel Cremer","isPartOf":{"@id":"https:\/\/michelcremerfoundation.eu\/#website"},"primaryImageOfPage":{"@id":"https:\/\/michelcremerfoundation.eu\/index.php\/lendoscopie-une-revolution\/#primaryimage"},"image":{"@id":"https:\/\/michelcremerfoundation.eu\/index.php\/lendoscopie-une-revolution\/#primaryimage"},"thumbnailUrl":"https:\/\/fondationmichelcremer.files.wordpress.com\/2018\/01\/dsc_2219.jpg?w=200","datePublished":"2018-01-11T19:15:12+00:00","dateModified":"2018-04-16T08:58:14+00:00","breadcrumb":{"@id":"https:\/\/michelcremerfoundation.eu\/index.php\/lendoscopie-une-revolution\/#breadcrumb"},"inLanguage":"fr-FR","potentialAction":[{"@type":"ReadAction","target":["https:\/\/michelcremerfoundation.eu\/index.php\/lendoscopie-une-revolution\/"]}]},{"@type":"ImageObject","inLanguage":"fr-FR","@id":"https:\/\/michelcremerfoundation.eu\/index.php\/lendoscopie-une-revolution\/#primaryimage","url":"https:\/\/fondationmichelcremer.files.wordpress.com\/2018\/01\/dsc_2219.jpg?w=200","contentUrl":"https:\/\/fondationmichelcremer.files.wordpress.com\/2018\/01\/dsc_2219.jpg?w=200"},{"@type":"BreadcrumbList","@id":"https:\/\/michelcremerfoundation.eu\/index.php\/lendoscopie-une-revolution\/#breadcrumb","itemListElement":[{"@type":"ListItem","position":1,"name":"Accueil","item":"https:\/\/michelcremerfoundation.eu\/"},{"@type":"ListItem","position":2,"name":"L&#8217;endoscopie, une r\u00e9volution"}]},{"@type":"WebSite","@id":"https:\/\/michelcremerfoundation.eu\/#website","url":"https:\/\/michelcremerfoundation.eu\/","name":"Fondation Michel Cremer","description":"Ensemble, vers la m\u00e9decine du futur","publisher":{"@id":"https:\/\/michelcremerfoundation.eu\/#organization"},"potentialAction":[{"@type":"SearchAction","target":{"@type":"EntryPoint","urlTemplate":"https:\/\/michelcremerfoundation.eu\/?s={search_term_string}"},"query-input":{"@type":"PropertyValueSpecification","valueRequired":true,"valueName":"search_term_string"}}],"inLanguage":"fr-FR"},{"@type":"Organization","@id":"https:\/\/michelcremerfoundation.eu\/#organization","name":"Fondation Michel Cremer","url":"https:\/\/michelcremerfoundation.eu\/","logo":{"@type":"ImageObject","inLanguage":"fr-FR","@id":"https:\/\/michelcremerfoundation.eu\/#\/schema\/logo\/image\/","url":"https:\/\/michelcremerfoundation.eu\/wp-content\/uploads\/2018\/03\/Logo-FMC-e1520765525490.jpg","contentUrl":"https:\/\/michelcremerfoundation.eu\/wp-content\/uploads\/2018\/03\/Logo-FMC-e1520765525490.jpg","width":100,"height":66,"caption":"Fondation Michel Cremer"},"image":{"@id":"https:\/\/michelcremerfoundation.eu\/#\/schema\/logo\/image\/"},"sameAs":["https:\/\/www.facebook.com\/fondationmichelcremer","https:\/\/www.linkedin.com\/company\/18897844"]}]}},"campaignId":"","jetpack_shortlink":"https:\/\/wp.me\/PapkNB-1G","jetpack_sharing_enabled":true,"_links":{"self":[{"href":"https:\/\/michelcremerfoundation.eu\/index.php\/wp-json\/wp\/v2\/pages\/104","targetHints":{"allow":["GET"]}}],"collection":[{"href":"https:\/\/michelcremerfoundation.eu\/index.php\/wp-json\/wp\/v2\/pages"}],"about":[{"href":"https:\/\/michelcremerfoundation.eu\/index.php\/wp-json\/wp\/v2\/types\/page"}],"author":[{"embeddable":true,"href":"https:\/\/michelcremerfoundation.eu\/index.php\/wp-json\/wp\/v2\/users\/1"}],"replies":[{"embeddable":true,"href":"https:\/\/michelcremerfoundation.eu\/index.php\/wp-json\/wp\/v2\/comments?post=104"}],"version-history":[{"count":7,"href":"https:\/\/michelcremerfoundation.eu\/index.php\/wp-json\/wp\/v2\/pages\/104\/revisions"}],"predecessor-version":[{"id":260,"href":"https:\/\/michelcremerfoundation.eu\/index.php\/wp-json\/wp\/v2\/pages\/104\/revisions\/260"}],"wp:attachment":[{"href":"https:\/\/michelcremerfoundation.eu\/index.php\/wp-json\/wp\/v2\/media?parent=104"}],"curies":[{"name":"wp","href":"https:\/\/api.w.org\/{rel}","templated":true}]}}